{"id":668,"date":"2024-10-11T15:42:45","date_gmt":"2024-10-11T13:42:45","guid":{"rendered":"https:\/\/dev.vitalstoffversand.com\/?post_type=product&#038;p=668"},"modified":"2026-03-11T12:41:13","modified_gmt":"2026-03-11T11:41:13","slug":"natura-med-poudre-de-reishi-bio-kopie-2","status":"publish","type":"product","link":"https:\/\/dev.vitalstoffversand.com\/fr\/produit\/natura-med-poudre-de-reishi-bio-kopie-2\/","title":{"rendered":"Natura Med <br>Poudre de champignon Hericium bio &#8211; 100 g"},"content":{"rendered":"<p>L&#8217;Hericium erinaceus est \u00e9galement connu sous les noms de \u00ab barbe h\u00e9riss\u00e9e \u00bb, \u00ab t\u00eate de singe \u00bb, \u00ab crini\u00e8re de lion \u00bb ou \u00ab Lion&#8217;s Mane \u00bb, ou encore \u00ab pompon blanc \u00bb en France.<\/p>\n<p>Ce champignon est originaire d&#8217;Asie, o\u00f9 il est appr\u00e9ci\u00e9 et utilis\u00e9 traditionnellement depuis des si\u00e8cles.<\/p>\n<p>Par rapport \u00e0 de nombreux autres produits disponibles sur le march\u00e9, notre poudre de champignons est cultiv\u00e9e et trait\u00e9e selon les normes les plus strictes.<\/p>\n<ul>\n<li>100 % naturel &#8211; sans additifs<\/li>\n<li>V\u00e9gan<\/li>\n<li>Sans gluten<\/li>\n<li>Sans lactose<\/li>\n<li>Sans OGM<\/li>\n<li>Fabriqu\u00e9 selon les normes de qualit\u00e9 strictes de l&#8217;UE<\/li>\n<\/ul>\n","protected":false},"excerpt":{"rendered":"<p>La poudre de champignon Hericium bio est un champignon m\u00e9dicinal traditionnellement appr\u00e9ci\u00e9. Naturel, v\u00e9g\u00e9talien et transform\u00e9 avec soin pour une qualit\u00e9 optimale et une biodisponibilit\u00e9 \u00e9lev\u00e9e.<\/p>\n","protected":false},"featured_media":40304,"template":"","meta":{"_acf_changed":false},"product_brand":[10203],"product_cat":[373,306,365],"product_tag":[],"class_list":{"0":"post-668","1":"product","2":"type-product","3":"status-publish","4":"has-post-thumbnail","6":"product_brand-natura-med-fr","7":"product_cat-champignons-vitaux","8":"product_cat-bio-fr","9":"product_cat-produits-de-a-a-z","11":"first","12":"instock","13":"taxable","14":"shipping-taxable","15":"purchasable","16":"product-type-simple"},"acf":[],"_links":{"self":[{"href":"https:\/\/dev.vitalstoffversand.com\/fr\/wp-json\/wp\/v2\/product\/668","targetHints":{"allow":["GET"]}}],"collection":[{"href":"https:\/\/dev.vitalstoffversand.com\/fr\/wp-json\/wp\/v2\/product"}],"about":[{"href":"https:\/\/dev.vitalstoffversand.com\/fr\/wp-json\/wp\/v2\/types\/product"}],"wp:featuredmedia":[{"embeddable":true,"href":"https:\/\/dev.vitalstoffversand.com\/fr\/wp-json\/wp\/v2\/media\/40304"}],"wp:attachment":[{"href":"https:\/\/dev.vitalstoffversand.com\/fr\/wp-json\/wp\/v2\/media?parent=668"}],"wp:term":[{"taxonomy":"product_brand","embeddable":true,"href":"https:\/\/dev.vitalstoffversand.com\/fr\/wp-json\/wp\/v2\/product_brand?post=668"},{"taxonomy":"product_cat","embeddable":true,"href":"https:\/\/dev.vitalstoffversand.com\/fr\/wp-json\/wp\/v2\/product_cat?post=668"},{"taxonomy":"product_tag","embeddable":true,"href":"https:\/\/dev.vitalstoffversand.com\/fr\/wp-json\/wp\/v2\/product_tag?post=668"}],"curies":[{"name":"wp","href":"https:\/\/api.w.org\/{rel}","templated":true}]}}