{"id":66787,"date":"2026-01-09T14:28:03","date_gmt":"2026-01-09T13:28:03","guid":{"rendered":"https:\/\/vitalstoffversand.com\/produkt\/vit4ever-collavant-n2-complexe-de-collagene-de-type-2-60-gelules\/"},"modified":"2026-03-21T15:52:36","modified_gmt":"2026-03-21T14:52:36","slug":"vit4ever-collavant-n2-complexe-de-collagene-de-type-2-60-gelules","status":"publish","type":"product","link":"https:\/\/dev.vitalstoffversand.com\/fr\/produit\/vit4ever-collavant-n2-complexe-de-collagene-de-type-2-60-gelules\/","title":{"rendered":"Vit4ever <br>Collavant\u00ae\u202fn2 &#8211; Complexe de collag\u00e8ne de type 2 &#8211; 60 g\u00e9lules"},"content":{"rendered":"<p>Complexe de collag\u00e8ne de type II, compos\u00e9 de la mati\u00e8re premi\u00e8re brevet\u00e9e Collavant\u00ae n2 collag\u00e8ne, acide hyaluronique, extrait d&#8217;encens, <strong><a href=\"https:\/\/dev.vitalstoffversand.com\/knowledge-base\/vitamin-c\/\" target=\"_blank\" rel=\"noopener\"><span style=\"color: #0000ff;\">\u2192 vitamine C<\/span><\/a><\/strong> et <a href=\"https:\/\/dev.vitalstoffversand.com\/knowledge-base\/mangan\/\" target=\"_blank\" rel=\"noopener\"><strong><span style=\"color: #0000ff;\">\u2192 Mangan\u00e8se<\/span><\/strong><\/a><span style=\"color: #000000;\">.<\/span><\/p>\n<p>Cette formule offre une base nutritionnelle \u00e9quilibr\u00e9e pour favoriser la sant\u00e9 des articulations et des tissus conjonctifs.<\/p>\n<ul>\n<li>Sans gluten<\/li>\n<li>Sans lactose<\/li>\n<li>Sans OGM<\/li>\n<li>Fabriqu\u00e9 selon les normes de qualit\u00e9 strictes de l&#8217;UE<\/li>\n<\/ul>\n","protected":false},"excerpt":{"rendered":"<p>Complexe de collag\u00e8ne de type II, compos\u00e9 de la mati\u00e8re premi\u00e8re brevet\u00e9e Collavant\u00ae n2 collag\u00e8ne, acide hyaluronique, extrait d&#8217;encens, \u2192 vitamine C et \u2192 Mangan\u00e8se. Cette formule offre une base nutritionnelle \u00e9quilibr\u00e9e pour favoriser la sant\u00e9 des articulations et des tissus conjonctifs. Sans gluten Sans lactose Sans OGM Fabriqu\u00e9 selon les normes de qualit\u00e9 strictes [&hellip;]<\/p>\n","protected":false},"featured_media":66783,"template":"","meta":{"_acf_changed":false},"product_brand":[10217],"product_cat":[348,365],"product_tag":[],"class_list":{"0":"post-66787","1":"product","2":"type-product","3":"status-publish","4":"has-post-thumbnail","6":"product_brand-vit4ever-fr","7":"product_cat-nutriments","8":"product_cat-produits-de-a-a-z","10":"first","11":"instock","12":"taxable","13":"shipping-taxable","14":"purchasable","15":"product-type-simple"},"acf":[],"_links":{"self":[{"href":"https:\/\/dev.vitalstoffversand.com\/fr\/wp-json\/wp\/v2\/product\/66787","targetHints":{"allow":["GET"]}}],"collection":[{"href":"https:\/\/dev.vitalstoffversand.com\/fr\/wp-json\/wp\/v2\/product"}],"about":[{"href":"https:\/\/dev.vitalstoffversand.com\/fr\/wp-json\/wp\/v2\/types\/product"}],"wp:featuredmedia":[{"embeddable":true,"href":"https:\/\/dev.vitalstoffversand.com\/fr\/wp-json\/wp\/v2\/media\/66783"}],"wp:attachment":[{"href":"https:\/\/dev.vitalstoffversand.com\/fr\/wp-json\/wp\/v2\/media?parent=66787"}],"wp:term":[{"taxonomy":"product_brand","embeddable":true,"href":"https:\/\/dev.vitalstoffversand.com\/fr\/wp-json\/wp\/v2\/product_brand?post=66787"},{"taxonomy":"product_cat","embeddable":true,"href":"https:\/\/dev.vitalstoffversand.com\/fr\/wp-json\/wp\/v2\/product_cat?post=66787"},{"taxonomy":"product_tag","embeddable":true,"href":"https:\/\/dev.vitalstoffversand.com\/fr\/wp-json\/wp\/v2\/product_tag?post=66787"}],"curies":[{"name":"wp","href":"https:\/\/api.w.org\/{rel}","templated":true}]}}