{"id":66743,"date":"2026-01-09T14:20:14","date_gmt":"2026-01-09T13:20:14","guid":{"rendered":"https:\/\/vitalstoffversand.com\/produkt\/vit4ever-myo-inositol-240-gelules\/"},"modified":"2026-03-21T15:52:40","modified_gmt":"2026-03-21T14:52:40","slug":"vit4ever-myo-inositol-240-gelules","status":"publish","type":"product","link":"https:\/\/dev.vitalstoffversand.com\/fr\/produit\/vit4ever-myo-inositol-240-gelules\/","title":{"rendered":"Vit4ever <br>Myo-inositol &#8211; 240 g\u00e9lules"},"content":{"rendered":"<p>Le myo-inositol est un compos\u00e9 naturel qui intervient dans de nombreux processus m\u00e9taboliques de l&#8217;organisme humain et qui est apport\u00e9 par l&#8217;alimentation.<\/p>\n<p>L&#8217;inositol \u00e9tant principalement pr\u00e9sent dans les agrumes, les l\u00e9gumineuses et les c\u00e9r\u00e9ales, un apport suffisant n&#8217;est pas toujours garanti.<\/p>\n<ul>\n<li>V\u00e9gan<\/li>\n<li>Sans gluten<\/li>\n<li>Sans lactose<\/li>\n<li>Sans OGM<\/li>\n<li>Fabriqu\u00e9 selon les normes de qualit\u00e9 strictes de l&#8217;UE<\/li>\n<\/ul>\n","protected":false},"excerpt":{"rendered":"<p>Le myo-inositol est un compos\u00e9 naturel qui intervient dans de nombreux processus m\u00e9taboliques de l&#8217;organisme humain et qui est apport\u00e9 par l&#8217;alimentation. L&#8217;inositol \u00e9tant principalement pr\u00e9sent dans les agrumes, les l\u00e9gumineuses et les c\u00e9r\u00e9ales, un apport suffisant n&#8217;est pas toujours garanti. V\u00e9gan Sans gluten Sans lactose Sans OGM Fabriqu\u00e9 selon les normes de qualit\u00e9 strictes [&hellip;]<\/p>\n","protected":false},"featured_media":66732,"template":"","meta":{"_acf_changed":false},"product_brand":[10217],"product_cat":[348,365],"product_tag":[],"class_list":{"0":"post-66743","1":"product","2":"type-product","3":"status-publish","4":"has-post-thumbnail","6":"product_brand-vit4ever-fr","7":"product_cat-nutriments","8":"product_cat-produits-de-a-a-z","10":"first","11":"instock","12":"taxable","13":"shipping-taxable","14":"purchasable","15":"product-type-simple"},"acf":[],"_links":{"self":[{"href":"https:\/\/dev.vitalstoffversand.com\/fr\/wp-json\/wp\/v2\/product\/66743","targetHints":{"allow":["GET"]}}],"collection":[{"href":"https:\/\/dev.vitalstoffversand.com\/fr\/wp-json\/wp\/v2\/product"}],"about":[{"href":"https:\/\/dev.vitalstoffversand.com\/fr\/wp-json\/wp\/v2\/types\/product"}],"wp:featuredmedia":[{"embeddable":true,"href":"https:\/\/dev.vitalstoffversand.com\/fr\/wp-json\/wp\/v2\/media\/66732"}],"wp:attachment":[{"href":"https:\/\/dev.vitalstoffversand.com\/fr\/wp-json\/wp\/v2\/media?parent=66743"}],"wp:term":[{"taxonomy":"product_brand","embeddable":true,"href":"https:\/\/dev.vitalstoffversand.com\/fr\/wp-json\/wp\/v2\/product_brand?post=66743"},{"taxonomy":"product_cat","embeddable":true,"href":"https:\/\/dev.vitalstoffversand.com\/fr\/wp-json\/wp\/v2\/product_cat?post=66743"},{"taxonomy":"product_tag","embeddable":true,"href":"https:\/\/dev.vitalstoffversand.com\/fr\/wp-json\/wp\/v2\/product_tag?post=66743"}],"curies":[{"name":"wp","href":"https:\/\/api.w.org\/{rel}","templated":true}]}}