{"id":66682,"date":"2026-02-24T14:14:24","date_gmt":"2026-02-24T13:14:24","guid":{"rendered":"https:\/\/vitalstoffversand.com\/produkt\/vit4ever-extrait-dencens-240-gelules\/"},"modified":"2026-03-21T15:52:05","modified_gmt":"2026-03-21T14:52:05","slug":"vit4ever-extrait-dencens-240-gelules","status":"publish","type":"product","link":"https:\/\/dev.vitalstoffversand.com\/fr\/produit\/vit4ever-extrait-dencens-240-gelules\/","title":{"rendered":"Vit4ever <br>Extrait d&#8217;encens &#8211; 240 g\u00e9lules"},"content":{"rendered":"<p>L&#8217;encens est une r\u00e9sine naturelle (oliban) appr\u00e9ci\u00e9e depuis des mill\u00e9naires tant dans la m\u00e9decine traditionnelle ayurv\u00e9dique que par les anciens \u00c9gyptiens.<\/p>\n<p>Outre des huiles essentielles, la r\u00e9sine contient \u00e9galement des acides boswelliques, qui stimulent une enzyme responsable de la formation de leucotri\u00e8nes anti-inflammatoires, ce qui fait traditionnellement de l&#8217;encens une alternative naturelle pour soulager les douleurs articulaires et les inflammations intestinales.<\/p>\n<ul>\n<li>V\u00e9gan<\/li>\n<li>Sans gluten<\/li>\n<li>Sans lactose<\/li>\n<li>Sans OGM<\/li>\n<li>Fabriqu\u00e9 selon les normes de qualit\u00e9 strictes de l&#8217;UE<\/li>\n<\/ul>\n","protected":false},"excerpt":{"rendered":"<p>L&#8217;encens est une r\u00e9sine naturelle (oliban) appr\u00e9ci\u00e9e depuis des mill\u00e9naires tant dans la m\u00e9decine traditionnelle ayurv\u00e9dique que par les anciens \u00c9gyptiens. Outre des huiles essentielles, la r\u00e9sine contient \u00e9galement des acides boswelliques, qui stimulent une enzyme responsable de la formation de leucotri\u00e8nes anti-inflammatoires, ce qui fait traditionnellement de l&#8217;encens une alternative naturelle pour soulager les [&hellip;]<\/p>\n","protected":false},"featured_media":66676,"template":"","meta":{"_acf_changed":false},"product_brand":[10217],"product_cat":[348,365],"product_tag":[],"class_list":{"0":"post-66682","1":"product","2":"type-product","3":"status-publish","4":"has-post-thumbnail","6":"product_brand-vit4ever-fr","7":"product_cat-nutriments","8":"product_cat-produits-de-a-a-z","10":"first","11":"instock","12":"taxable","13":"shipping-taxable","14":"purchasable","15":"product-type-simple"},"acf":[],"_links":{"self":[{"href":"https:\/\/dev.vitalstoffversand.com\/fr\/wp-json\/wp\/v2\/product\/66682","targetHints":{"allow":["GET"]}}],"collection":[{"href":"https:\/\/dev.vitalstoffversand.com\/fr\/wp-json\/wp\/v2\/product"}],"about":[{"href":"https:\/\/dev.vitalstoffversand.com\/fr\/wp-json\/wp\/v2\/types\/product"}],"wp:featuredmedia":[{"embeddable":true,"href":"https:\/\/dev.vitalstoffversand.com\/fr\/wp-json\/wp\/v2\/media\/66676"}],"wp:attachment":[{"href":"https:\/\/dev.vitalstoffversand.com\/fr\/wp-json\/wp\/v2\/media?parent=66682"}],"wp:term":[{"taxonomy":"product_brand","embeddable":true,"href":"https:\/\/dev.vitalstoffversand.com\/fr\/wp-json\/wp\/v2\/product_brand?post=66682"},{"taxonomy":"product_cat","embeddable":true,"href":"https:\/\/dev.vitalstoffversand.com\/fr\/wp-json\/wp\/v2\/product_cat?post=66682"},{"taxonomy":"product_tag","embeddable":true,"href":"https:\/\/dev.vitalstoffversand.com\/fr\/wp-json\/wp\/v2\/product_tag?post=66682"}],"curies":[{"name":"wp","href":"https:\/\/api.w.org\/{rel}","templated":true}]}}