{"id":66406,"date":"2025-10-08T13:32:20","date_gmt":"2025-10-08T11:32:20","guid":{"rendered":"https:\/\/vitalstoffversand.com\/produkt\/vit4ever-pate-damandes-torrefiee-foncee-et-croquante-1-000-g\/"},"modified":"2026-03-21T15:53:04","modified_gmt":"2026-03-21T14:53:04","slug":"vit4ever-pate-damandes-torrefiee-foncee-et-croquante-1-000-g","status":"publish","type":"product","link":"https:\/\/dev.vitalstoffversand.com\/fr\/produit\/vit4ever-pate-damandes-torrefiee-foncee-et-croquante-1-000-g\/","title":{"rendered":"Vit4ever <br>P\u00e2te d&#8217;amandes torr\u00e9fi\u00e9e fonc\u00e9e et croquante &#8211; 1 000 g"},"content":{"rendered":"<p>Beurre d&#8217;amandes torr\u00e9fi\u00e9 fonc\u00e9, au go\u00fbt intense d&#8217;amande et \u00e0 la texture \u00e0 la fois cr\u00e9meuse et croquante.<\/p>\n<p>Compos\u00e9 \u00e0 99 % d&#8217;amandes non blanchies et grill\u00e9es.<\/p>\n<p>Savoureux et riche en prot\u00e9ines.<\/p>\n<p>Remarque : la formation d&#8217;une couche d&#8217;huile \u00e0 la surface est normale avec ce produit. Il suffit de remuer bri\u00e8vement pour retrouver une texture onctueuse. <\/p>\n<ul>\n<li>V\u00e9gan<\/li>\n<li>Sans gluten<\/li>\n<li>Sans lactose<\/li>\n<li>Sans huile de palme<\/li>\n<li>Sans sucre ajout\u00e9<\/li>\n<li>Sans OGM<\/li>\n<li>Fabriqu\u00e9 selon les normes de qualit\u00e9 strictes de l&#8217;UE<\/li>\n<\/ul>\n","protected":false},"excerpt":{"rendered":"<p>Beurre d&#8217;amandes torr\u00e9fi\u00e9 fonc\u00e9, au go\u00fbt intense d&#8217;amande et \u00e0 la texture \u00e0 la fois cr\u00e9meuse et croquante. Compos\u00e9 \u00e0 99 % d&#8217;amandes non blanchies et grill\u00e9es. Savoureux et riche en prot\u00e9ines. Remarque : la formation d&#8217;une couche d&#8217;huile \u00e0 la surface est normale avec ce produit. Il suffit de remuer bri\u00e8vement pour retrouver une [&hellip;]<\/p>\n","protected":false},"featured_media":58759,"template":"","meta":{"_acf_changed":false},"product_brand":[10217],"product_cat":[329,365],"product_tag":[],"class_list":{"0":"post-66406","1":"product","2":"type-product","3":"status-publish","4":"has-post-thumbnail","6":"product_brand-vit4ever-fr","7":"product_cat-cuisiner-grignoter","8":"product_cat-produits-de-a-a-z","10":"first","11":"outofstock","12":"taxable","13":"shipping-taxable","14":"purchasable","15":"product-type-simple"},"acf":[],"_links":{"self":[{"href":"https:\/\/dev.vitalstoffversand.com\/fr\/wp-json\/wp\/v2\/product\/66406","targetHints":{"allow":["GET"]}}],"collection":[{"href":"https:\/\/dev.vitalstoffversand.com\/fr\/wp-json\/wp\/v2\/product"}],"about":[{"href":"https:\/\/dev.vitalstoffversand.com\/fr\/wp-json\/wp\/v2\/types\/product"}],"wp:featuredmedia":[{"embeddable":true,"href":"https:\/\/dev.vitalstoffversand.com\/fr\/wp-json\/wp\/v2\/media\/58759"}],"wp:attachment":[{"href":"https:\/\/dev.vitalstoffversand.com\/fr\/wp-json\/wp\/v2\/media?parent=66406"}],"wp:term":[{"taxonomy":"product_brand","embeddable":true,"href":"https:\/\/dev.vitalstoffversand.com\/fr\/wp-json\/wp\/v2\/product_brand?post=66406"},{"taxonomy":"product_cat","embeddable":true,"href":"https:\/\/dev.vitalstoffversand.com\/fr\/wp-json\/wp\/v2\/product_cat?post=66406"},{"taxonomy":"product_tag","embeddable":true,"href":"https:\/\/dev.vitalstoffversand.com\/fr\/wp-json\/wp\/v2\/product_tag?post=66406"}],"curies":[{"name":"wp","href":"https:\/\/api.w.org\/{rel}","templated":true}]}}