{"id":66397,"date":"2025-10-08T13:30:31","date_gmt":"2025-10-08T11:30:31","guid":{"rendered":"https:\/\/vitalstoffversand.com\/produkt\/vit4ever-blancs-doeufs-liquides-970-ml\/"},"modified":"2026-03-21T15:53:04","modified_gmt":"2026-03-21T14:53:04","slug":"vit4ever-blancs-doeufs-liquides-970-ml","status":"publish","type":"product","link":"https:\/\/dev.vitalstoffversand.com\/fr\/produit\/vit4ever-blancs-doeufs-liquides-970-ml\/","title":{"rendered":"Vit4ever <br>Blancs d&#8217;\u0153ufs liquides &#8211; 970 ml"},"content":{"rendered":"<p>Blancs d&#8217;\u0153ufs liquides provenant de poules \u00e9lev\u00e9es en plein air.<\/p>\n<p>Une bouteille \u00e9quivaut \u00e0 32 \u0153ufs frais et constitue une source naturelle de prot\u00e9ines de grande qualit\u00e9.<\/p>\n<ul>\n<li>Sans gluten<\/li>\n<li>Sans lactose<\/li>\n<li>Sans OGM<\/li>\n<li>Fabriqu\u00e9 selon les normes de qualit\u00e9 strictes de l&#8217;UE<\/li>\n<\/ul>\n","protected":false},"excerpt":{"rendered":"<p>Blancs d&#8217;\u0153ufs liquides provenant de poules \u00e9lev\u00e9es en plein air. Une bouteille \u00e9quivaut \u00e0 32 \u0153ufs frais et constitue une source naturelle de prot\u00e9ines de grande qualit\u00e9. Sans gluten Sans lactose Sans OGM Fabriqu\u00e9 selon les normes de qualit\u00e9 strictes de l&#8217;UE<\/p>\n","protected":false},"featured_media":58751,"template":"","meta":{"_acf_changed":false},"product_brand":[10217],"product_cat":[329,365,345],"product_tag":[],"class_list":{"0":"post-66397","1":"product","2":"type-product","3":"status-publish","4":"has-post-thumbnail","6":"product_brand-vit4ever-fr","7":"product_cat-cuisiner-grignoter","8":"product_cat-produits-de-a-a-z","9":"product_cat-proteines","11":"first","12":"instock","13":"taxable","14":"shipping-taxable","15":"purchasable","16":"product-type-simple"},"acf":[],"_links":{"self":[{"href":"https:\/\/dev.vitalstoffversand.com\/fr\/wp-json\/wp\/v2\/product\/66397","targetHints":{"allow":["GET"]}}],"collection":[{"href":"https:\/\/dev.vitalstoffversand.com\/fr\/wp-json\/wp\/v2\/product"}],"about":[{"href":"https:\/\/dev.vitalstoffversand.com\/fr\/wp-json\/wp\/v2\/types\/product"}],"wp:featuredmedia":[{"embeddable":true,"href":"https:\/\/dev.vitalstoffversand.com\/fr\/wp-json\/wp\/v2\/media\/58751"}],"wp:attachment":[{"href":"https:\/\/dev.vitalstoffversand.com\/fr\/wp-json\/wp\/v2\/media?parent=66397"}],"wp:term":[{"taxonomy":"product_brand","embeddable":true,"href":"https:\/\/dev.vitalstoffversand.com\/fr\/wp-json\/wp\/v2\/product_brand?post=66397"},{"taxonomy":"product_cat","embeddable":true,"href":"https:\/\/dev.vitalstoffversand.com\/fr\/wp-json\/wp\/v2\/product_cat?post=66397"},{"taxonomy":"product_tag","embeddable":true,"href":"https:\/\/dev.vitalstoffversand.com\/fr\/wp-json\/wp\/v2\/product_tag?post=66397"}],"curies":[{"name":"wp","href":"https:\/\/api.w.org\/{rel}","templated":true}]}}