{"id":66354,"date":"2025-10-08T13:28:04","date_gmt":"2025-10-08T11:28:04","guid":{"rendered":"https:\/\/vitalstoffversand.com\/produkt\/vit4ever-cafe-proteine-vegetalien-barista-differentes-varietes\/"},"modified":"2025-10-08T13:28:04","modified_gmt":"2025-10-08T11:28:04","slug":"vit4ever-cafe-proteine-vegetalien-barista-differentes-varietes","status":"publish","type":"product","link":"https:\/\/dev.vitalstoffversand.com\/fr\/produit\/vit4ever-cafe-proteine-vegetalien-barista-differentes-varietes\/","title":{"rendered":"Vit4ever <br>Caf\u00e9 prot\u00e9in\u00e9 v\u00e9g\u00e9talien Barista &#8211; diff\u00e9rentes vari\u00e9t\u00e9s"},"content":{"rendered":"<p>Un isolat de prot\u00e9ines de f\u00e8ves de fava de haute qualit\u00e9, associ\u00e9 \u00e0 du caf\u00e9 instantan\u00e9, donne naissance au Barista Vegan Protein Coffee, une boisson v\u00e9g\u00e9tale.<\/p>\n<p>Savoure les prot\u00e9ines v\u00e9g\u00e9tales dans leur version cr\u00e9meuse \u00ab Classic Coffee \u00bb ou sous forme de matcha rehauss\u00e9 d&#8217;une touche de caf\u00e9.<\/p>\n<ul>\n<li>V\u00e9gan<\/li>\n<li>Sans gluten<\/li>\n<li>Sans OGM<\/li>\n<li>Fabriqu\u00e9 selon les normes de qualit\u00e9 strictes de l&#8217;UE<\/li>\n<\/ul>\n","protected":false},"excerpt":{"rendered":"<p>Un isolat de prot\u00e9ines de f\u00e8ves de fava de haute qualit\u00e9, associ\u00e9 \u00e0 du caf\u00e9 instantan\u00e9, donne naissance au Barista Vegan Protein Coffee, une boisson v\u00e9g\u00e9tale. Savoure les prot\u00e9ines v\u00e9g\u00e9tales dans leur version cr\u00e9meuse \u00ab Classic Coffee \u00bb ou sous forme de matcha rehauss\u00e9 d&#8217;une touche de caf\u00e9. V\u00e9gan Sans gluten Sans OGM Fabriqu\u00e9 selon [&hellip;]<\/p>\n","protected":false},"featured_media":58647,"template":"","meta":{"_acf_changed":false},"product_brand":[10217],"product_cat":[345,365],"product_tag":[],"class_list":{"0":"post-66354","1":"product","2":"type-product","3":"status-publish","4":"has-post-thumbnail","6":"product_brand-vit4ever-fr","7":"product_cat-proteines","8":"product_cat-produits-de-a-a-z","10":"first","11":"instock","12":"taxable","13":"shipping-taxable","14":"purchasable","15":"product-type-variable"},"acf":[],"_links":{"self":[{"href":"https:\/\/dev.vitalstoffversand.com\/fr\/wp-json\/wp\/v2\/product\/66354","targetHints":{"allow":["GET"]}}],"collection":[{"href":"https:\/\/dev.vitalstoffversand.com\/fr\/wp-json\/wp\/v2\/product"}],"about":[{"href":"https:\/\/dev.vitalstoffversand.com\/fr\/wp-json\/wp\/v2\/types\/product"}],"wp:featuredmedia":[{"embeddable":true,"href":"https:\/\/dev.vitalstoffversand.com\/fr\/wp-json\/wp\/v2\/media\/58647"}],"wp:attachment":[{"href":"https:\/\/dev.vitalstoffversand.com\/fr\/wp-json\/wp\/v2\/media?parent=66354"}],"wp:term":[{"taxonomy":"product_brand","embeddable":true,"href":"https:\/\/dev.vitalstoffversand.com\/fr\/wp-json\/wp\/v2\/product_brand?post=66354"},{"taxonomy":"product_cat","embeddable":true,"href":"https:\/\/dev.vitalstoffversand.com\/fr\/wp-json\/wp\/v2\/product_cat?post=66354"},{"taxonomy":"product_tag","embeddable":true,"href":"https:\/\/dev.vitalstoffversand.com\/fr\/wp-json\/wp\/v2\/product_tag?post=66354"}],"curies":[{"name":"wp","href":"https:\/\/api.w.org\/{rel}","templated":true}]}}