{"id":66255,"date":"2025-07-07T17:24:45","date_gmt":"2025-07-07T15:24:45","guid":{"rendered":"https:\/\/vitalstoffversand.com\/produkt\/vit4ever-huile-dorigan-et-huile-dolive-bio-90-gelules\/"},"modified":"2026-03-18T14:23:30","modified_gmt":"2026-03-18T13:23:30","slug":"vit4ever-huile-dorigan-et-huile-dolive-bio-90-gelules","status":"publish","type":"product","link":"https:\/\/dev.vitalstoffversand.com\/fr\/produit\/vit4ever-huile-dorigan-et-huile-dolive-bio-90-gelules\/","title":{"rendered":"Vit4ever <br>Huile d&#8217;origan et huile d&#8217;olive bio &#8211; 90 g\u00e9lules"},"content":{"rendered":"<p>La combinaison d&#8217;huile d&#8217;olive extra vierge bio et d&#8217;huile d&#8217;origan bio te permet de profiter des bienfaits des deux huiles dans une seule g\u00e9lule.<\/p>\n<p>L&#8217;huile d&#8217;origan contient 80 % de carvacrol et son origine issue de l&#8217;agriculture biologique certifi\u00e9e garantit la meilleure qualit\u00e9 possible.<\/p>\n<ul>\n<li>V\u00e9gan<\/li>\n<li>Sans gluten<\/li>\n<li>Sans lactose<\/li>\n<li>Sans OGM<\/li>\n<li>Fabriqu\u00e9 selon les normes de qualit\u00e9 strictes de l&#8217;UE<\/li>\n<\/ul>\n","protected":false},"excerpt":{"rendered":"<p>La combinaison d&#8217;huile d&#8217;olive extra vierge bio et d&#8217;huile d&#8217;origan bio te permet de profiter des bienfaits des deux huiles dans une seule g\u00e9lule. L&#8217;huile d&#8217;origan contient 80 % de carvacrol et son origine issue de l&#8217;agriculture biologique certifi\u00e9e garantit la meilleure qualit\u00e9 possible. V\u00e9gan Sans gluten Sans lactose Sans OGM Fabriqu\u00e9 selon les normes [&hellip;]<\/p>\n","protected":false},"featured_media":58439,"template":"","meta":{"_acf_changed":false},"product_brand":[10217],"product_cat":[348,306,365],"product_tag":[],"class_list":{"0":"post-66255","1":"product","2":"type-product","3":"status-publish","4":"has-post-thumbnail","6":"product_brand-vit4ever-fr","7":"product_cat-nutriments","8":"product_cat-bio-fr","9":"product_cat-produits-de-a-a-z","11":"first","12":"instock","13":"taxable","14":"shipping-taxable","15":"purchasable","16":"product-type-simple"},"acf":[],"_links":{"self":[{"href":"https:\/\/dev.vitalstoffversand.com\/fr\/wp-json\/wp\/v2\/product\/66255","targetHints":{"allow":["GET"]}}],"collection":[{"href":"https:\/\/dev.vitalstoffversand.com\/fr\/wp-json\/wp\/v2\/product"}],"about":[{"href":"https:\/\/dev.vitalstoffversand.com\/fr\/wp-json\/wp\/v2\/types\/product"}],"wp:featuredmedia":[{"embeddable":true,"href":"https:\/\/dev.vitalstoffversand.com\/fr\/wp-json\/wp\/v2\/media\/58439"}],"wp:attachment":[{"href":"https:\/\/dev.vitalstoffversand.com\/fr\/wp-json\/wp\/v2\/media?parent=66255"}],"wp:term":[{"taxonomy":"product_brand","embeddable":true,"href":"https:\/\/dev.vitalstoffversand.com\/fr\/wp-json\/wp\/v2\/product_brand?post=66255"},{"taxonomy":"product_cat","embeddable":true,"href":"https:\/\/dev.vitalstoffversand.com\/fr\/wp-json\/wp\/v2\/product_cat?post=66255"},{"taxonomy":"product_tag","embeddable":true,"href":"https:\/\/dev.vitalstoffversand.com\/fr\/wp-json\/wp\/v2\/product_tag?post=66255"}],"curies":[{"name":"wp","href":"https:\/\/api.w.org\/{rel}","templated":true}]}}