{"id":66244,"date":"2025-07-07T17:22:43","date_gmt":"2025-07-07T15:22:43","guid":{"rendered":"https:\/\/vitalstoffversand.com\/produkt\/vit4ever-beurre-de-cacahuetes-chocolat-blanc-500-g\/"},"modified":"2026-03-18T13:06:21","modified_gmt":"2026-03-18T12:06:21","slug":"vit4ever-beurre-de-cacahuetes-chocolat-blanc-500-g","status":"publish","type":"product","link":"https:\/\/dev.vitalstoffversand.com\/fr\/produit\/vit4ever-beurre-de-cacahuetes-chocolat-blanc-500-g\/","title":{"rendered":"Vit4ever <br>Beurre de cacahu\u00e8tes + chocolat blanc &#8211; 500 g"},"content":{"rendered":"<p>Beurre de cacahu\u00e8tes au chocolat blanc.<\/p>\n<p>Sa texture onctueuse et cr\u00e9meuse offre un pur d\u00e9lice et se pr\u00eate \u00e0 de multiples utilisations.<\/p>\n<p>Remarque : la formation d&#8217;une couche d&#8217;huile \u00e0 la surface est normale avec ce produit. Il suffit de remuer bri\u00e8vement pour retrouver une texture onctueuse. <\/p>\n<ul>\n<li>70 % de cacahu\u00e8tes grill\u00e9es + 30 % de chocolat blanc<\/li>\n<li>Sans sucre ajout\u00e9<\/li>\n<li>Sans huile de palme<\/li>\n<li>Riche en fibres et en prot\u00e9ines<\/li>\n<\/ul>\n","protected":false},"excerpt":{"rendered":"<p>Beurre de cacahu\u00e8tes au chocolat blanc. Sa texture onctueuse et cr\u00e9meuse offre un pur d\u00e9lice et se pr\u00eate \u00e0 de multiples utilisations. Remarque : la formation d&#8217;une couche d&#8217;huile \u00e0 la surface est normale avec ce produit. Il suffit de remuer bri\u00e8vement pour retrouver une texture onctueuse. 70 % de cacahu\u00e8tes grill\u00e9es + 30 % [&hellip;]<\/p>\n","protected":false},"featured_media":58407,"template":"","meta":{"_acf_changed":false},"product_brand":[10217],"product_cat":[329,365],"product_tag":[],"class_list":{"0":"post-66244","1":"product","2":"type-product","3":"status-publish","4":"has-post-thumbnail","6":"product_brand-vit4ever-fr","7":"product_cat-cuisiner-grignoter","8":"product_cat-produits-de-a-a-z","10":"first","11":"instock","12":"taxable","13":"shipping-taxable","14":"purchasable","15":"product-type-simple"},"acf":[],"_links":{"self":[{"href":"https:\/\/dev.vitalstoffversand.com\/fr\/wp-json\/wp\/v2\/product\/66244","targetHints":{"allow":["GET"]}}],"collection":[{"href":"https:\/\/dev.vitalstoffversand.com\/fr\/wp-json\/wp\/v2\/product"}],"about":[{"href":"https:\/\/dev.vitalstoffversand.com\/fr\/wp-json\/wp\/v2\/types\/product"}],"wp:featuredmedia":[{"embeddable":true,"href":"https:\/\/dev.vitalstoffversand.com\/fr\/wp-json\/wp\/v2\/media\/58407"}],"wp:attachment":[{"href":"https:\/\/dev.vitalstoffversand.com\/fr\/wp-json\/wp\/v2\/media?parent=66244"}],"wp:term":[{"taxonomy":"product_brand","embeddable":true,"href":"https:\/\/dev.vitalstoffversand.com\/fr\/wp-json\/wp\/v2\/product_brand?post=66244"},{"taxonomy":"product_cat","embeddable":true,"href":"https:\/\/dev.vitalstoffversand.com\/fr\/wp-json\/wp\/v2\/product_cat?post=66244"},{"taxonomy":"product_tag","embeddable":true,"href":"https:\/\/dev.vitalstoffversand.com\/fr\/wp-json\/wp\/v2\/product_tag?post=66244"}],"curies":[{"name":"wp","href":"https:\/\/api.w.org\/{rel}","templated":true}]}}