{"id":66226,"date":"2025-09-01T18:53:48","date_gmt":"2025-09-01T16:53:48","guid":{"rendered":"https:\/\/vitalstoffversand.com\/produkt\/vit4ever-huile-de-poisson-omega-3-intenso-365-gelules\/"},"modified":"2026-03-21T15:54:23","modified_gmt":"2026-03-21T14:54:23","slug":"vit4ever-huile-de-poisson-omega-3-intenso-365-gelules","status":"publish","type":"product","link":"https:\/\/dev.vitalstoffversand.com\/fr\/produit\/vit4ever-huile-de-poisson-omega-3-intenso-365-gelules\/","title":{"rendered":"Vit4ever <br>Huile de poisson Omega 3 Intenso &#8211; 365 g\u00e9lules"},"content":{"rendered":"<p>Les acides gras om\u00e9ga 3 sont essentiels pour notre corps et doivent \u00eatre apport\u00e9s par l&#8217;alimentation.<\/p>\n<p>Le produit premium Omega 3 Intenso te fournit avec chaque g\u00e9lule softgel 1000 mg d&#8217;huile de poisson, dont 80% d&#8217;acides gras om\u00e9ga 3 purs avec 400 mg. <a href=\"https:\/\/dev.vitalstoffversand.com\/knowledge-base\/eicosapentaensaeure-und-docosahexaensaeure-epa-dha\/\" target=\"_blank\" rel=\"noopener\"><strong><span style=\"color: #0000ff;\">\u2192 EPA (acide eicosapenta\u00e9no\u00efque)<\/span><\/strong><\/a> et 300 mg <a href=\"https:\/\/dev.vitalstoffversand.com\/knowledge-base\/docosahexaensaeure-dha\/\" target=\"_blank\" rel=\"noopener\"><strong><span style=\"color: #0000ff;\">\u2192 DHA (acide docosahaex\u00e9no\u00efque)<\/span><\/strong><\/a> sous la forme de triglyc\u00e9rides la plus biodisponible.<\/p>\n<ul>\n<li>Sans gluten<\/li>\n<li>Sans lactose<\/li>\n<li>Sans OGM<\/li>\n<li>Fabriqu\u00e9 selon les normes de qualit\u00e9 strictes de l&#8217;UE<\/li>\n<\/ul>\n","protected":false},"excerpt":{"rendered":"<p>Les acides gras om\u00e9ga 3 sont essentiels pour notre corps et doivent \u00eatre apport\u00e9s par l&#8217;alimentation. Le produit premium Omega 3 Intenso te fournit avec chaque g\u00e9lule softgel 1000 mg d&#8217;huile de poisson, dont 80% d&#8217;acides gras om\u00e9ga 3 purs avec 400 mg. \u2192 EPA (acide eicosapenta\u00e9no\u00efque) et 300 mg \u2192 DHA (acide docosahaex\u00e9no\u00efque) sous [&hellip;]<\/p>\n","protected":false},"featured_media":54191,"template":"","meta":{"_acf_changed":false},"product_brand":[10217],"product_cat":[337,365],"product_tag":[],"class_list":{"0":"post-66226","1":"product","2":"type-product","3":"status-publish","4":"has-post-thumbnail","6":"product_brand-vit4ever-fr","7":"product_cat-acides-gras","8":"product_cat-produits-de-a-a-z","10":"first","11":"instock","12":"taxable","13":"shipping-taxable","14":"purchasable","15":"product-type-simple"},"acf":[],"_links":{"self":[{"href":"https:\/\/dev.vitalstoffversand.com\/fr\/wp-json\/wp\/v2\/product\/66226","targetHints":{"allow":["GET"]}}],"collection":[{"href":"https:\/\/dev.vitalstoffversand.com\/fr\/wp-json\/wp\/v2\/product"}],"about":[{"href":"https:\/\/dev.vitalstoffversand.com\/fr\/wp-json\/wp\/v2\/types\/product"}],"wp:featuredmedia":[{"embeddable":true,"href":"https:\/\/dev.vitalstoffversand.com\/fr\/wp-json\/wp\/v2\/media\/54191"}],"wp:attachment":[{"href":"https:\/\/dev.vitalstoffversand.com\/fr\/wp-json\/wp\/v2\/media?parent=66226"}],"wp:term":[{"taxonomy":"product_brand","embeddable":true,"href":"https:\/\/dev.vitalstoffversand.com\/fr\/wp-json\/wp\/v2\/product_brand?post=66226"},{"taxonomy":"product_cat","embeddable":true,"href":"https:\/\/dev.vitalstoffversand.com\/fr\/wp-json\/wp\/v2\/product_cat?post=66226"},{"taxonomy":"product_tag","embeddable":true,"href":"https:\/\/dev.vitalstoffversand.com\/fr\/wp-json\/wp\/v2\/product_tag?post=66226"}],"curies":[{"name":"wp","href":"https:\/\/api.w.org\/{rel}","templated":true}]}}