{"id":66154,"date":"2025-10-02T17:00:00","date_gmt":"2025-10-02T15:00:00","guid":{"rendered":"https:\/\/vitalstoffversand.com\/produkt\/vit4ever-calcium-magnesium-21-180-comprimes\/"},"modified":"2026-03-21T15:53:13","modified_gmt":"2026-03-21T14:53:13","slug":"vit4ever-calcium-magnesium-21-180-comprimes","status":"publish","type":"product","link":"https:\/\/dev.vitalstoffversand.com\/fr\/produit\/vit4ever-calcium-magnesium-21-180-comprimes\/","title":{"rendered":"Vit4ever <br>Calcium + Magn\u00e9sium 2:1 &#8211; 180 comprim\u00e9s"},"content":{"rendered":"<p>Le rapport optimal 2:1 de <a href=\"https:\/\/dev.vitalstoffversand.com\/knowledge-base\/calcium\/\" target=\"_blank\" rel=\"noopener\"><strong><span style=\"color: #0000ff;\">\u2192 Calcium<\/span><\/strong><\/a> et <a href=\"https:\/\/dev.vitalstoffversand.com\/knowledge-base\/magnesium\/\" target=\"_blank\" rel=\"noopener\"><strong><span style=\"color: #0000ff;\">\u2192 magn\u00e9sium<\/span><\/strong><\/a> dans un seul comprim\u00e9.<\/p>\n<p>Une rainure de rupture te permet de doser ta prise quotidienne de compl\u00e9ments alimentaires selon tes besoins, sachant que 2 comprim\u00e9s correspondent \u00e0 la dose journali\u00e8re recommand\u00e9e (VNR).<\/p>\n<ul>\n<li>V\u00e9gan<\/li>\n<li>Sans gluten<\/li>\n<li>Sans lactose<\/li>\n<li>Sans OGM<\/li>\n<li>Fabriqu\u00e9 selon les normes de qualit\u00e9 strictes de l&#8217;UE<\/li>\n<\/ul>\n","protected":false},"excerpt":{"rendered":"<p>Le rapport optimal 2:1 de \u2192 Calcium et \u2192 magn\u00e9sium dans un seul comprim\u00e9. Une rainure de rupture te permet de doser ta prise quotidienne de compl\u00e9ments alimentaires selon tes besoins, sachant que 2 comprim\u00e9s correspondent \u00e0 la dose journali\u00e8re recommand\u00e9e (VNR). V\u00e9gan Sans gluten Sans lactose Sans OGM Fabriqu\u00e9 selon les normes de qualit\u00e9 [&hellip;]<\/p>\n","protected":false},"featured_media":58103,"template":"","meta":{"_acf_changed":false},"product_brand":[10217],"product_cat":[340,365],"product_tag":[],"class_list":{"0":"post-66154","1":"product","2":"type-product","3":"status-publish","4":"has-post-thumbnail","6":"product_brand-vit4ever-fr","7":"product_cat-mineraux-oligo-elements","8":"product_cat-produits-de-a-a-z","10":"first","11":"outofstock","12":"taxable","13":"shipping-taxable","14":"purchasable","15":"product-type-simple"},"acf":[],"_links":{"self":[{"href":"https:\/\/dev.vitalstoffversand.com\/fr\/wp-json\/wp\/v2\/product\/66154","targetHints":{"allow":["GET"]}}],"collection":[{"href":"https:\/\/dev.vitalstoffversand.com\/fr\/wp-json\/wp\/v2\/product"}],"about":[{"href":"https:\/\/dev.vitalstoffversand.com\/fr\/wp-json\/wp\/v2\/types\/product"}],"wp:featuredmedia":[{"embeddable":true,"href":"https:\/\/dev.vitalstoffversand.com\/fr\/wp-json\/wp\/v2\/media\/58103"}],"wp:attachment":[{"href":"https:\/\/dev.vitalstoffversand.com\/fr\/wp-json\/wp\/v2\/media?parent=66154"}],"wp:term":[{"taxonomy":"product_brand","embeddable":true,"href":"https:\/\/dev.vitalstoffversand.com\/fr\/wp-json\/wp\/v2\/product_brand?post=66154"},{"taxonomy":"product_cat","embeddable":true,"href":"https:\/\/dev.vitalstoffversand.com\/fr\/wp-json\/wp\/v2\/product_cat?post=66154"},{"taxonomy":"product_tag","embeddable":true,"href":"https:\/\/dev.vitalstoffversand.com\/fr\/wp-json\/wp\/v2\/product_tag?post=66154"}],"curies":[{"name":"wp","href":"https:\/\/api.w.org\/{rel}","templated":true}]}}