{"id":66146,"date":"2025-06-11T16:55:17","date_gmt":"2025-06-11T14:55:17","guid":{"rendered":"https:\/\/vitalstoffversand.com\/produkt\/vit4ever-poudre-de-taurine-1-000-g\/"},"modified":"2025-06-11T16:55:17","modified_gmt":"2025-06-11T14:55:17","slug":"vit4ever-poudre-de-taurine-1-000-g","status":"publish","type":"product","link":"https:\/\/dev.vitalstoffversand.com\/fr\/produit\/vit4ever-poudre-de-taurine-1-000-g\/","title":{"rendered":"Vit4ever <br>Poudre de taurine &#8211; 1 000 g"},"content":{"rendered":"<p>La taurine joue un r\u00f4le important dans notre organisme et est essentielle \u00e0 divers processus biologiques.<\/p>\n<p>La taurine est surtout connue pour \u00eatre pr\u00e9sente dans les boissons \u00e9nergisantes, mais on la trouve \u00e9galement \u00e0 l&#8217;\u00e9tat naturel dans les aliments d&#8217;origine animale, ce qui explique pourquoi les v\u00e9g\u00e9tariens et les v\u00e9g\u00e9taliens, en particulier, ont parfois du mal \u00e0 en consommer en quantit\u00e9 suffisante par le biais de leur alimentation.<\/p>\n<ul>\n<li>V\u00e9gan<\/li>\n<li>Sans gluten<\/li>\n<li>Sans lactose<\/li>\n<li>Sans OGM<\/li>\n<li>Fabriqu\u00e9 selon les normes de qualit\u00e9 strictes de l&#8217;UE<\/li>\n<\/ul>\n","protected":false},"excerpt":{"rendered":"<p>La taurine joue un r\u00f4le important dans notre organisme et est essentielle \u00e0 divers processus biologiques. La taurine est surtout connue pour \u00eatre pr\u00e9sente dans les boissons \u00e9nergisantes, mais on la trouve \u00e9galement \u00e0 l&#8217;\u00e9tat naturel dans les aliments d&#8217;origine animale, ce qui explique pourquoi les v\u00e9g\u00e9tariens et les v\u00e9g\u00e9taliens, en particulier, ont parfois du [&hellip;]<\/p>\n","protected":false},"featured_media":66141,"template":"","meta":{"_acf_changed":false},"product_brand":[10217],"product_cat":[348,365],"product_tag":[],"class_list":{"0":"post-66146","1":"product","2":"type-product","3":"status-publish","4":"has-post-thumbnail","6":"product_brand-vit4ever-fr","7":"product_cat-nutriments","8":"product_cat-produits-de-a-a-z","10":"first","11":"instock","12":"taxable","13":"shipping-taxable","14":"purchasable","15":"product-type-simple"},"acf":[],"_links":{"self":[{"href":"https:\/\/dev.vitalstoffversand.com\/fr\/wp-json\/wp\/v2\/product\/66146","targetHints":{"allow":["GET"]}}],"collection":[{"href":"https:\/\/dev.vitalstoffversand.com\/fr\/wp-json\/wp\/v2\/product"}],"about":[{"href":"https:\/\/dev.vitalstoffversand.com\/fr\/wp-json\/wp\/v2\/types\/product"}],"wp:featuredmedia":[{"embeddable":true,"href":"https:\/\/dev.vitalstoffversand.com\/fr\/wp-json\/wp\/v2\/media\/66141"}],"wp:attachment":[{"href":"https:\/\/dev.vitalstoffversand.com\/fr\/wp-json\/wp\/v2\/media?parent=66146"}],"wp:term":[{"taxonomy":"product_brand","embeddable":true,"href":"https:\/\/dev.vitalstoffversand.com\/fr\/wp-json\/wp\/v2\/product_brand?post=66146"},{"taxonomy":"product_cat","embeddable":true,"href":"https:\/\/dev.vitalstoffversand.com\/fr\/wp-json\/wp\/v2\/product_cat?post=66146"},{"taxonomy":"product_tag","embeddable":true,"href":"https:\/\/dev.vitalstoffversand.com\/fr\/wp-json\/wp\/v2\/product_tag?post=66146"}],"curies":[{"name":"wp","href":"https:\/\/api.w.org\/{rel}","templated":true}]}}