{"id":66064,"date":"2025-10-02T16:49:26","date_gmt":"2025-10-02T14:49:26","guid":{"rendered":"https:\/\/vitalstoffversand.com\/produkt\/vit4ever-extrait-de-cordyceps-300-gelules\/"},"modified":"2026-03-21T15:53:16","modified_gmt":"2026-03-21T14:53:16","slug":"vit4ever-extrait-de-cordyceps-300-gelules","status":"publish","type":"product","link":"https:\/\/dev.vitalstoffversand.com\/fr\/produit\/vit4ever-extrait-de-cordyceps-300-gelules\/","title":{"rendered":"Vit4ever <br>Extrait de cordyceps &#8211; 300 g\u00e9lules"},"content":{"rendered":"<p>Le Cordyceps sinensis sous forme d&#8217;extrait de haute qualit\u00e9 \u00e0 un rapport de 10:1.<\/p>\n<p>Chaque portion journali\u00e8re (1 300 mg) de ces g\u00e9lules apporte 520 mg de polysaccharides.<\/p>\n<ul>\n<li>V\u00e9gan<\/li>\n<li>Sans gluten<\/li>\n<li>Sans lactose<\/li>\n<li>Sans OGM<\/li>\n<li>Fabriqu\u00e9 selon les normes de qualit\u00e9 strictes de l&#8217;UE<\/li>\n<\/ul>\n","protected":false},"excerpt":{"rendered":"<p>Le Cordyceps sinensis sous forme d&#8217;extrait de haute qualit\u00e9 \u00e0 un rapport de 10:1. Chaque portion journali\u00e8re (1 300 mg) de ces g\u00e9lules apporte 520 mg de polysaccharides. V\u00e9gan Sans gluten Sans lactose Sans OGM Fabriqu\u00e9 selon les normes de qualit\u00e9 strictes de l&#8217;UE<\/p>\n","protected":false},"featured_media":57943,"template":"","meta":{"_acf_changed":false},"product_brand":[10217],"product_cat":[373,365],"product_tag":[],"class_list":{"0":"post-66064","1":"product","2":"type-product","3":"status-publish","4":"has-post-thumbnail","6":"product_brand-vit4ever-fr","7":"product_cat-champignons-vitaux","8":"product_cat-produits-de-a-a-z","10":"first","11":"instock","12":"taxable","13":"shipping-taxable","14":"purchasable","15":"product-type-simple"},"acf":[],"_links":{"self":[{"href":"https:\/\/dev.vitalstoffversand.com\/fr\/wp-json\/wp\/v2\/product\/66064","targetHints":{"allow":["GET"]}}],"collection":[{"href":"https:\/\/dev.vitalstoffversand.com\/fr\/wp-json\/wp\/v2\/product"}],"about":[{"href":"https:\/\/dev.vitalstoffversand.com\/fr\/wp-json\/wp\/v2\/types\/product"}],"wp:featuredmedia":[{"embeddable":true,"href":"https:\/\/dev.vitalstoffversand.com\/fr\/wp-json\/wp\/v2\/media\/57943"}],"wp:attachment":[{"href":"https:\/\/dev.vitalstoffversand.com\/fr\/wp-json\/wp\/v2\/media?parent=66064"}],"wp:term":[{"taxonomy":"product_brand","embeddable":true,"href":"https:\/\/dev.vitalstoffversand.com\/fr\/wp-json\/wp\/v2\/product_brand?post=66064"},{"taxonomy":"product_cat","embeddable":true,"href":"https:\/\/dev.vitalstoffversand.com\/fr\/wp-json\/wp\/v2\/product_cat?post=66064"},{"taxonomy":"product_tag","embeddable":true,"href":"https:\/\/dev.vitalstoffversand.com\/fr\/wp-json\/wp\/v2\/product_tag?post=66064"}],"curies":[{"name":"wp","href":"https:\/\/api.w.org\/{rel}","templated":true}]}}