{"id":66061,"date":"2025-09-01T18:47:51","date_gmt":"2025-09-01T16:47:51","guid":{"rendered":"https:\/\/vitalstoffversand.com\/produkt\/vit4ever-bromelain-intenso-7500-f-i-p-120-gelules\/"},"modified":"2025-09-01T18:47:51","modified_gmt":"2025-09-01T16:47:51","slug":"vit4ever-bromelain-intenso-7500-f-i-p-120-gelules","status":"publish","type":"product","link":"https:\/\/dev.vitalstoffversand.com\/fr\/produit\/vit4ever-bromelain-intenso-7500-f-i-p-120-gelules\/","title":{"rendered":"Vit4ever <br>Bromelain Intenso 7500 F.I.P &#8211; 120 g\u00e9lules"},"content":{"rendered":"<p>Bromelain Intenso \u00e0 7 500 F.I.P. (F\u00e9d\u00e9ration internationale pharmaceutique = unit\u00e9 de mesure de l&#8217;activit\u00e9 enzymatique).<\/p>\n<p>La substance extraite de l&#8217;ananas est compos\u00e9e de deux enzymes.<\/p>\n<p>La brom\u00e9la\u00efne est \u00e9galement utilis\u00e9e comme rem\u00e8de \u00e0 base de plantes pour traiter les gonflements cons\u00e9cutifs \u00e0 des blessures ou \u00e0 des op\u00e9rations.<\/p>\n<p>Il poss\u00e8de \u00e9galement des propri\u00e9t\u00e9s anti-inflammatoires et facilite la digestion.<\/p>\n<p>Les g\u00e9lules sont gastro-r\u00e9sistantes afin que le principe actif ne soit lib\u00e9r\u00e9 qu&#8217;\u00e0 l&#8217;endroit o\u00f9 il peut \u00eatre absorb\u00e9.<\/p>\n<ul>\n<li>V\u00e9gan<\/li>\n<li>Sans gluten<\/li>\n<li>Sans lactose<\/li>\n<li>Sans OGM<\/li>\n<li>Fabriqu\u00e9 selon les normes de qualit\u00e9 strictes de l&#8217;UE<\/li>\n<\/ul>\n","protected":false},"excerpt":{"rendered":"<p>Bromelain Intenso \u00e0 7 500 F.I.P. (F\u00e9d\u00e9ration internationale pharmaceutique = unit\u00e9 de mesure de l&#8217;activit\u00e9 enzymatique). La substance extraite de l&#8217;ananas est compos\u00e9e de deux enzymes. La brom\u00e9la\u00efne est \u00e9galement utilis\u00e9e comme rem\u00e8de \u00e0 base de plantes pour traiter les gonflements cons\u00e9cutifs \u00e0 des blessures ou \u00e0 des op\u00e9rations. Il poss\u00e8de \u00e9galement des propri\u00e9t\u00e9s anti-inflammatoires [&hellip;]<\/p>\n","protected":false},"featured_media":57903,"template":"","meta":{"_acf_changed":false},"product_brand":[10217],"product_cat":[348,365],"product_tag":[],"class_list":{"0":"post-66061","1":"product","2":"type-product","3":"status-publish","4":"has-post-thumbnail","6":"product_brand-vit4ever-fr","7":"product_cat-nutriments","8":"product_cat-produits-de-a-a-z","10":"first","11":"outofstock","12":"taxable","13":"shipping-taxable","14":"purchasable","15":"product-type-simple"},"acf":[],"_links":{"self":[{"href":"https:\/\/dev.vitalstoffversand.com\/fr\/wp-json\/wp\/v2\/product\/66061","targetHints":{"allow":["GET"]}}],"collection":[{"href":"https:\/\/dev.vitalstoffversand.com\/fr\/wp-json\/wp\/v2\/product"}],"about":[{"href":"https:\/\/dev.vitalstoffversand.com\/fr\/wp-json\/wp\/v2\/types\/product"}],"wp:featuredmedia":[{"embeddable":true,"href":"https:\/\/dev.vitalstoffversand.com\/fr\/wp-json\/wp\/v2\/media\/57903"}],"wp:attachment":[{"href":"https:\/\/dev.vitalstoffversand.com\/fr\/wp-json\/wp\/v2\/media?parent=66061"}],"wp:term":[{"taxonomy":"product_brand","embeddable":true,"href":"https:\/\/dev.vitalstoffversand.com\/fr\/wp-json\/wp\/v2\/product_brand?post=66061"},{"taxonomy":"product_cat","embeddable":true,"href":"https:\/\/dev.vitalstoffversand.com\/fr\/wp-json\/wp\/v2\/product_cat?post=66061"},{"taxonomy":"product_tag","embeddable":true,"href":"https:\/\/dev.vitalstoffversand.com\/fr\/wp-json\/wp\/v2\/product_tag?post=66061"}],"curies":[{"name":"wp","href":"https:\/\/api.w.org\/{rel}","templated":true}]}}