{"id":65459,"date":"2026-01-13T15:11:53","date_gmt":"2026-01-13T14:11:53","guid":{"rendered":"https:\/\/vitalstoffversand.com\/produkt\/gen-cholesterol-control-180-gelules\/"},"modified":"2026-03-21T15:52:23","modified_gmt":"2026-03-21T14:52:23","slug":"gen-cholesterol-control-180-gelules","status":"publish","type":"product","link":"https:\/\/dev.vitalstoffversand.com\/fr\/produit\/gen-cholesterol-control-180-gelules\/","title":{"rendered":"GEN <br>Cholest\u00e9rol Control &#8211; 180 g\u00e9lules"},"content":{"rendered":"<p>GEN Cholest Control associe des extraits v\u00e9g\u00e9taux s\u00e9lectionn\u00e9s, des phytost\u00e9rols et des ingr\u00e9dients de qualit\u00e9 sup\u00e9rieure tels que le Lipophytol\u2122 et l&#8217;AstraGin\u00ae pour former une formule nutritionnelle moderne et facile \u00e0 int\u00e9grer au quotidien.<\/p>\n<p>Alors que les phytost\u00e9rols contenus dans Lipophytol\u2122 contribuent au maintien d&#8217;un taux de cholest\u00e9rol normal, 7 principes actifs synergiques viennent compl\u00e9ter la formule pour former un produit dont la combinaison est rare.<\/p>\n<ul>\n<li>V\u00e9gan<\/li>\n<li>Sans gluten<\/li>\n<li>Sans lactose<\/li>\n<li>Sans OGM<\/li>\n<li>Fabriqu\u00e9 selon les normes de qualit\u00e9 strictes de l&#8217;UE<\/li>\n<\/ul>\n","protected":false},"excerpt":{"rendered":"<p>GEN Cholest Control associe des extraits v\u00e9g\u00e9taux s\u00e9lectionn\u00e9s, des phytost\u00e9rols et des ingr\u00e9dients de qualit\u00e9 sup\u00e9rieure tels que le Lipophytol\u2122 et l&#8217;AstraGin\u00ae pour former une formule nutritionnelle moderne et facile \u00e0 int\u00e9grer au quotidien. Alors que les phytost\u00e9rols contenus dans Lipophytol\u2122 contribuent au maintien d&#8217;un taux de cholest\u00e9rol normal, 7 principes actifs synergiques viennent compl\u00e9ter [&hellip;]<\/p>\n","protected":false},"featured_media":65458,"template":"","meta":{"_acf_changed":false},"product_brand":[10197],"product_cat":[345,365],"product_tag":[],"class_list":{"0":"post-65459","1":"product","2":"type-product","3":"status-publish","4":"has-post-thumbnail","6":"product_brand-gen-german-elite-nutrition-fr","7":"product_cat-proteines","8":"product_cat-produits-de-a-a-z","10":"first","11":"instock","12":"taxable","13":"shipping-taxable","14":"purchasable","15":"product-type-simple"},"acf":[],"_links":{"self":[{"href":"https:\/\/dev.vitalstoffversand.com\/fr\/wp-json\/wp\/v2\/product\/65459","targetHints":{"allow":["GET"]}}],"collection":[{"href":"https:\/\/dev.vitalstoffversand.com\/fr\/wp-json\/wp\/v2\/product"}],"about":[{"href":"https:\/\/dev.vitalstoffversand.com\/fr\/wp-json\/wp\/v2\/types\/product"}],"wp:featuredmedia":[{"embeddable":true,"href":"https:\/\/dev.vitalstoffversand.com\/fr\/wp-json\/wp\/v2\/media\/65458"}],"wp:attachment":[{"href":"https:\/\/dev.vitalstoffversand.com\/fr\/wp-json\/wp\/v2\/media?parent=65459"}],"wp:term":[{"taxonomy":"product_brand","embeddable":true,"href":"https:\/\/dev.vitalstoffversand.com\/fr\/wp-json\/wp\/v2\/product_brand?post=65459"},{"taxonomy":"product_cat","embeddable":true,"href":"https:\/\/dev.vitalstoffversand.com\/fr\/wp-json\/wp\/v2\/product_cat?post=65459"},{"taxonomy":"product_tag","embeddable":true,"href":"https:\/\/dev.vitalstoffversand.com\/fr\/wp-json\/wp\/v2\/product_tag?post=65459"}],"curies":[{"name":"wp","href":"https:\/\/api.w.org\/{rel}","templated":true}]}}