{"id":64978,"date":"2026-03-12T13:13:43","date_gmt":"2026-03-12T12:13:43","guid":{"rendered":"https:\/\/vitalstoffversand.com\/?post_type=product&#038;p=64978"},"modified":"2026-03-21T15:51:57","modified_gmt":"2026-03-21T14:51:57","slug":"nuvi-health-vitamine-a-d3-k2-gouttes-50-ml-kopie","status":"publish","type":"product","link":"https:\/\/dev.vitalstoffversand.com\/fr\/produit\/nuvi-health-vitamine-a-d3-k2-gouttes-50-ml-kopie\/","title":{"rendered":"Nuvi Health <br>Huile d&#8217;origan &#8211; 20 ml"},"content":{"rendered":"<p>Huile d&#8217;origan provenant de France, contenant 80 % de carvacrol, 7 % de p-cym\u00e8ne, 6,5 % de gamma-terpin\u00e8ne et 4,5 % de thymol.<\/p>\n<p>L&#8217;huile d&#8217;origan est polyvalente et poss\u00e8de des propri\u00e9t\u00e9s puissantes dans de nombreux domaines.<\/p>\n<p>Le flacon contient environ 820 gouttes.<\/p>\n<ul>\n<li>Vegetarisch<\/li>\n<li>Sans gluten<\/li>\n<li>Sans lactose<\/li>\n<li>Sans OGM<\/li>\n<li>Fabriqu\u00e9 selon les normes de qualit\u00e9 strictes de l&#8217;UE<\/li>\n<\/ul>\n","protected":false},"excerpt":{"rendered":"<p>Huile d&#8217;origan provenant de France, contenant 80 % de carvacrol, 7 % de p-cym\u00e8ne, 6,5 % de gamma-terpin\u00e8ne et 4,5 % de thymol. L&#8217;huile d&#8217;origan est polyvalente et poss\u00e8de des propri\u00e9t\u00e9s puissantes dans de nombreux domaines. Le flacon contient environ 820 gouttes. Vegetarisch Sans gluten Sans lactose Sans OGM Fabriqu\u00e9 selon les normes de qualit\u00e9 [&hellip;]<\/p>\n","protected":false},"featured_media":64987,"template":"","meta":{"_acf_changed":false},"product_brand":[10211],"product_cat":[321,365],"product_tag":[],"class_list":{"0":"post-64978","1":"product","2":"type-product","3":"status-publish","4":"has-post-thumbnail","6":"product_brand-nuvi-health-fr","7":"product_cat-premiers-secours-medicaments","8":"product_cat-produits-de-a-a-z","10":"first","11":"instock","12":"sale","13":"taxable","14":"shipping-taxable","15":"purchasable","16":"product-type-simple"},"acf":[],"_links":{"self":[{"href":"https:\/\/dev.vitalstoffversand.com\/fr\/wp-json\/wp\/v2\/product\/64978","targetHints":{"allow":["GET"]}}],"collection":[{"href":"https:\/\/dev.vitalstoffversand.com\/fr\/wp-json\/wp\/v2\/product"}],"about":[{"href":"https:\/\/dev.vitalstoffversand.com\/fr\/wp-json\/wp\/v2\/types\/product"}],"wp:featuredmedia":[{"embeddable":true,"href":"https:\/\/dev.vitalstoffversand.com\/fr\/wp-json\/wp\/v2\/media\/64987"}],"wp:attachment":[{"href":"https:\/\/dev.vitalstoffversand.com\/fr\/wp-json\/wp\/v2\/media?parent=64978"}],"wp:term":[{"taxonomy":"product_brand","embeddable":true,"href":"https:\/\/dev.vitalstoffversand.com\/fr\/wp-json\/wp\/v2\/product_brand?post=64978"},{"taxonomy":"product_cat","embeddable":true,"href":"https:\/\/dev.vitalstoffversand.com\/fr\/wp-json\/wp\/v2\/product_cat?post=64978"},{"taxonomy":"product_tag","embeddable":true,"href":"https:\/\/dev.vitalstoffversand.com\/fr\/wp-json\/wp\/v2\/product_tag?post=64978"}],"curies":[{"name":"wp","href":"https:\/\/api.w.org\/{rel}","templated":true}]}}