{"id":64936,"date":"2025-09-19T17:11:54","date_gmt":"2025-09-19T15:11:54","guid":{"rendered":"https:\/\/vitalstoffversand.com\/produkt\/gen-poudre-hmb-500-g\/"},"modified":"2026-03-21T15:53:46","modified_gmt":"2026-03-21T14:53:46","slug":"gen-poudre-hmb-500-g","status":"publish","type":"product","link":"https:\/\/dev.vitalstoffversand.com\/fr\/produit\/gen-poudre-hmb-500-g\/","title":{"rendered":"GEN <br>Poudre HMB &#8211; 500 g"},"content":{"rendered":"<p>L&#8217;hydroxy-m\u00e9thylbutyrate (HMB) contribue \u00e0 soutenir un m\u00e9tabolisme \u00e9nerg\u00e9tique normal et, associ\u00e9 \u00e0 la <strong><a href=\"https:\/\/dev.vitalstoffversand.com\/knowledge-base\/vitamin-b6\/\" target=\"_blank\" rel=\"noopener\">\u2192 vitamine B6<\/a><\/strong>, aide \u00e0 r\u00e9duire la fatigue et l&#8217;\u00e9puisement.<\/p>\n<p>Un compl\u00e9ment id\u00e9al pour les activit\u00e9s sportives et un mode de vie actif.<\/p>\n<ul>\n<li>V\u00e9gan<\/li>\n<li>Sans gluten<\/li>\n<li>Sans lactose<\/li>\n<li>Sans OGM<\/li>\n<li>Fabriqu\u00e9 selon les normes de qualit\u00e9 strictes de l&#8217;UE<\/li>\n<\/ul>\n","protected":false},"excerpt":{"rendered":"<p>L&#8217;hydroxy-m\u00e9thylbutyrate (HMB) contribue \u00e0 soutenir un m\u00e9tabolisme \u00e9nerg\u00e9tique normal et, associ\u00e9 \u00e0 la \u2192 vitamine B6, aide \u00e0 r\u00e9duire la fatigue et l&#8217;\u00e9puisement. Un compl\u00e9ment id\u00e9al pour les activit\u00e9s sportives et un mode de vie actif. V\u00e9gan Sans gluten Sans lactose Sans OGM Fabriqu\u00e9 selon les normes de qualit\u00e9 strictes de l&#8217;UE<\/p>\n","protected":false},"featured_media":47052,"template":"","meta":{"_acf_changed":false},"product_brand":[10197],"product_cat":[353,365],"product_tag":[],"class_list":{"0":"post-64936","1":"product","2":"type-product","3":"status-publish","4":"has-post-thumbnail","6":"product_brand-gen-german-elite-nutrition-fr","7":"product_cat-supplements-sportifs","8":"product_cat-produits-de-a-a-z","10":"first","11":"instock","12":"taxable","13":"shipping-taxable","14":"purchasable","15":"product-type-simple"},"acf":[],"_links":{"self":[{"href":"https:\/\/dev.vitalstoffversand.com\/fr\/wp-json\/wp\/v2\/product\/64936","targetHints":{"allow":["GET"]}}],"collection":[{"href":"https:\/\/dev.vitalstoffversand.com\/fr\/wp-json\/wp\/v2\/product"}],"about":[{"href":"https:\/\/dev.vitalstoffversand.com\/fr\/wp-json\/wp\/v2\/types\/product"}],"wp:featuredmedia":[{"embeddable":true,"href":"https:\/\/dev.vitalstoffversand.com\/fr\/wp-json\/wp\/v2\/media\/47052"}],"wp:attachment":[{"href":"https:\/\/dev.vitalstoffversand.com\/fr\/wp-json\/wp\/v2\/media?parent=64936"}],"wp:term":[{"taxonomy":"product_brand","embeddable":true,"href":"https:\/\/dev.vitalstoffversand.com\/fr\/wp-json\/wp\/v2\/product_brand?post=64936"},{"taxonomy":"product_cat","embeddable":true,"href":"https:\/\/dev.vitalstoffversand.com\/fr\/wp-json\/wp\/v2\/product_cat?post=64936"},{"taxonomy":"product_tag","embeddable":true,"href":"https:\/\/dev.vitalstoffversand.com\/fr\/wp-json\/wp\/v2\/product_tag?post=64936"}],"curies":[{"name":"wp","href":"https:\/\/api.w.org\/{rel}","templated":true}]}}