{"id":64820,"date":"2025-09-18T17:52:53","date_gmt":"2025-09-18T15:52:53","guid":{"rendered":"https:\/\/vitalstoffversand.com\/produkt\/gen-glycopump-glycerol-en-poudre-300-g\/"},"modified":"2026-03-21T15:53:57","modified_gmt":"2026-03-21T14:53:57","slug":"gen-glycopump-glycerol-en-poudre-300-g","status":"publish","type":"product","link":"https:\/\/dev.vitalstoffversand.com\/fr\/produit\/gen-glycopump-glycerol-en-poudre-300-g\/","title":{"rendered":"GEN <br>GlycoPump\u00ae Glyc\u00e9rol en poudre &#8211; 300 g"},"content":{"rendered":"<p>La poudre de glyc\u00e9rol de GEN mise sur la mati\u00e8re premi\u00e8re haut de gamme GlycoPump\u00ae, qui, gr\u00e2ce \u00e0 une formule sp\u00e9ciale, peut pr\u00e9senter une teneur en principes actifs de 65 %.<\/p>\n<p>Id\u00e9al pour soutenir l&#8217;entra\u00eenement ou les activit\u00e9s sportives en g\u00e9n\u00e9ral.<\/p>\n<ul>\n<li>V\u00e9gan<\/li>\n<li>Sans gluten<\/li>\n<li>Sans lactose<\/li>\n<li>Sans OGM<\/li>\n<li>Fabriqu\u00e9 selon les normes de qualit\u00e9 strictes de l&#8217;UE<\/li>\n<\/ul>\n","protected":false},"excerpt":{"rendered":"<p>La poudre de glyc\u00e9rol de GEN mise sur la mati\u00e8re premi\u00e8re haut de gamme GlycoPump\u00ae, qui, gr\u00e2ce \u00e0 une formule sp\u00e9ciale, peut pr\u00e9senter une teneur en principes actifs de 65 %. Id\u00e9al pour soutenir l&#8217;entra\u00eenement ou les activit\u00e9s sportives en g\u00e9n\u00e9ral. V\u00e9gan Sans gluten Sans lactose Sans OGM Fabriqu\u00e9 selon les normes de qualit\u00e9 strictes [&hellip;]<\/p>\n","protected":false},"featured_media":47012,"template":"","meta":{"_acf_changed":false},"product_brand":[10197],"product_cat":[353,365],"product_tag":[],"class_list":{"0":"post-64820","1":"product","2":"type-product","3":"status-publish","4":"has-post-thumbnail","6":"product_brand-gen-german-elite-nutrition-fr","7":"product_cat-supplements-sportifs","8":"product_cat-produits-de-a-a-z","10":"first","11":"instock","12":"taxable","13":"shipping-taxable","14":"purchasable","15":"product-type-simple"},"acf":[],"_links":{"self":[{"href":"https:\/\/dev.vitalstoffversand.com\/fr\/wp-json\/wp\/v2\/product\/64820","targetHints":{"allow":["GET"]}}],"collection":[{"href":"https:\/\/dev.vitalstoffversand.com\/fr\/wp-json\/wp\/v2\/product"}],"about":[{"href":"https:\/\/dev.vitalstoffversand.com\/fr\/wp-json\/wp\/v2\/types\/product"}],"wp:featuredmedia":[{"embeddable":true,"href":"https:\/\/dev.vitalstoffversand.com\/fr\/wp-json\/wp\/v2\/media\/47012"}],"wp:attachment":[{"href":"https:\/\/dev.vitalstoffversand.com\/fr\/wp-json\/wp\/v2\/media?parent=64820"}],"wp:term":[{"taxonomy":"product_brand","embeddable":true,"href":"https:\/\/dev.vitalstoffversand.com\/fr\/wp-json\/wp\/v2\/product_brand?post=64820"},{"taxonomy":"product_cat","embeddable":true,"href":"https:\/\/dev.vitalstoffversand.com\/fr\/wp-json\/wp\/v2\/product_cat?post=64820"},{"taxonomy":"product_tag","embeddable":true,"href":"https:\/\/dev.vitalstoffversand.com\/fr\/wp-json\/wp\/v2\/product_tag?post=64820"}],"curies":[{"name":"wp","href":"https:\/\/api.w.org\/{rel}","templated":true}]}}