{"id":64801,"date":"2025-04-10T12:00:55","date_gmt":"2025-04-10T10:00:55","guid":{"rendered":"https:\/\/vitalstoffversand.com\/produkt\/gen-creatine-hcl-365-capsules\/"},"modified":"2026-03-12T12:22:52","modified_gmt":"2026-03-12T11:22:52","slug":"gen-creatine-hcl-365-capsules","status":"publish","type":"product","link":"https:\/\/dev.vitalstoffversand.com\/fr\/produit\/gen-creatine-hcl-365-capsules\/","title":{"rendered":"GEN <br>Cr\u00e9atine HCL &#8211; 365 Capsules"},"content":{"rendered":"<p><a href=\"https:\/\/dev.vitalstoffversand.com\/knowledge-base\/creatin-kreatin\/\" target=\"_blank\" rel=\"noopener\"><strong><span style=\"color: #0000ff;\">\u2192 La cr\u00e9atine<\/span><\/strong><\/a> fait partie des suppl\u00e9ments les plus importants ou les plus utilis\u00e9s dans le sport de comp\u00e9tition.<\/p>\n<p>La cr\u00e9atine HCL (chlorhydrate de cr\u00e9atine) est une cr\u00e9atine li\u00e9e \u00e0 l&#8217;acide chlorhydrique et vise \u00e0 \u00e9viter ou \u00e0 r\u00e9duire les \u00e9ventuels \u00ab effets secondaires \u00bb, tels que les ballonnements ou la diarrh\u00e9e, qui peuvent survenir chez certaines personnes lors de la prise de cr\u00e9atine monohydrate.<\/p>\n<p>La forme de pr\u00e9sentation des g\u00e9lules permet ici un bon et simple dosage, m\u00eame en d\u00e9placement.<\/p>\n<ul>\n<li>Sans gluten<\/li>\n<li>Sans lactose<\/li>\n<li>Sans OGM<\/li>\n<li>Fabriqu\u00e9 selon les normes de qualit\u00e9 strictes de l&#8217;UE<\/li>\n<\/ul>\n","protected":false},"excerpt":{"rendered":"<p>\u2192 La cr\u00e9atine fait partie des suppl\u00e9ments les plus importants ou les plus utilis\u00e9s dans le sport de comp\u00e9tition. La cr\u00e9atine HCL (chlorhydrate de cr\u00e9atine) est une cr\u00e9atine li\u00e9e \u00e0 l&#8217;acide chlorhydrique et vise \u00e0 \u00e9viter ou \u00e0 r\u00e9duire les \u00e9ventuels \u00ab effets secondaires \u00bb, tels que les ballonnements ou la diarrh\u00e9e, qui peuvent survenir [&hellip;]<\/p>\n","protected":false},"featured_media":46508,"template":"","meta":{"_acf_changed":false},"product_brand":[10197],"product_cat":[353,365],"product_tag":[],"class_list":{"0":"post-64801","1":"product","2":"type-product","3":"status-publish","4":"has-post-thumbnail","6":"product_brand-gen-german-elite-nutrition-fr","7":"product_cat-supplements-sportifs","8":"product_cat-produits-de-a-a-z","10":"first","11":"instock","12":"taxable","13":"shipping-taxable","14":"purchasable","15":"product-type-simple"},"acf":[],"_links":{"self":[{"href":"https:\/\/dev.vitalstoffversand.com\/fr\/wp-json\/wp\/v2\/product\/64801","targetHints":{"allow":["GET"]}}],"collection":[{"href":"https:\/\/dev.vitalstoffversand.com\/fr\/wp-json\/wp\/v2\/product"}],"about":[{"href":"https:\/\/dev.vitalstoffversand.com\/fr\/wp-json\/wp\/v2\/types\/product"}],"wp:featuredmedia":[{"embeddable":true,"href":"https:\/\/dev.vitalstoffversand.com\/fr\/wp-json\/wp\/v2\/media\/46508"}],"wp:attachment":[{"href":"https:\/\/dev.vitalstoffversand.com\/fr\/wp-json\/wp\/v2\/media?parent=64801"}],"wp:term":[{"taxonomy":"product_brand","embeddable":true,"href":"https:\/\/dev.vitalstoffversand.com\/fr\/wp-json\/wp\/v2\/product_brand?post=64801"},{"taxonomy":"product_cat","embeddable":true,"href":"https:\/\/dev.vitalstoffversand.com\/fr\/wp-json\/wp\/v2\/product_cat?post=64801"},{"taxonomy":"product_tag","embeddable":true,"href":"https:\/\/dev.vitalstoffversand.com\/fr\/wp-json\/wp\/v2\/product_tag?post=64801"}],"curies":[{"name":"wp","href":"https:\/\/api.w.org\/{rel}","templated":true}]}}