{"id":64795,"date":"2024-11-12T13:03:04","date_gmt":"2024-11-12T12:03:04","guid":{"rendered":"https:\/\/vitalstoffversand.com\/produkt\/gen-dextrine-de-grappe-cyclique-1000-g\/"},"modified":"2026-03-11T15:12:55","modified_gmt":"2026-03-11T14:12:55","slug":"gen-dextrine-de-grappe-cyclique-1000-g","status":"publish","type":"product","link":"https:\/\/dev.vitalstoffversand.com\/fr\/produit\/gen-dextrine-de-grappe-cyclique-1000-g\/","title":{"rendered":"GEN <br>Dextrine de grappe cyclique &#8211; 1000 g"},"content":{"rendered":"<p>La Cluster Dextrin\u00ae est lib\u00e9r\u00e9e lentement dans l&#8217;organisme et est donc consid\u00e9r\u00e9e comme une source d&#8217;hydrates de carbone douce.<\/p>\n<p>Int\u00e9ressant pour tous ceux qui ont besoin d&#8217;un apport \u00e9nerg\u00e9tique continu.<\/p>\n<p>Le produit est facilement soluble et se caract\u00e9rise par une faible osmolarit\u00e9.<\/p>\n<ul>\n<li>V\u00e9gan<\/li>\n<li>Sans gluten<\/li>\n<li>Sans lactose<\/li>\n<li>Sans OGM<\/li>\n<li>Fabriqu\u00e9 selon les normes de qualit\u00e9 strictes de l&#8217;UE<\/li>\n<\/ul>\n","protected":false},"excerpt":{"rendered":"<p>La Cluster Dextrin\u00ae est lib\u00e9r\u00e9e lentement dans l&#8217;organisme et est donc consid\u00e9r\u00e9e comme une source d&#8217;hydrates de carbone douce. Int\u00e9ressant pour tous ceux qui ont besoin d&#8217;un apport \u00e9nerg\u00e9tique continu. Le produit est facilement soluble et se caract\u00e9rise par une faible osmolarit\u00e9. V\u00e9gan Sans gluten Sans lactose Sans OGM Fabriqu\u00e9 selon les normes de qualit\u00e9 [&hellip;]<\/p>\n","protected":false},"featured_media":45795,"template":"","meta":{"_acf_changed":false},"product_brand":[10197],"product_cat":[353,365],"product_tag":[],"class_list":{"0":"post-64795","1":"product","2":"type-product","3":"status-publish","4":"has-post-thumbnail","6":"product_brand-gen-german-elite-nutrition-fr","7":"product_cat-supplements-sportifs","8":"product_cat-produits-de-a-a-z","10":"first","11":"instock","12":"taxable","13":"shipping-taxable","14":"purchasable","15":"product-type-simple"},"acf":[],"_links":{"self":[{"href":"https:\/\/dev.vitalstoffversand.com\/fr\/wp-json\/wp\/v2\/product\/64795","targetHints":{"allow":["GET"]}}],"collection":[{"href":"https:\/\/dev.vitalstoffversand.com\/fr\/wp-json\/wp\/v2\/product"}],"about":[{"href":"https:\/\/dev.vitalstoffversand.com\/fr\/wp-json\/wp\/v2\/types\/product"}],"wp:featuredmedia":[{"embeddable":true,"href":"https:\/\/dev.vitalstoffversand.com\/fr\/wp-json\/wp\/v2\/media\/45795"}],"wp:attachment":[{"href":"https:\/\/dev.vitalstoffversand.com\/fr\/wp-json\/wp\/v2\/media?parent=64795"}],"wp:term":[{"taxonomy":"product_brand","embeddable":true,"href":"https:\/\/dev.vitalstoffversand.com\/fr\/wp-json\/wp\/v2\/product_brand?post=64795"},{"taxonomy":"product_cat","embeddable":true,"href":"https:\/\/dev.vitalstoffversand.com\/fr\/wp-json\/wp\/v2\/product_cat?post=64795"},{"taxonomy":"product_tag","embeddable":true,"href":"https:\/\/dev.vitalstoffversand.com\/fr\/wp-json\/wp\/v2\/product_tag?post=64795"}],"curies":[{"name":"wp","href":"https:\/\/api.w.org\/{rel}","templated":true}]}}