{"id":64783,"date":"2025-10-01T13:58:24","date_gmt":"2025-10-01T11:58:24","guid":{"rendered":"https:\/\/vitalstoffversand.com\/produkt\/gen-cla-240-gelules\/"},"modified":"2026-03-21T15:53:27","modified_gmt":"2026-03-21T14:53:27","slug":"gen-cla-240-gelules","status":"publish","type":"product","link":"https:\/\/dev.vitalstoffversand.com\/fr\/produit\/gen-cla-240-gelules\/","title":{"rendered":"GEN <br>CLA &#8211; 240 g\u00e9lules"},"content":{"rendered":"<p>Le CLA (acide linol\u00e9ique conjugu\u00e9) est une forme modifi\u00e9e de l&#8217;acide linol\u00e9ique et fait partie des acides gras essentiels, plus pr\u00e9cis\u00e9ment des acides gras om\u00e9ga-6.<\/p>\n<p>Notre corps ne peut pas produire lui-m\u00eame cet acide gras, il doit donc \u00eatre absorb\u00e9 par l&#8217;alimentation.<\/p>\n<ul>\n<li>Sans gluten<\/li>\n<li>Sans lactose<\/li>\n<li>Sans OGM<\/li>\n<li>Fabriqu\u00e9 selon les normes de qualit\u00e9 strictes de l&#8217;UE<\/li>\n<\/ul>\n","protected":false},"excerpt":{"rendered":"<p>Le CLA (acide linol\u00e9ique conjugu\u00e9) est une forme modifi\u00e9e de l&#8217;acide linol\u00e9ique et fait partie des acides gras essentiels, plus pr\u00e9cis\u00e9ment des acides gras om\u00e9ga-6. Notre corps ne peut pas produire lui-m\u00eame cet acide gras, il doit donc \u00eatre absorb\u00e9 par l&#8217;alimentation. Sans gluten Sans lactose Sans OGM Fabriqu\u00e9 selon les normes de qualit\u00e9 strictes [&hellip;]<\/p>\n","protected":false},"featured_media":44619,"template":"","meta":{"_acf_changed":false},"product_brand":[10197],"product_cat":[337,365],"product_tag":[],"class_list":{"0":"post-64783","1":"product","2":"type-product","3":"status-publish","4":"has-post-thumbnail","6":"product_brand-gen-german-elite-nutrition-fr","7":"product_cat-acides-gras","8":"product_cat-produits-de-a-a-z","10":"first","11":"instock","12":"taxable","13":"shipping-taxable","14":"purchasable","15":"product-type-simple"},"acf":[],"_links":{"self":[{"href":"https:\/\/dev.vitalstoffversand.com\/fr\/wp-json\/wp\/v2\/product\/64783","targetHints":{"allow":["GET"]}}],"collection":[{"href":"https:\/\/dev.vitalstoffversand.com\/fr\/wp-json\/wp\/v2\/product"}],"about":[{"href":"https:\/\/dev.vitalstoffversand.com\/fr\/wp-json\/wp\/v2\/types\/product"}],"wp:featuredmedia":[{"embeddable":true,"href":"https:\/\/dev.vitalstoffversand.com\/fr\/wp-json\/wp\/v2\/media\/44619"}],"wp:attachment":[{"href":"https:\/\/dev.vitalstoffversand.com\/fr\/wp-json\/wp\/v2\/media?parent=64783"}],"wp:term":[{"taxonomy":"product_brand","embeddable":true,"href":"https:\/\/dev.vitalstoffversand.com\/fr\/wp-json\/wp\/v2\/product_brand?post=64783"},{"taxonomy":"product_cat","embeddable":true,"href":"https:\/\/dev.vitalstoffversand.com\/fr\/wp-json\/wp\/v2\/product_cat?post=64783"},{"taxonomy":"product_tag","embeddable":true,"href":"https:\/\/dev.vitalstoffversand.com\/fr\/wp-json\/wp\/v2\/product_tag?post=64783"}],"curies":[{"name":"wp","href":"https:\/\/api.w.org\/{rel}","templated":true}]}}