{"id":62640,"date":"2026-01-29T18:11:46","date_gmt":"2026-01-29T17:11:46","guid":{"rendered":"https:\/\/vitalstoffversand.com\/?post_type=product&#038;p=62640"},"modified":"2026-03-21T15:52:14","modified_gmt":"2026-03-21T14:52:14","slug":"natura-med-ecorces-de-psyllium-bio-differentes-quantites-kopie","status":"publish","type":"product","link":"https:\/\/dev.vitalstoffversand.com\/fr\/produit\/natura-med-ecorces-de-psyllium-bio-differentes-quantites-kopie\/","title":{"rendered":"Natura Med <br>Cosses de psyllium bio &#8211; 500 g"},"content":{"rendered":"<p>Les enveloppes de psyllium sont une tr\u00e8s bonne source de fibres alimentaires et peuvent contribuer \u00e0 une alimentation riche en fibres.<\/p>\n<p>Gr\u00e2ce \u00e0 leurs propri\u00e9t\u00e9s hautement gonflantes, elles peuvent avoir un effet positif sur la sensation de sati\u00e9t\u00e9 et la digestion et sont donc parfaitement adapt\u00e9es pour accompagner un r\u00e9gime alimentaire.<\/p>\n<p>Les enveloppes de psyllium sont \u00e9galement utilis\u00e9es en cas de constipation, de probl\u00e8mes digestifs et pour nettoyer ou assainir les intestins.<\/p>\n<ul>\n<li>100 % naturel &#8211; sans additifs<\/li>\n<li>V\u00e9gan<\/li>\n<li>Sans gluten<\/li>\n<li>Sans lactose<\/li>\n<li>Sans OGM<\/li>\n<li>Fabriqu\u00e9 selon les normes de qualit\u00e9 strictes de l&#8217;UE<\/li>\n<\/ul>\n","protected":false},"excerpt":{"rendered":"<p>Les enveloppes de psyllium sont une tr\u00e8s bonne source de fibres alimentaires et peuvent contribuer \u00e0 une alimentation riche en fibres. Gr\u00e2ce \u00e0 leurs propri\u00e9t\u00e9s hautement gonflantes, elles peuvent avoir un effet positif sur la sensation de sati\u00e9t\u00e9 et la digestion et sont donc parfaitement adapt\u00e9es pour accompagner un r\u00e9gime alimentaire. Les enveloppes de psyllium [&hellip;]<\/p>\n","protected":false},"featured_media":40491,"template":"","meta":{"_acf_changed":false},"product_brand":[10203],"product_cat":[348,306,365],"product_tag":[],"class_list":{"0":"post-62640","1":"product","2":"type-product","3":"status-publish","4":"has-post-thumbnail","6":"product_brand-natura-med-fr","7":"product_cat-nutriments","8":"product_cat-bio-fr","9":"product_cat-produits-de-a-a-z","11":"first","12":"instock","13":"taxable","14":"shipping-taxable","15":"purchasable","16":"product-type-simple"},"acf":[],"_links":{"self":[{"href":"https:\/\/dev.vitalstoffversand.com\/fr\/wp-json\/wp\/v2\/product\/62640","targetHints":{"allow":["GET"]}}],"collection":[{"href":"https:\/\/dev.vitalstoffversand.com\/fr\/wp-json\/wp\/v2\/product"}],"about":[{"href":"https:\/\/dev.vitalstoffversand.com\/fr\/wp-json\/wp\/v2\/types\/product"}],"wp:featuredmedia":[{"embeddable":true,"href":"https:\/\/dev.vitalstoffversand.com\/fr\/wp-json\/wp\/v2\/media\/40491"}],"wp:attachment":[{"href":"https:\/\/dev.vitalstoffversand.com\/fr\/wp-json\/wp\/v2\/media?parent=62640"}],"wp:term":[{"taxonomy":"product_brand","embeddable":true,"href":"https:\/\/dev.vitalstoffversand.com\/fr\/wp-json\/wp\/v2\/product_brand?post=62640"},{"taxonomy":"product_cat","embeddable":true,"href":"https:\/\/dev.vitalstoffversand.com\/fr\/wp-json\/wp\/v2\/product_cat?post=62640"},{"taxonomy":"product_tag","embeddable":true,"href":"https:\/\/dev.vitalstoffversand.com\/fr\/wp-json\/wp\/v2\/product_tag?post=62640"}],"curies":[{"name":"wp","href":"https:\/\/api.w.org\/{rel}","templated":true}]}}