{"id":60913,"date":"2025-10-08T13:59:47","date_gmt":"2025-10-08T11:59:47","guid":{"rendered":"https:\/\/vitalstoffversand.com\/produkt\/gen-acide-d-aspartique-300-gelules\/"},"modified":"2026-03-21T15:52:52","modified_gmt":"2026-03-21T14:52:52","slug":"gen-acide-d-aspartique-300-gelules","status":"publish","type":"product","link":"https:\/\/dev.vitalstoffversand.com\/fr\/produit\/gen-acide-d-aspartique-300-gelules\/","title":{"rendered":"GEN <br>Acide D-aspartique &#8211; 300 g\u00e9lules"},"content":{"rendered":"<p>L&#8217;acide D-aspartique (DAA) est un acide amin\u00e9 naturel qui participe aux processus centraux du m\u00e9tabolisme des acides amin\u00e9s.<\/p>\n<p>Compl\u00e9ment utile pour les adeptes de musculation et les culturistes dans le domaine du fitness, en compl\u00e9ment d&#8217;une alimentation \u00e9quilibr\u00e9e et d&#8217;un programme de r\u00e9cup\u00e9ration structur\u00e9.<\/p>\n<ul>\n<li>Sans gluten<\/li>\n<li>Sans lactose<\/li>\n<li>Sans OGM<\/li>\n<li>Fabriqu\u00e9 selon les normes de qualit\u00e9 strictes de l&#8217;UE<\/li>\n<\/ul>\n","protected":false},"excerpt":{"rendered":"<p>L&#8217;acide aspartique, un soutien utile et un compl\u00e9ment alimentaire pour les sportifs actifs.<\/p>\n","protected":false},"featured_media":60906,"template":"","meta":{"_acf_changed":false},"product_brand":[10197],"product_cat":[332,365],"product_tag":[],"class_list":{"0":"post-60913","1":"product","2":"type-product","3":"status-publish","4":"has-post-thumbnail","6":"product_brand-gen-german-elite-nutrition-fr","7":"product_cat-acides-amines","8":"product_cat-produits-de-a-a-z","10":"first","11":"instock","12":"taxable","13":"shipping-taxable","14":"purchasable","15":"product-type-simple"},"acf":[],"_links":{"self":[{"href":"https:\/\/dev.vitalstoffversand.com\/fr\/wp-json\/wp\/v2\/product\/60913","targetHints":{"allow":["GET"]}}],"collection":[{"href":"https:\/\/dev.vitalstoffversand.com\/fr\/wp-json\/wp\/v2\/product"}],"about":[{"href":"https:\/\/dev.vitalstoffversand.com\/fr\/wp-json\/wp\/v2\/types\/product"}],"wp:featuredmedia":[{"embeddable":true,"href":"https:\/\/dev.vitalstoffversand.com\/fr\/wp-json\/wp\/v2\/media\/60906"}],"wp:attachment":[{"href":"https:\/\/dev.vitalstoffversand.com\/fr\/wp-json\/wp\/v2\/media?parent=60913"}],"wp:term":[{"taxonomy":"product_brand","embeddable":true,"href":"https:\/\/dev.vitalstoffversand.com\/fr\/wp-json\/wp\/v2\/product_brand?post=60913"},{"taxonomy":"product_cat","embeddable":true,"href":"https:\/\/dev.vitalstoffversand.com\/fr\/wp-json\/wp\/v2\/product_cat?post=60913"},{"taxonomy":"product_tag","embeddable":true,"href":"https:\/\/dev.vitalstoffversand.com\/fr\/wp-json\/wp\/v2\/product_tag?post=60913"}],"curies":[{"name":"wp","href":"https:\/\/api.w.org\/{rel}","templated":true}]}}