{"id":60846,"date":"2025-10-11T12:35:26","date_gmt":"2025-10-11T10:35:26","guid":{"rendered":"https:\/\/vitalstoffversand.com\/produkt\/gen-melatonine-a-liberation-prolongee-365-comprimes\/"},"modified":"2026-03-21T15:52:51","modified_gmt":"2026-03-21T14:52:51","slug":"gen-melatonine-a-liberation-prolongee-365-comprimes","status":"publish","type":"product","link":"https:\/\/dev.vitalstoffversand.com\/fr\/produit\/gen-melatonine-a-liberation-prolongee-365-comprimes\/","title":{"rendered":"GEN <br>M\u00e9latonine \u00e0 lib\u00e9ration prolong\u00e9e &#8211; 365 comprim\u00e9s"},"content":{"rendered":"<p>La formule sp\u00e9ciale GEN Melatonin Time Release a \u00e9t\u00e9 d\u00e9velopp\u00e9e pour soutenir en douceur votre rythme de sommeil naturel.<\/p>\n<p>Le comprim\u00e9 est s\u00e9cable, une demi-comprim\u00e9 contenant 0,5 mg de m\u00e9latonine. Cela offre une efficacit\u00e9 parfaite entre \u00e9quilibre et tol\u00e9rance et convient donc \u00e9galement tr\u00e8s bien aux travailleurs post\u00e9s, aux voyageurs et aux personnes qui souhaitent se d\u00e9tendre le soir.<\/p>\n<p>La m\u00e9latonine contenue dans ce produit est lib\u00e9r\u00e9e de mani\u00e8re contr\u00f4l\u00e9e et diff\u00e9r\u00e9e, offrant ainsi un effet r\u00e9gulier.<\/p>\n<ul>\n<li>v\u00e9gan<\/li>\n<li>v\u00e9g\u00e9tarien<\/li>\n<li>Sans gluten<\/li>\n<li>Sans OGM<\/li>\n<li>Fabriqu\u00e9 selon les normes de qualit\u00e9 strictes de l&#8217;UE<\/li>\n<\/ul>\n","protected":false},"excerpt":{"rendered":"<p>Trouvez le calme et dormez bien gr\u00e2ce \u00e0 la m\u00e9latonine innovante \u00e0 lib\u00e9ration prolong\u00e9e.<br \/>\nSaveur citronn\u00e9e d\u00e9licieuse pour une prise agr\u00e9able.<\/p>\n","protected":false},"featured_media":60841,"template":"","meta":{"_acf_changed":false},"product_brand":[10197],"product_cat":[348,365],"product_tag":[],"class_list":{"0":"post-60846","1":"product","2":"type-product","3":"status-publish","4":"has-post-thumbnail","6":"product_brand-gen-german-elite-nutrition-fr","7":"product_cat-nutriments","8":"product_cat-produits-de-a-a-z","10":"first","11":"instock","12":"taxable","13":"shipping-taxable","14":"purchasable","15":"product-type-simple"},"acf":[],"_links":{"self":[{"href":"https:\/\/dev.vitalstoffversand.com\/fr\/wp-json\/wp\/v2\/product\/60846","targetHints":{"allow":["GET"]}}],"collection":[{"href":"https:\/\/dev.vitalstoffversand.com\/fr\/wp-json\/wp\/v2\/product"}],"about":[{"href":"https:\/\/dev.vitalstoffversand.com\/fr\/wp-json\/wp\/v2\/types\/product"}],"wp:featuredmedia":[{"embeddable":true,"href":"https:\/\/dev.vitalstoffversand.com\/fr\/wp-json\/wp\/v2\/media\/60841"}],"wp:attachment":[{"href":"https:\/\/dev.vitalstoffversand.com\/fr\/wp-json\/wp\/v2\/media?parent=60846"}],"wp:term":[{"taxonomy":"product_brand","embeddable":true,"href":"https:\/\/dev.vitalstoffversand.com\/fr\/wp-json\/wp\/v2\/product_brand?post=60846"},{"taxonomy":"product_cat","embeddable":true,"href":"https:\/\/dev.vitalstoffversand.com\/fr\/wp-json\/wp\/v2\/product_cat?post=60846"},{"taxonomy":"product_tag","embeddable":true,"href":"https:\/\/dev.vitalstoffversand.com\/fr\/wp-json\/wp\/v2\/product_tag?post=60846"}],"curies":[{"name":"wp","href":"https:\/\/api.w.org\/{rel}","templated":true}]}}