{"id":43198,"date":"2025-09-01T18:52:48","date_gmt":"2025-09-01T16:52:48","guid":{"rendered":"https:\/\/vitalstoffversand.com\/produkt\/vit4ever-nac-800-n-acetyl-l-cysteine-240-gelules\/"},"modified":"2026-03-21T15:54:27","modified_gmt":"2026-03-21T14:54:27","slug":"vit4ever-nac-800-n-acetyl-l-cysteine-240-gelules","status":"publish","type":"product","link":"https:\/\/dev.vitalstoffversand.com\/fr\/produit\/vit4ever-nac-800-n-acetyl-l-cysteine-240-gelules\/","title":{"rendered":"Vit4ever <br>NAC 600 &#8211; N-ac\u00e9tyl-L-cyst\u00e9ine &#8211; 240 g\u00e9lules"},"content":{"rendered":"<p>La N-ac\u00e9tyl-L-cyst\u00e9ine (\u00e9galement appel\u00e9e NAC) est la forme N-ac\u00e9tyl\u00e9e de la L-cyst\u00e9ine, tr\u00e8s efficace et tr\u00e8s biodisponible.<\/p>\n<p>La NAC est plus stable que la L-cyst\u00e9ine normale prolonge l&#8217;action de l&#8217;acide amin\u00e9 dans la production de glutathion, qui est impliqu\u00e9 dans de nombreux processus importants dans le corps et qui a \u00e9galement un effet antioxydant.<\/p>\n<ul>\n<li>V\u00e9gan<\/li>\n<li>Sans gluten<\/li>\n<li>Sans lactose<\/li>\n<li>Sans OGM<\/li>\n<li>Fabriqu\u00e9 selon les normes de qualit\u00e9 strictes de l&#8217;UE<\/li>\n<\/ul>\n","protected":false},"excerpt":{"rendered":"<p>La N-ac\u00e9tyl-L-cyst\u00e9ine (\u00e9galement appel\u00e9e NAC) est la forme N-ac\u00e9tyl\u00e9e de la L-cyst\u00e9ine, tr\u00e8s efficace et tr\u00e8s biodisponible. La NAC est plus stable que la L-cyst\u00e9ine normale prolonge l&#8217;action de l&#8217;acide amin\u00e9 dans la production de glutathion, qui est impliqu\u00e9 dans de nombreux processus importants dans le corps et qui a \u00e9galement un effet antioxydant. V\u00e9gan [&hellip;]<\/p>\n","protected":false},"featured_media":62828,"template":"","meta":{"_acf_changed":false},"product_brand":[10217],"product_cat":[348,365],"product_tag":[],"class_list":{"0":"post-43198","1":"product","2":"type-product","3":"status-publish","4":"has-post-thumbnail","6":"product_brand-vit4ever-fr","7":"product_cat-nutriments","8":"product_cat-produits-de-a-a-z","10":"first","11":"instock","12":"taxable","13":"shipping-taxable","14":"purchasable","15":"product-type-simple"},"acf":[],"_links":{"self":[{"href":"https:\/\/dev.vitalstoffversand.com\/fr\/wp-json\/wp\/v2\/product\/43198","targetHints":{"allow":["GET"]}}],"collection":[{"href":"https:\/\/dev.vitalstoffversand.com\/fr\/wp-json\/wp\/v2\/product"}],"about":[{"href":"https:\/\/dev.vitalstoffversand.com\/fr\/wp-json\/wp\/v2\/types\/product"}],"wp:featuredmedia":[{"embeddable":true,"href":"https:\/\/dev.vitalstoffversand.com\/fr\/wp-json\/wp\/v2\/media\/62828"}],"wp:attachment":[{"href":"https:\/\/dev.vitalstoffversand.com\/fr\/wp-json\/wp\/v2\/media?parent=43198"}],"wp:term":[{"taxonomy":"product_brand","embeddable":true,"href":"https:\/\/dev.vitalstoffversand.com\/fr\/wp-json\/wp\/v2\/product_brand?post=43198"},{"taxonomy":"product_cat","embeddable":true,"href":"https:\/\/dev.vitalstoffversand.com\/fr\/wp-json\/wp\/v2\/product_cat?post=43198"},{"taxonomy":"product_tag","embeddable":true,"href":"https:\/\/dev.vitalstoffversand.com\/fr\/wp-json\/wp\/v2\/product_tag?post=43198"}],"curies":[{"name":"wp","href":"https:\/\/api.w.org\/{rel}","templated":true}]}}