{"id":43155,"date":"2024-11-09T17:25:14","date_gmt":"2024-11-09T16:25:14","guid":{"rendered":"https:\/\/vitalstoffversand.com\/produkt\/vit4ever-moule-a-levres-vertes-365-gelules\/"},"modified":"2026-03-14T15:38:26","modified_gmt":"2026-03-14T14:38:26","slug":"vit4ever-moule-a-levres-vertes-365-gelules","status":"publish","type":"product","link":"https:\/\/dev.vitalstoffversand.com\/fr\/produit\/vit4ever-moule-a-levres-vertes-365-gelules\/","title":{"rendered":"Vit4ever <br>Moule \u00e0 l\u00e8vres vertes &#8211; 365 g\u00e9lules"},"content":{"rendered":"<p>La moule verte (Perna Canaliculus) est riche en glucosaminoglycanes (GAG), en N-ac\u00e9tylglucosamine, en acides gras om\u00e9ga-3 ainsi qu&#8217;en min\u00e9raux et oligo-\u00e9l\u00e9ments.<\/p>\n<ul>\n<li>Sans gluten<\/li>\n<li>Sans lactose<\/li>\n<li>Sans OGM<\/li>\n<li>Fabriqu\u00e9 selon les normes de qualit\u00e9 strictes de l&#8217;UE<\/li>\n<\/ul>\n","protected":false},"excerpt":{"rendered":"<p>La moule verte (Perna Canaliculus) est riche en glucosaminoglycanes (GAG), en N-ac\u00e9tylglucosamine, en acides gras om\u00e9ga-3 ainsi qu&#8217;en min\u00e9raux et oligo-\u00e9l\u00e9ments. Sans gluten Sans lactose Sans OGM Fabriqu\u00e9 selon les normes de qualit\u00e9 strictes de l&#8217;UE<\/p>\n","protected":false},"featured_media":50804,"template":"","meta":{"_acf_changed":false},"product_brand":[10217],"product_cat":[348,365],"product_tag":[],"class_list":{"0":"post-43155","1":"product","2":"type-product","3":"status-publish","4":"has-post-thumbnail","6":"product_brand-vit4ever-fr","7":"product_cat-nutriments","8":"product_cat-produits-de-a-a-z","10":"first","11":"instock","12":"taxable","13":"shipping-taxable","14":"purchasable","15":"product-type-simple"},"acf":[],"_links":{"self":[{"href":"https:\/\/dev.vitalstoffversand.com\/fr\/wp-json\/wp\/v2\/product\/43155","targetHints":{"allow":["GET"]}}],"collection":[{"href":"https:\/\/dev.vitalstoffversand.com\/fr\/wp-json\/wp\/v2\/product"}],"about":[{"href":"https:\/\/dev.vitalstoffversand.com\/fr\/wp-json\/wp\/v2\/types\/product"}],"wp:featuredmedia":[{"embeddable":true,"href":"https:\/\/dev.vitalstoffversand.com\/fr\/wp-json\/wp\/v2\/media\/50804"}],"wp:attachment":[{"href":"https:\/\/dev.vitalstoffversand.com\/fr\/wp-json\/wp\/v2\/media?parent=43155"}],"wp:term":[{"taxonomy":"product_brand","embeddable":true,"href":"https:\/\/dev.vitalstoffversand.com\/fr\/wp-json\/wp\/v2\/product_brand?post=43155"},{"taxonomy":"product_cat","embeddable":true,"href":"https:\/\/dev.vitalstoffversand.com\/fr\/wp-json\/wp\/v2\/product_cat?post=43155"},{"taxonomy":"product_tag","embeddable":true,"href":"https:\/\/dev.vitalstoffversand.com\/fr\/wp-json\/wp\/v2\/product_tag?post=43155"}],"curies":[{"name":"wp","href":"https:\/\/api.w.org\/{rel}","templated":true}]}}