{"id":24749,"date":"2025-04-07T17:56:17","date_gmt":"2025-04-07T15:56:17","guid":{"rendered":"https:\/\/vitalstoffversand.com\/?post_type=product&#038;p=24749"},"modified":"2026-03-30T14:31:24","modified_gmt":"2026-03-30T12:31:24","slug":"vit4ever-shilajit-mumijo-180-gelules-kopie-kopie-kopie-kopie-kopie-kopie-kopie-kopie-kopie-kopie","status":"publish","type":"product","link":"https:\/\/dev.vitalstoffversand.com\/fr\/produit\/vit4ever-shilajit-mumijo-180-gelules-kopie-kopie-kopie-kopie-kopie-kopie-kopie-kopie-kopie-kopie\/","title":{"rendered":"Vit4ever <br>Cr\u00e8me de pistaches &#8211; 300 g &#8211; diff\u00e9rentes vari\u00e9t\u00e9s"},"content":{"rendered":"<p>Les pistaches ont un ar\u00f4me unique.<\/p>\n<p>Une raison suffisante pour savourer ce go\u00fbt exceptionnel sous forme de cr\u00e8me de pistache pure, en association avec du chocolat blanc ou \u00e0 la mani\u00e8re de Duba\u00ef.<\/p>\n<p>Le beurre de pistache pur te fournit 100% de pistaches grill\u00e9es et donc un go\u00fbt pur, tandis que le beurre de pistache au chocolat blanc obtient son go\u00fbt arrondi gr\u00e2ce \u00e0 69% de pistaches, 30% de chocolat blanc et un peu d&#8217;ar\u00f4me de vanille, le chocolat blanc \u00e9tant \u00e9dulcor\u00e9 avec du maltitol au lieu du sucre traditionnel.<\/p>\n<p>La cr\u00e8me \u00e0 la pistache \u00ab Dubai Style \u00bb est agr\u00e9ment\u00e9e de chocolat au lait et de morceaux de kadayif traditionnels, pour une exp\u00e9rience unique alliant onctuosit\u00e9 et croustillant.<\/p>\n<p>Merveilleusement cr\u00e9meux et id\u00e9al pour tartiner sur du pain ou pour agr\u00e9menter des plats, des desserts et plus encore.<\/p>\n<p>Remarque : la formation d&#8217;une couche d&#8217;huile \u00e0 la surface est normale avec ce produit. Il suffit de remuer bri\u00e8vement pour retrouver une texture onctueuse. <\/p>\n<ul>\n<li>Sans huile de palme<\/li>\n<li>Zuckerfrei<\/li>\n<li>Sans OGM<\/li>\n<li>Fabriqu\u00e9 selon les normes de qualit\u00e9 strictes de l&#8217;UE<\/li>\n<\/ul>\n","protected":false},"excerpt":{"rendered":"<p>Les pistaches ont un ar\u00f4me unique. Une raison suffisante pour savourer ce go\u00fbt exceptionnel sous forme de cr\u00e8me de pistache pure, en association avec du chocolat blanc ou \u00e0 la mani\u00e8re de Duba\u00ef. Le beurre de pistache pur te fournit 100% de pistaches grill\u00e9es et donc un go\u00fbt pur, tandis que le beurre de pistache [&hellip;]<\/p>\n","protected":false},"featured_media":57287,"template":"","meta":{"_acf_changed":false},"product_brand":[10217],"product_cat":[329,365],"product_tag":[],"class_list":{"0":"post-24749","1":"product","2":"type-product","3":"status-publish","4":"has-post-thumbnail","6":"product_brand-vit4ever-fr","7":"product_cat-cuisiner-grignoter","8":"product_cat-produits-de-a-a-z","10":"first","11":"instock","12":"sale","13":"taxable","14":"shipping-taxable","15":"purchasable","16":"product-type-variable"},"acf":[],"_links":{"self":[{"href":"https:\/\/dev.vitalstoffversand.com\/fr\/wp-json\/wp\/v2\/product\/24749","targetHints":{"allow":["GET"]}}],"collection":[{"href":"https:\/\/dev.vitalstoffversand.com\/fr\/wp-json\/wp\/v2\/product"}],"about":[{"href":"https:\/\/dev.vitalstoffversand.com\/fr\/wp-json\/wp\/v2\/types\/product"}],"wp:featuredmedia":[{"embeddable":true,"href":"https:\/\/dev.vitalstoffversand.com\/fr\/wp-json\/wp\/v2\/media\/57287"}],"wp:attachment":[{"href":"https:\/\/dev.vitalstoffversand.com\/fr\/wp-json\/wp\/v2\/media?parent=24749"}],"wp:term":[{"taxonomy":"product_brand","embeddable":true,"href":"https:\/\/dev.vitalstoffversand.com\/fr\/wp-json\/wp\/v2\/product_brand?post=24749"},{"taxonomy":"product_cat","embeddable":true,"href":"https:\/\/dev.vitalstoffversand.com\/fr\/wp-json\/wp\/v2\/product_cat?post=24749"},{"taxonomy":"product_tag","embeddable":true,"href":"https:\/\/dev.vitalstoffversand.com\/fr\/wp-json\/wp\/v2\/product_tag?post=24749"}],"curies":[{"name":"wp","href":"https:\/\/api.w.org\/{rel}","templated":true}]}}