{"id":24529,"date":"2025-04-07T14:03:09","date_gmt":"2025-04-07T12:03:09","guid":{"rendered":"https:\/\/vitalstoffversand.com\/?post_type=product&#038;p=24529"},"modified":"2026-03-16T17:16:05","modified_gmt":"2026-03-16T16:16:05","slug":"vit4ever-shilajit-mumijo-180-gelules-kopie-kopie-kopie-kopie","status":"publish","type":"product","link":"https:\/\/dev.vitalstoffversand.com\/fr\/produit\/vit4ever-shilajit-mumijo-180-gelules-kopie-kopie-kopie-kopie\/","title":{"rendered":"Vit4ever <br>Peptides de collag\u00e8ne &#8211; 300 comprim\u00e9s"},"content":{"rendered":"<p>Les peptides de collag\u00e8ne sont obtenus \u00e0 partir de collag\u00e8ne bovin de haute qualit\u00e9.<\/p>\n<p>Le collag\u00e8ne bovin contient de la glycine, de la proline et de l&#8217;hydroxyproline et poss\u00e8de une biodisponibilit\u00e9 \u00e9lev\u00e9e.<\/p>\n<p>La pr\u00e9sentation sous forme de comprim\u00e9s au go\u00fbt neutre pr\u00e9sente l&#8217;avantage d&#8217;\u00eatre relativement facile \u00e0 transporter, ce qui rend ce produit id\u00e9al pour les d\u00e9placements ou les voyages.<\/p>\n<p>De plus, les comprim\u00e9s sont faciles \u00e0 doser, sans avoir \u00e0 les mesurer.<\/p>\n<ul>\n<li>Sans gluten<\/li>\n<li>Sans lactose<\/li>\n<li>Sans OGM<\/li>\n<li>Fabriqu\u00e9 selon les normes de qualit\u00e9 strictes de l&#8217;UE<\/li>\n<\/ul>\n","protected":false},"excerpt":{"rendered":"<p>Les peptides de collag\u00e8ne sont obtenus \u00e0 partir de collag\u00e8ne bovin de haute qualit\u00e9. Le collag\u00e8ne bovin contient de la glycine, de la proline et de l&#8217;hydroxyproline et poss\u00e8de une biodisponibilit\u00e9 \u00e9lev\u00e9e. La pr\u00e9sentation sous forme de comprim\u00e9s au go\u00fbt neutre pr\u00e9sente l&#8217;avantage d&#8217;\u00eatre relativement facile \u00e0 transporter, ce qui rend ce produit id\u00e9al pour [&hellip;]<\/p>\n","protected":false},"featured_media":56983,"template":"","meta":{"_acf_changed":false},"product_brand":[10217],"product_cat":[345,365],"product_tag":[],"class_list":{"0":"post-24529","1":"product","2":"type-product","3":"status-publish","4":"has-post-thumbnail","6":"product_brand-vit4ever-fr","7":"product_cat-proteines","8":"product_cat-produits-de-a-a-z","10":"first","11":"instock","12":"taxable","13":"shipping-taxable","14":"purchasable","15":"product-type-simple"},"acf":[],"_links":{"self":[{"href":"https:\/\/dev.vitalstoffversand.com\/fr\/wp-json\/wp\/v2\/product\/24529","targetHints":{"allow":["GET"]}}],"collection":[{"href":"https:\/\/dev.vitalstoffversand.com\/fr\/wp-json\/wp\/v2\/product"}],"about":[{"href":"https:\/\/dev.vitalstoffversand.com\/fr\/wp-json\/wp\/v2\/types\/product"}],"wp:featuredmedia":[{"embeddable":true,"href":"https:\/\/dev.vitalstoffversand.com\/fr\/wp-json\/wp\/v2\/media\/56983"}],"wp:attachment":[{"href":"https:\/\/dev.vitalstoffversand.com\/fr\/wp-json\/wp\/v2\/media?parent=24529"}],"wp:term":[{"taxonomy":"product_brand","embeddable":true,"href":"https:\/\/dev.vitalstoffversand.com\/fr\/wp-json\/wp\/v2\/product_brand?post=24529"},{"taxonomy":"product_cat","embeddable":true,"href":"https:\/\/dev.vitalstoffversand.com\/fr\/wp-json\/wp\/v2\/product_cat?post=24529"},{"taxonomy":"product_tag","embeddable":true,"href":"https:\/\/dev.vitalstoffversand.com\/fr\/wp-json\/wp\/v2\/product_tag?post=24529"}],"curies":[{"name":"wp","href":"https:\/\/api.w.org\/{rel}","templated":true}]}}