{"id":23741,"date":"2024-11-11T17:51:46","date_gmt":"2024-11-11T16:51:46","guid":{"rendered":"https:\/\/vitalstoffversand.com\/produkt\/vit4ever-complexe-de-champignons-180-gelules\/"},"modified":"2026-03-16T17:17:17","modified_gmt":"2026-03-16T16:17:17","slug":"vit4ever-complexe-de-champignons-180-gelules","status":"publish","type":"product","link":"https:\/\/dev.vitalstoffversand.com\/fr\/produit\/vit4ever-complexe-de-champignons-180-gelules\/","title":{"rendered":"Vit4ever <br>Complexe de champignons &#8211; 180 g\u00e9lules"},"content":{"rendered":"<p>M\u00e9lange d&#8217;extraits de fructification des champignons vitaux Agaricus Blazei murill , Cordyceps sinensis, Hericium erinaceus, Reishi et Shiitake.<\/p>\n<p>Contient 240 mg de polysaccharides bioactifs par g\u00e9lule.<\/p>\n<p>Poursuis-tu des objectifs concrets avec les champignons vitaux ?<\/p>\n<p>Contacte alors notre mycoth\u00e9rapeute chez Vitalstoff Versand ou une autre personne comp\u00e9tente pour pouvoir ensuite utiliser de mani\u00e8re cibl\u00e9e les champignons m\u00e9dicinaux qui te conviennent.<\/p>\n<ul>\n<li>V\u00e9gan<\/li>\n<li>Sans gluten<\/li>\n<li>Sans lactose<\/li>\n<li>Sans OGM<\/li>\n<li>Fabriqu\u00e9 selon les normes de qualit\u00e9 strictes de l&#8217;UE<\/li>\n<\/ul>\n","protected":false},"excerpt":{"rendered":"<p>M\u00e9lange d&#8217;extraits de fructification des champignons vitaux Agaricus Blazei murill , Cordyceps sinensis, Hericium erinaceus, Reishi et Shiitake. Contient 240 mg de polysaccharides bioactifs par g\u00e9lule. Poursuis-tu des objectifs concrets avec les champignons vitaux ? Contacte alors notre mycoth\u00e9rapeute chez Vitalstoff Versand ou une autre personne comp\u00e9tente pour pouvoir ensuite utiliser de mani\u00e8re cibl\u00e9e les [&hellip;]<\/p>\n","protected":false},"featured_media":54759,"template":"","meta":{"_acf_changed":false},"product_brand":[10217],"product_cat":[373,365],"product_tag":[],"class_list":{"0":"post-23741","1":"product","2":"type-product","3":"status-publish","4":"has-post-thumbnail","6":"product_brand-vit4ever-fr","7":"product_cat-champignons-vitaux","8":"product_cat-produits-de-a-a-z","10":"first","11":"instock","12":"taxable","13":"shipping-taxable","14":"purchasable","15":"product-type-simple"},"acf":[],"_links":{"self":[{"href":"https:\/\/dev.vitalstoffversand.com\/fr\/wp-json\/wp\/v2\/product\/23741","targetHints":{"allow":["GET"]}}],"collection":[{"href":"https:\/\/dev.vitalstoffversand.com\/fr\/wp-json\/wp\/v2\/product"}],"about":[{"href":"https:\/\/dev.vitalstoffversand.com\/fr\/wp-json\/wp\/v2\/types\/product"}],"wp:featuredmedia":[{"embeddable":true,"href":"https:\/\/dev.vitalstoffversand.com\/fr\/wp-json\/wp\/v2\/media\/54759"}],"wp:attachment":[{"href":"https:\/\/dev.vitalstoffversand.com\/fr\/wp-json\/wp\/v2\/media?parent=23741"}],"wp:term":[{"taxonomy":"product_brand","embeddable":true,"href":"https:\/\/dev.vitalstoffversand.com\/fr\/wp-json\/wp\/v2\/product_brand?post=23741"},{"taxonomy":"product_cat","embeddable":true,"href":"https:\/\/dev.vitalstoffversand.com\/fr\/wp-json\/wp\/v2\/product_cat?post=23741"},{"taxonomy":"product_tag","embeddable":true,"href":"https:\/\/dev.vitalstoffversand.com\/fr\/wp-json\/wp\/v2\/product_tag?post=23741"}],"curies":[{"name":"wp","href":"https:\/\/api.w.org\/{rel}","templated":true}]}}