{"id":23724,"date":"2024-11-11T15:35:54","date_gmt":"2024-11-11T14:35:54","guid":{"rendered":"https:\/\/vitalstoffversand.com\/produkt\/vit4ever-vitamine-c-tamponnee-365-gelules\/"},"modified":"2026-03-15T18:53:26","modified_gmt":"2026-03-15T17:53:26","slug":"vit4ever-vitamine-c-tamponnee-365-gelules","status":"publish","type":"product","link":"https:\/\/dev.vitalstoffversand.com\/fr\/produit\/vit4ever-vitamine-c-tamponnee-365-gelules\/","title":{"rendered":"Vit4ever <br>Vitamine C tamponn\u00e9e &#8211; 365 g\u00e9lules"},"content":{"rendered":"<p>\u00ab Tamponn\u00e9e \u00bb <a href=\"https:\/\/dev.vitalstoffversand.com\/knowledge-base\/vitamin-c\/\" target=\"_blank\" rel=\"noopener\"><strong><span style=\"color: #0000ff;\">\u2192 la vitamine C<\/span><\/strong><\/a>, ici sous forme d&#8217;ascorbate de calcium (L-ascorbate de calcium), elle est lib\u00e9r\u00e9e r\u00e9guli\u00e8rement dans l&#8217;organisme en petites quantit\u00e9s pendant plusieurs heures (effet time release) et pr\u00e9sente en m\u00eame temps une biodisponibilit\u00e9 tr\u00e8s \u00e9lev\u00e9e.<\/p>\n<p>En raison de sa liaison au calcium, il est en outre consid\u00e9r\u00e9 comme particuli\u00e8rement bien tol\u00e9r\u00e9.<\/p>\n<p>La vitamine C remplit ici de nombreuses fonctions dans notre corps et est consid\u00e9r\u00e9e comme un puissant antioxydant.<\/p>\n<ul>\n<li>V\u00e9gan<\/li>\n<li>Sans gluten<\/li>\n<li>Sans lactose<\/li>\n<li>Sans OGM<\/li>\n<li>Fabriqu\u00e9 selon les normes de qualit\u00e9 strictes de l&#8217;UE<\/li>\n<\/ul>\n","protected":false},"excerpt":{"rendered":"<p>\u00ab Tamponn\u00e9e \u00bb \u2192 la vitamine C, ici sous forme d&#8217;ascorbate de calcium (L-ascorbate de calcium), elle est lib\u00e9r\u00e9e r\u00e9guli\u00e8rement dans l&#8217;organisme en petites quantit\u00e9s pendant plusieurs heures (effet time release) et pr\u00e9sente en m\u00eame temps une biodisponibilit\u00e9 tr\u00e8s \u00e9lev\u00e9e. En raison de sa liaison au calcium, il est en outre consid\u00e9r\u00e9 comme particuli\u00e8rement bien [&hellip;]<\/p>\n","protected":false},"featured_media":54047,"template":"","meta":{"_acf_changed":false},"product_brand":[10217],"product_cat":[308,365],"product_tag":[],"class_list":{"0":"post-23724","1":"product","2":"type-product","3":"status-publish","4":"has-post-thumbnail","6":"product_brand-vit4ever-fr","7":"product_cat-vitamines","8":"product_cat-produits-de-a-a-z","10":"first","11":"instock","12":"taxable","13":"shipping-taxable","14":"purchasable","15":"product-type-simple"},"acf":[],"_links":{"self":[{"href":"https:\/\/dev.vitalstoffversand.com\/fr\/wp-json\/wp\/v2\/product\/23724","targetHints":{"allow":["GET"]}}],"collection":[{"href":"https:\/\/dev.vitalstoffversand.com\/fr\/wp-json\/wp\/v2\/product"}],"about":[{"href":"https:\/\/dev.vitalstoffversand.com\/fr\/wp-json\/wp\/v2\/types\/product"}],"wp:featuredmedia":[{"embeddable":true,"href":"https:\/\/dev.vitalstoffversand.com\/fr\/wp-json\/wp\/v2\/media\/54047"}],"wp:attachment":[{"href":"https:\/\/dev.vitalstoffversand.com\/fr\/wp-json\/wp\/v2\/media?parent=23724"}],"wp:term":[{"taxonomy":"product_brand","embeddable":true,"href":"https:\/\/dev.vitalstoffversand.com\/fr\/wp-json\/wp\/v2\/product_brand?post=23724"},{"taxonomy":"product_cat","embeddable":true,"href":"https:\/\/dev.vitalstoffversand.com\/fr\/wp-json\/wp\/v2\/product_cat?post=23724"},{"taxonomy":"product_tag","embeddable":true,"href":"https:\/\/dev.vitalstoffversand.com\/fr\/wp-json\/wp\/v2\/product_tag?post=23724"}],"curies":[{"name":"wp","href":"https:\/\/api.w.org\/{rel}","templated":true}]}}