{"id":23716,"date":"2024-11-11T15:15:30","date_gmt":"2024-11-11T14:15:30","guid":{"rendered":"https:\/\/vitalstoffversand.com\/produkt\/vit4ever-complexe-denzymes-180-gelules\/"},"modified":"2026-03-15T18:24:05","modified_gmt":"2026-03-15T17:24:05","slug":"vit4ever-complexe-denzymes-180-gelules","status":"publish","type":"product","link":"https:\/\/dev.vitalstoffversand.com\/fr\/produit\/vit4ever-complexe-denzymes-180-gelules\/","title":{"rendered":"Vit4ever <br>Complexe d&#8217;enzymes &#8211; 180 g\u00e9lules"},"content":{"rendered":"<p>Le complexe enzymatique est une composition de rutine, d&#8217;extrait de racine de gentiane, de b\u00e9ta\u00efne et de 15 enzymes diff\u00e9rentes qui ont des effets diff\u00e9rents mais coordonn\u00e9s sur notre digestion et la sant\u00e9 de nos intestins.<\/p>\n<p>Les enzymes ou les pr\u00e9parations enzymatiques doivent toujours \u00eatre absorb\u00e9es avec la nourriture et arrivent intactes dans l&#8217;intestin gr\u00e2ce \u00e0 l&#8217;enveloppe gastro-r\u00e9sistante de la capsule, o\u00f9 elles peuvent alors d\u00e9ployer leur plein effet.<\/p>\n<ul>\n<li>V\u00e9gan<\/li>\n<li>Sans gluten<\/li>\n<li>Sans lactose<\/li>\n<li>Sans OGM<\/li>\n<li>Fabriqu\u00e9 selon les normes de qualit\u00e9 strictes de l&#8217;UE<\/li>\n<\/ul>\n","protected":false},"excerpt":{"rendered":"<p>Le complexe enzymatique est une composition de rutine, d&#8217;extrait de racine de gentiane, de b\u00e9ta\u00efne et de 15 enzymes diff\u00e9rentes qui ont des effets diff\u00e9rents mais coordonn\u00e9s sur notre digestion et la sant\u00e9 de nos intestins. Les enzymes ou les pr\u00e9parations enzymatiques doivent toujours \u00eatre absorb\u00e9es avec la nourriture et arrivent intactes dans l&#8217;intestin gr\u00e2ce [&hellip;]<\/p>\n","protected":false},"featured_media":53807,"template":"","meta":{"_acf_changed":false},"product_brand":[10217],"product_cat":[348,365],"product_tag":[],"class_list":{"0":"post-23716","1":"product","2":"type-product","3":"status-publish","4":"has-post-thumbnail","6":"product_brand-vit4ever-fr","7":"product_cat-nutriments","8":"product_cat-produits-de-a-a-z","10":"first","11":"instock","12":"taxable","13":"shipping-taxable","14":"purchasable","15":"product-type-simple"},"acf":[],"_links":{"self":[{"href":"https:\/\/dev.vitalstoffversand.com\/fr\/wp-json\/wp\/v2\/product\/23716","targetHints":{"allow":["GET"]}}],"collection":[{"href":"https:\/\/dev.vitalstoffversand.com\/fr\/wp-json\/wp\/v2\/product"}],"about":[{"href":"https:\/\/dev.vitalstoffversand.com\/fr\/wp-json\/wp\/v2\/types\/product"}],"wp:featuredmedia":[{"embeddable":true,"href":"https:\/\/dev.vitalstoffversand.com\/fr\/wp-json\/wp\/v2\/media\/53807"}],"wp:attachment":[{"href":"https:\/\/dev.vitalstoffversand.com\/fr\/wp-json\/wp\/v2\/media?parent=23716"}],"wp:term":[{"taxonomy":"product_brand","embeddable":true,"href":"https:\/\/dev.vitalstoffversand.com\/fr\/wp-json\/wp\/v2\/product_brand?post=23716"},{"taxonomy":"product_cat","embeddable":true,"href":"https:\/\/dev.vitalstoffversand.com\/fr\/wp-json\/wp\/v2\/product_cat?post=23716"},{"taxonomy":"product_tag","embeddable":true,"href":"https:\/\/dev.vitalstoffversand.com\/fr\/wp-json\/wp\/v2\/product_tag?post=23716"}],"curies":[{"name":"wp","href":"https:\/\/api.w.org\/{rel}","templated":true}]}}