{"id":23703,"date":"2024-11-11T14:46:38","date_gmt":"2024-11-11T13:46:38","guid":{"rendered":"https:\/\/vitalstoffversand.com\/produkt\/vit4ever-shaker-600-ml-2-compartiments\/"},"modified":"2026-03-15T18:02:35","modified_gmt":"2026-03-15T17:02:35","slug":"vit4ever-shaker-600-ml-2-compartiments","status":"publish","type":"product","link":"https:\/\/dev.vitalstoffversand.com\/fr\/produit\/vit4ever-shaker-600-ml-2-compartiments\/","title":{"rendered":"Vit4ever <br>Shaker 600 ml + 2 compartiments"},"content":{"rendered":"<p>Shaker pratique dot\u00e9 de compartiments de rangement suppl\u00e9mentaires pour les poudres, comprim\u00e9s, pilules, etc., et d&#8217;une inscription.<\/p>\n<ul>\n<li>Gobelet gradu\u00e9 d&#8217;une capacit\u00e9 de 600 ml<\/li>\n<li>Compartiment de rangement suppl\u00e9mentaire de 150 ml et 200 ml pour la poudre de prot\u00e9ines et les pilules<\/li>\n<li>tamis inclus<\/li>\n<\/ul>\n<p>Livr\u00e9 sans contenu.<\/p>\n","protected":false},"excerpt":{"rendered":"<p>Shaker pratique dot\u00e9 de compartiments de rangement suppl\u00e9mentaires pour les poudres, comprim\u00e9s, pilules, etc., et d&#8217;une inscription. Gobelet gradu\u00e9 d&#8217;une capacit\u00e9 de 600 ml Compartiment de rangement suppl\u00e9mentaire de 150 ml et 200 ml pour la poudre de prot\u00e9ines et les pilules tamis inclus Livr\u00e9 sans contenu.<\/p>\n","protected":false},"featured_media":53543,"template":"","meta":{"_acf_changed":false},"product_brand":[],"product_cat":[368],"product_tag":[],"class_list":{"0":"post-23703","1":"product","2":"type-product","3":"status-publish","4":"has-post-thumbnail","6":"product_cat-b2b-fr","8":"first","9":"instock","10":"taxable","11":"shipping-taxable","12":"purchasable","13":"product-type-simple"},"acf":[],"_links":{"self":[{"href":"https:\/\/dev.vitalstoffversand.com\/fr\/wp-json\/wp\/v2\/product\/23703","targetHints":{"allow":["GET"]}}],"collection":[{"href":"https:\/\/dev.vitalstoffversand.com\/fr\/wp-json\/wp\/v2\/product"}],"about":[{"href":"https:\/\/dev.vitalstoffversand.com\/fr\/wp-json\/wp\/v2\/types\/product"}],"wp:featuredmedia":[{"embeddable":true,"href":"https:\/\/dev.vitalstoffversand.com\/fr\/wp-json\/wp\/v2\/media\/53543"}],"wp:attachment":[{"href":"https:\/\/dev.vitalstoffversand.com\/fr\/wp-json\/wp\/v2\/media?parent=23703"}],"wp:term":[{"taxonomy":"product_brand","embeddable":true,"href":"https:\/\/dev.vitalstoffversand.com\/fr\/wp-json\/wp\/v2\/product_brand?post=23703"},{"taxonomy":"product_cat","embeddable":true,"href":"https:\/\/dev.vitalstoffversand.com\/fr\/wp-json\/wp\/v2\/product_cat?post=23703"},{"taxonomy":"product_tag","embeddable":true,"href":"https:\/\/dev.vitalstoffversand.com\/fr\/wp-json\/wp\/v2\/product_tag?post=23703"}],"curies":[{"name":"wp","href":"https:\/\/api.w.org\/{rel}","templated":true}]}}