{"id":23702,"date":"2024-11-11T14:44:23","date_gmt":"2024-11-11T13:44:23","guid":{"rendered":"https:\/\/vitalstoffversand.com\/produkt\/vit4ever-complexe-hyaluron-collagene-240-gelules\/"},"modified":"2026-03-15T18:02:36","modified_gmt":"2026-03-15T17:02:36","slug":"vit4ever-complexe-hyaluron-collagene-240-gelules","status":"publish","type":"product","link":"https:\/\/dev.vitalstoffversand.com\/fr\/produit\/vit4ever-complexe-hyaluron-collagene-240-gelules\/","title":{"rendered":"Vit4ever <br>Complexe Hyaluron + Collag\u00e8ne &#8211; 240 g\u00e9lules"},"content":{"rendered":"<p>Pr\u00e9paration combin\u00e9e de hyaluron et de collag\u00e8ne en association avec d&#8217;autres vitamines et min\u00e9raux et oligo-\u00e9l\u00e9ments.<\/p>\n<p>Le collag\u00e8ne est la prot\u00e9ine structurelle du tissu conjonctif, tandis que l&#8217;acide hyaluronique (ici dans une taille de mol\u00e9cule optimale utilisable de 500-700 kDA) est principalement pr\u00e9sent dans le tissu conjonctif et la peau.<\/p>\n<p>L&#8217;enrichissement du complexe hyaluron-collag\u00e8ne avec de la biotine, du s\u00e9l\u00e9nium, du zinc, de l&#8217;extrait d&#8217;ac\u00e9rola (vitamine C) et de l&#8217;extrait de bambou riche en silicium parach\u00e8ve ce produit.<\/p>\n<p>Les min\u00e9raux s\u00e9l\u00e9nium, zinc et biotine contribuent entre autres au maintien de cheveux, d&#8217;ongles et d&#8217;une peau normaux ainsi qu&#8217;\u00e0 une croissance normale des cheveux.<br \/>\n(R\u00e8glement CE n\u00b0 1924\/2006 Health Claims de l&#8217;Union europ\u00e9enne)<\/p>\n<ul>\n<li>Sans gluten<\/li>\n<li>Sans lactose<\/li>\n<li>Sans OGM<\/li>\n<li>Fabriqu\u00e9 selon les normes de qualit\u00e9 strictes de l&#8217;UE<\/li>\n<\/ul>\n","protected":false},"excerpt":{"rendered":"<p>Pr\u00e9paration combin\u00e9e de hyaluron et de collag\u00e8ne en association avec d&#8217;autres vitamines et min\u00e9raux et oligo-\u00e9l\u00e9ments. Le collag\u00e8ne est la prot\u00e9ine structurelle du tissu conjonctif, tandis que l&#8217;acide hyaluronique (ici dans une taille de mol\u00e9cule optimale utilisable de 500-700 kDA) est principalement pr\u00e9sent dans le tissu conjonctif et la peau. L&#8217;enrichissement du complexe hyaluron-collag\u00e8ne avec [&hellip;]<\/p>\n","protected":false},"featured_media":53503,"template":"","meta":{"_acf_changed":false},"product_brand":[10217],"product_cat":[345,365],"product_tag":[],"class_list":{"0":"post-23702","1":"product","2":"type-product","3":"status-publish","4":"has-post-thumbnail","6":"product_brand-vit4ever-fr","7":"product_cat-proteines","8":"product_cat-produits-de-a-a-z","10":"first","11":"instock","12":"taxable","13":"shipping-taxable","14":"purchasable","15":"product-type-simple"},"acf":[],"_links":{"self":[{"href":"https:\/\/dev.vitalstoffversand.com\/fr\/wp-json\/wp\/v2\/product\/23702","targetHints":{"allow":["GET"]}}],"collection":[{"href":"https:\/\/dev.vitalstoffversand.com\/fr\/wp-json\/wp\/v2\/product"}],"about":[{"href":"https:\/\/dev.vitalstoffversand.com\/fr\/wp-json\/wp\/v2\/types\/product"}],"wp:featuredmedia":[{"embeddable":true,"href":"https:\/\/dev.vitalstoffversand.com\/fr\/wp-json\/wp\/v2\/media\/53503"}],"wp:attachment":[{"href":"https:\/\/dev.vitalstoffversand.com\/fr\/wp-json\/wp\/v2\/media?parent=23702"}],"wp:term":[{"taxonomy":"product_brand","embeddable":true,"href":"https:\/\/dev.vitalstoffversand.com\/fr\/wp-json\/wp\/v2\/product_brand?post=23702"},{"taxonomy":"product_cat","embeddable":true,"href":"https:\/\/dev.vitalstoffversand.com\/fr\/wp-json\/wp\/v2\/product_cat?post=23702"},{"taxonomy":"product_tag","embeddable":true,"href":"https:\/\/dev.vitalstoffversand.com\/fr\/wp-json\/wp\/v2\/product_tag?post=23702"}],"curies":[{"name":"wp","href":"https:\/\/api.w.org\/{rel}","templated":true}]}}