{"id":23673,"date":"2025-03-19T15:55:49","date_gmt":"2025-03-19T14:55:49","guid":{"rendered":"https:\/\/vitalstoffversand.com\/produkt\/vit4ever-multivitamines-a-z-365-comprimes\/"},"modified":"2026-03-14T14:40:17","modified_gmt":"2026-03-14T13:40:17","slug":"vit4ever-multivitamines-a-z-365-comprimes","status":"publish","type":"product","link":"https:\/\/dev.vitalstoffversand.com\/fr\/produit\/vit4ever-multivitamines-a-z-365-comprimes\/","title":{"rendered":"Vit4ever <br>Multivitamines A-Z &#8211; 365 Comprim\u00e9s"},"content":{"rendered":"<p>Tu n&#8217;es pas s\u00fbr(e) de savoir s&#8217;il te manque certains nutriments importants et lesquels, ou tu es \u00e0 la recherche d&#8217;un produit \u00ab polyvalent \u00bb qui fournit \u00e0 ton corps une multitude de substances, dont certaines sont vitales ?<\/p>\n<p>Multivitamines A-Z combine un total de 32 vitamines, min\u00e9raux, oligo-\u00e9l\u00e9ments, acides amin\u00e9s et autres substances vitales dans un seul comprim\u00e9.<\/p>\n<ul>\n<li>V\u00e9gan<\/li>\n<li>Sans gluten<\/li>\n<li>Sans lactose<\/li>\n<li>Sans OGM<\/li>\n<li>Fabriqu\u00e9 selon les normes de qualit\u00e9 strictes de l&#8217;UE<\/li>\n<\/ul>\n","protected":false},"excerpt":{"rendered":"<p>Tu n&#8217;es pas s\u00fbr(e) de savoir s&#8217;il te manque certains nutriments importants et lesquels, ou tu es \u00e0 la recherche d&#8217;un produit \u00ab polyvalent \u00bb qui fournit \u00e0 ton corps une multitude de substances, dont certaines sont vitales ? Multivitamines A-Z combine un total de 32 vitamines, min\u00e9raux, oligo-\u00e9l\u00e9ments, acides amin\u00e9s et autres substances vitales [&hellip;]<\/p>\n","protected":false},"featured_media":50356,"template":"","meta":{"_acf_changed":false},"product_brand":[10217],"product_cat":[308,365],"product_tag":[],"class_list":{"0":"post-23673","1":"product","2":"type-product","3":"status-publish","4":"has-post-thumbnail","6":"product_brand-vit4ever-fr","7":"product_cat-vitamines","8":"product_cat-produits-de-a-a-z","10":"first","11":"instock","12":"taxable","13":"shipping-taxable","14":"purchasable","15":"product-type-simple"},"acf":[],"_links":{"self":[{"href":"https:\/\/dev.vitalstoffversand.com\/fr\/wp-json\/wp\/v2\/product\/23673","targetHints":{"allow":["GET"]}}],"collection":[{"href":"https:\/\/dev.vitalstoffversand.com\/fr\/wp-json\/wp\/v2\/product"}],"about":[{"href":"https:\/\/dev.vitalstoffversand.com\/fr\/wp-json\/wp\/v2\/types\/product"}],"wp:featuredmedia":[{"embeddable":true,"href":"https:\/\/dev.vitalstoffversand.com\/fr\/wp-json\/wp\/v2\/media\/50356"}],"wp:attachment":[{"href":"https:\/\/dev.vitalstoffversand.com\/fr\/wp-json\/wp\/v2\/media?parent=23673"}],"wp:term":[{"taxonomy":"product_brand","embeddable":true,"href":"https:\/\/dev.vitalstoffversand.com\/fr\/wp-json\/wp\/v2\/product_brand?post=23673"},{"taxonomy":"product_cat","embeddable":true,"href":"https:\/\/dev.vitalstoffversand.com\/fr\/wp-json\/wp\/v2\/product_cat?post=23673"},{"taxonomy":"product_tag","embeddable":true,"href":"https:\/\/dev.vitalstoffversand.com\/fr\/wp-json\/wp\/v2\/product_tag?post=23673"}],"curies":[{"name":"wp","href":"https:\/\/api.w.org\/{rel}","templated":true}]}}