{"id":23626,"date":"2024-11-11T14:28:54","date_gmt":"2024-11-11T13:28:54","guid":{"rendered":"https:\/\/vitalstoffversand.com\/produkt\/vit4ever-herbe-dorge-bio-365-gelules\/"},"modified":"2026-03-15T17:41:40","modified_gmt":"2026-03-15T16:41:40","slug":"vit4ever-herbe-dorge-bio-365-gelules","status":"publish","type":"product","link":"https:\/\/dev.vitalstoffversand.com\/fr\/produit\/vit4ever-herbe-dorge-bio-365-gelules\/","title":{"rendered":"Vit4ever <br>Herbe d&#8217;orge bio &#8211; 365 g\u00e9lules"},"content":{"rendered":"<p>La poudre d&#8217;herbe d&#8217;orge bio est tr\u00e8s bien tol\u00e9r\u00e9e et est produite \u00e0 partir de jeunes tiges fra\u00eeches, qui ont une teneur particuli\u00e8rement \u00e9lev\u00e9e en nutriments.<\/p>\n<p>Compar\u00e9e au jus d&#8217;herbe d&#8217;orge, \u00e0 d&#8217;autres c\u00e9r\u00e9ales ou aux l\u00e9gumineuses, la poudre d&#8217;herbe de Gesten a une teneur tr\u00e8s \u00e9lev\u00e9e en fibres et peut donc avoir un effet positif sur la digestion.<\/p>\n<ul>\n<li>V\u00e9gan<\/li>\n<li>Sans gluten<\/li>\n<li>Sans lactose<\/li>\n<li>Sans OGM<\/li>\n<li>Fabriqu\u00e9 selon les normes de qualit\u00e9 strictes de l&#8217;UE<\/li>\n<\/ul>\n","protected":false},"excerpt":{"rendered":"<p>La poudre d&#8217;herbe d&#8217;orge bio est tr\u00e8s bien tol\u00e9r\u00e9e et est produite \u00e0 partir de jeunes tiges fra\u00eeches, qui ont une teneur particuli\u00e8rement \u00e9lev\u00e9e en nutriments. Compar\u00e9e au jus d&#8217;herbe d&#8217;orge, \u00e0 d&#8217;autres c\u00e9r\u00e9ales ou aux l\u00e9gumineuses, la poudre d&#8217;herbe de Gesten a une teneur tr\u00e8s \u00e9lev\u00e9e en fibres et peut donc avoir un effet [&hellip;]<\/p>\n","protected":false},"featured_media":53103,"template":"","meta":{"_acf_changed":false},"product_brand":[10217],"product_cat":[348,306,365],"product_tag":[],"class_list":{"0":"post-23626","1":"product","2":"type-product","3":"status-publish","4":"has-post-thumbnail","6":"product_brand-vit4ever-fr","7":"product_cat-nutriments","8":"product_cat-bio-fr","9":"product_cat-produits-de-a-a-z","11":"first","12":"instock","13":"taxable","14":"shipping-taxable","15":"purchasable","16":"product-type-simple"},"acf":[],"_links":{"self":[{"href":"https:\/\/dev.vitalstoffversand.com\/fr\/wp-json\/wp\/v2\/product\/23626","targetHints":{"allow":["GET"]}}],"collection":[{"href":"https:\/\/dev.vitalstoffversand.com\/fr\/wp-json\/wp\/v2\/product"}],"about":[{"href":"https:\/\/dev.vitalstoffversand.com\/fr\/wp-json\/wp\/v2\/types\/product"}],"wp:featuredmedia":[{"embeddable":true,"href":"https:\/\/dev.vitalstoffversand.com\/fr\/wp-json\/wp\/v2\/media\/53103"}],"wp:attachment":[{"href":"https:\/\/dev.vitalstoffversand.com\/fr\/wp-json\/wp\/v2\/media?parent=23626"}],"wp:term":[{"taxonomy":"product_brand","embeddable":true,"href":"https:\/\/dev.vitalstoffversand.com\/fr\/wp-json\/wp\/v2\/product_brand?post=23626"},{"taxonomy":"product_cat","embeddable":true,"href":"https:\/\/dev.vitalstoffversand.com\/fr\/wp-json\/wp\/v2\/product_cat?post=23626"},{"taxonomy":"product_tag","embeddable":true,"href":"https:\/\/dev.vitalstoffversand.com\/fr\/wp-json\/wp\/v2\/product_tag?post=23626"}],"curies":[{"name":"wp","href":"https:\/\/api.w.org\/{rel}","templated":true}]}}