{"id":23624,"date":"2025-01-02T17:49:49","date_gmt":"2025-01-02T16:49:49","guid":{"rendered":"https:\/\/vitalstoffversand.com\/produkt\/vit4ever-puree-damandes-blanche-1000-g\/"},"modified":"2026-03-15T17:29:50","modified_gmt":"2026-03-15T16:29:50","slug":"vit4ever-puree-damandes-blanche-1000-g","status":"publish","type":"product","link":"https:\/\/dev.vitalstoffversand.com\/fr\/produit\/vit4ever-puree-damandes-blanche-1000-g\/","title":{"rendered":"Vit4ever <br>Pur\u00e9e d&#8217;amandes blanche &#8211; 1000 g"},"content":{"rendered":"<p>La pur\u00e9e d&#8217;amandes blanches Smooth est compos\u00e9e \u00e0 100 % d&#8217;amandes grill\u00e9es et blanchies et s\u00e9duit par son go\u00fbt naturel.<\/p>\n<p>Outre une teneur en prot\u00e9ines de 25 pour cent et 8,5 grammes de fibres pour 100 grammes, il fournit \u00e9galement de pr\u00e9cieuses vitamines et des min\u00e9raux.<\/p>\n<p>\u00c0 tartiner sur du pain ou pour agr\u00e9menter les desserts et les p\u00e2tisseries.<\/p>\n<p>Remarque : la formation d&#8217;une couche d&#8217;huile \u00e0 la surface est normale avec ce produit. Il suffit de remuer bri\u00e8vement pour retrouver une texture onctueuse. <\/p>\n<ul>\n<li>v\u00e9gan<\/li>\n<li>Sans gluten<\/li>\n<li>Pas de sucre, d&#8217;huile de palme ou de sel ajout\u00e9s<\/li>\n<\/ul>\n","protected":false},"excerpt":{"rendered":"<p>La pur\u00e9e d&#8217;amandes blanches Smooth est compos\u00e9e \u00e0 100 % d&#8217;amandes grill\u00e9es et blanchies et s\u00e9duit par son go\u00fbt naturel. Outre une teneur en prot\u00e9ines de 25 pour cent et 8,5 grammes de fibres pour 100 grammes, il fournit \u00e9galement de pr\u00e9cieuses vitamines et des min\u00e9raux. \u00c0 tartiner sur du pain ou pour agr\u00e9menter les [&hellip;]<\/p>\n","protected":false},"featured_media":53023,"template":"","meta":{"_acf_changed":false},"product_brand":[10217],"product_cat":[329,365],"product_tag":[],"class_list":{"0":"post-23624","1":"product","2":"type-product","3":"status-publish","4":"has-post-thumbnail","6":"product_brand-vit4ever-fr","7":"product_cat-cuisiner-grignoter","8":"product_cat-produits-de-a-a-z","10":"first","11":"outofstock","12":"taxable","13":"shipping-taxable","14":"purchasable","15":"product-type-simple"},"acf":[],"_links":{"self":[{"href":"https:\/\/dev.vitalstoffversand.com\/fr\/wp-json\/wp\/v2\/product\/23624","targetHints":{"allow":["GET"]}}],"collection":[{"href":"https:\/\/dev.vitalstoffversand.com\/fr\/wp-json\/wp\/v2\/product"}],"about":[{"href":"https:\/\/dev.vitalstoffversand.com\/fr\/wp-json\/wp\/v2\/types\/product"}],"wp:featuredmedia":[{"embeddable":true,"href":"https:\/\/dev.vitalstoffversand.com\/fr\/wp-json\/wp\/v2\/media\/53023"}],"wp:attachment":[{"href":"https:\/\/dev.vitalstoffversand.com\/fr\/wp-json\/wp\/v2\/media?parent=23624"}],"wp:term":[{"taxonomy":"product_brand","embeddable":true,"href":"https:\/\/dev.vitalstoffversand.com\/fr\/wp-json\/wp\/v2\/product_brand?post=23624"},{"taxonomy":"product_cat","embeddable":true,"href":"https:\/\/dev.vitalstoffversand.com\/fr\/wp-json\/wp\/v2\/product_cat?post=23624"},{"taxonomy":"product_tag","embeddable":true,"href":"https:\/\/dev.vitalstoffversand.com\/fr\/wp-json\/wp\/v2\/product_tag?post=23624"}],"curies":[{"name":"wp","href":"https:\/\/api.w.org\/{rel}","templated":true}]}}