{"id":23571,"date":"2024-11-10T15:21:50","date_gmt":"2024-11-10T14:21:50","guid":{"rendered":"https:\/\/vitalstoffversand.com\/produkt\/vit4ever-extrait-de-reishi-intenso-180-gelules\/"},"modified":"2026-03-14T18:08:18","modified_gmt":"2026-03-14T17:08:18","slug":"vit4ever-extrait-de-reishi-intenso-180-gelules","status":"publish","type":"product","link":"https:\/\/dev.vitalstoffversand.com\/fr\/produit\/vit4ever-extrait-de-reishi-intenso-180-gelules\/","title":{"rendered":"Vit4ever <br>Extrait de Reishi Intenso &#8211; 270 g\u00e9lules"},"content":{"rendered":"<p>Extrait hautement dos\u00e9 de Reishi (lat. Ganoderma lucidum) avec une teneur de 40% en polysaccharides.<\/p>\n<p>Le reishi est utilis\u00e9 depuis plus de 4000 ans \u00e0 de nombreuses fins et offre de multiples possibilit\u00e9s d&#8217;application.<\/p>\n<p>Les extraits de champignons ont une teneur en polysaccharides plus \u00e9lev\u00e9e que la poudre de champignons entiers, mais le processus d&#8217;extraction entra\u00eene la perte d&#8217;autres pr\u00e9cieux composants du champignon.<\/p>\n<p>Nous recommandons donc de prendre des extraits de champignons reishi avec, par exemple, <a href=\"https:\/\/dev.vitalstoffversand.com\/produkt\/natura-med-bio-reishi-pilzpulver-100-g\/\" target=\"_blank\" rel=\"noopener\"><span style=\"color: #0000ff;\"><u>de la poudre de champignon reishi bio Natura Med<\/u><\/span><\/a>, afin de b\u00e9n\u00e9ficier, en plus de la teneur \u00e9lev\u00e9e en polysaccharides de l&#8217;extrait, du spectre plus large des composants du champignon complet.<\/p>\n<ul>\n<li>V\u00e9gan<\/li>\n<li>Sans gluten<\/li>\n<li>Sans lactose<\/li>\n<li>Sans OGM<\/li>\n<li>Fabriqu\u00e9 selon les normes de qualit\u00e9 strictes de l&#8217;UE<\/li>\n<\/ul>\n","protected":false},"excerpt":{"rendered":"<p>Extrait hautement dos\u00e9 de Reishi (lat. Ganoderma lucidum) avec une teneur de 40% en polysaccharides. Le reishi est utilis\u00e9 depuis plus de 4000 ans \u00e0 de nombreuses fins et offre de multiples possibilit\u00e9s d&#8217;application. Les extraits de champignons ont une teneur en polysaccharides plus \u00e9lev\u00e9e que la poudre de champignons entiers, mais le processus d&#8217;extraction [&hellip;]<\/p>\n","protected":false},"featured_media":51686,"template":"","meta":{"_acf_changed":false},"product_brand":[10217],"product_cat":[373],"product_tag":[],"class_list":{"0":"post-23571","1":"product","2":"type-product","3":"status-publish","4":"has-post-thumbnail","6":"product_brand-vit4ever-fr","7":"product_cat-champignons-vitaux","9":"first","10":"instock","11":"taxable","12":"shipping-taxable","13":"purchasable","14":"product-type-simple"},"acf":[],"_links":{"self":[{"href":"https:\/\/dev.vitalstoffversand.com\/fr\/wp-json\/wp\/v2\/product\/23571","targetHints":{"allow":["GET"]}}],"collection":[{"href":"https:\/\/dev.vitalstoffversand.com\/fr\/wp-json\/wp\/v2\/product"}],"about":[{"href":"https:\/\/dev.vitalstoffversand.com\/fr\/wp-json\/wp\/v2\/types\/product"}],"wp:featuredmedia":[{"embeddable":true,"href":"https:\/\/dev.vitalstoffversand.com\/fr\/wp-json\/wp\/v2\/media\/51686"}],"wp:attachment":[{"href":"https:\/\/dev.vitalstoffversand.com\/fr\/wp-json\/wp\/v2\/media?parent=23571"}],"wp:term":[{"taxonomy":"product_brand","embeddable":true,"href":"https:\/\/dev.vitalstoffversand.com\/fr\/wp-json\/wp\/v2\/product_brand?post=23571"},{"taxonomy":"product_cat","embeddable":true,"href":"https:\/\/dev.vitalstoffversand.com\/fr\/wp-json\/wp\/v2\/product_cat?post=23571"},{"taxonomy":"product_tag","embeddable":true,"href":"https:\/\/dev.vitalstoffversand.com\/fr\/wp-json\/wp\/v2\/product_tag?post=23571"}],"curies":[{"name":"wp","href":"https:\/\/api.w.org\/{rel}","templated":true}]}}