{"id":23438,"date":"2024-11-10T13:38:48","date_gmt":"2024-11-10T12:38:48","guid":{"rendered":"https:\/\/vitalstoffversand.com\/produkt\/vit4ever-extrait-dencens-quantites-differentes\/"},"modified":"2026-03-14T16:59:12","modified_gmt":"2026-03-14T15:59:12","slug":"vit4ever-extrait-dencens-quantites-differentes","status":"publish","type":"product","link":"https:\/\/dev.vitalstoffversand.com\/fr\/produit\/vit4ever-extrait-dencens-quantites-differentes\/","title":{"rendered":"Vit4ever <br>Extrait d&#8217;encens &#8211; 365 g\u00e9lules"},"content":{"rendered":"<p>Extrait d&#8217;encens contenant 85% d&#8217;acide boswellique.<\/p>\n<p>L&#8217;encens est connu depuis des mill\u00e9naires comme plante m\u00e9dicinale, car l&#8217;acide boswellique qu&#8217;il contient favorise une enzyme anti-inflammatoire qui, \u00e0 son tour, produit des leucotri\u00e8nes qui gu\u00e9rissent les inflammations.<\/p>\n<p>L&#8217;extrait d&#8217;encens est donc tr\u00e8s appr\u00e9ci\u00e9 en cas de douleurs articulaires ou d&#8217;inflammations intestinales.<\/p>\n<ul>\n<li>V\u00e9gan<\/li>\n<li>Sans gluten<\/li>\n<li>Sans lactose<\/li>\n<li>Sans OGM<\/li>\n<li>Fabriqu\u00e9 selon les normes de qualit\u00e9 strictes de l&#8217;UE<\/li>\n<\/ul>\n","protected":false},"excerpt":{"rendered":"<p>Extrait d&#8217;encens contenant 85% d&#8217;acide boswellique. L&#8217;encens est connu depuis des mill\u00e9naires comme plante m\u00e9dicinale, car l&#8217;acide boswellique qu&#8217;il contient favorise une enzyme anti-inflammatoire qui, \u00e0 son tour, produit des leucotri\u00e8nes qui gu\u00e9rissent les inflammations. L&#8217;extrait d&#8217;encens est donc tr\u00e8s appr\u00e9ci\u00e9 en cas de douleurs articulaires ou d&#8217;inflammations intestinales. V\u00e9gan Sans gluten Sans lactose Sans [&hellip;]<\/p>\n","protected":false},"featured_media":62154,"template":"","meta":{"_acf_changed":false},"product_brand":[10217],"product_cat":[348,365],"product_tag":[],"class_list":{"0":"post-23438","1":"product","2":"type-product","3":"status-publish","4":"has-post-thumbnail","6":"product_brand-vit4ever-fr","7":"product_cat-nutriments","8":"product_cat-produits-de-a-a-z","10":"first","11":"instock","12":"taxable","13":"shipping-taxable","14":"purchasable","15":"product-type-simple"},"acf":[],"_links":{"self":[{"href":"https:\/\/dev.vitalstoffversand.com\/fr\/wp-json\/wp\/v2\/product\/23438","targetHints":{"allow":["GET"]}}],"collection":[{"href":"https:\/\/dev.vitalstoffversand.com\/fr\/wp-json\/wp\/v2\/product"}],"about":[{"href":"https:\/\/dev.vitalstoffversand.com\/fr\/wp-json\/wp\/v2\/types\/product"}],"wp:featuredmedia":[{"embeddable":true,"href":"https:\/\/dev.vitalstoffversand.com\/fr\/wp-json\/wp\/v2\/media\/62154"}],"wp:attachment":[{"href":"https:\/\/dev.vitalstoffversand.com\/fr\/wp-json\/wp\/v2\/media?parent=23438"}],"wp:term":[{"taxonomy":"product_brand","embeddable":true,"href":"https:\/\/dev.vitalstoffversand.com\/fr\/wp-json\/wp\/v2\/product_brand?post=23438"},{"taxonomy":"product_cat","embeddable":true,"href":"https:\/\/dev.vitalstoffversand.com\/fr\/wp-json\/wp\/v2\/product_cat?post=23438"},{"taxonomy":"product_tag","embeddable":true,"href":"https:\/\/dev.vitalstoffversand.com\/fr\/wp-json\/wp\/v2\/product_tag?post=23438"}],"curies":[{"name":"wp","href":"https:\/\/api.w.org\/{rel}","templated":true}]}}