{"id":23413,"date":"2024-11-09T17:31:42","date_gmt":"2024-11-09T16:31:42","guid":{"rendered":"https:\/\/vitalstoffversand.com\/produkt\/vit4ever-igname-sauvage-240-gelules\/"},"modified":"2026-03-14T16:29:07","modified_gmt":"2026-03-14T15:29:07","slug":"vit4ever-igname-sauvage-240-gelules","status":"publish","type":"product","link":"https:\/\/dev.vitalstoffversand.com\/fr\/produit\/vit4ever-igname-sauvage-240-gelules\/","title":{"rendered":"Vit4ever <br>Igname sauvage &#8211; 240 g\u00e9lules"},"content":{"rendered":"<p>L&#8217;igname sauvage contient la substance active diosg\u00e9nine, qui est tr\u00e8s similaire \u00e0 l&#8217;hormone f\u00e9minine progest\u00e9rone.<\/p>\n<p>La diosg\u00e9nine peut en outre stimuler la s\u00e9cr\u00e9tion de DHEA (d\u00e9hydro\u00e9piandrost\u00e9rone) par l&#8217;organisme.<\/p>\n<ul>\n<li>V\u00e9gan<\/li>\n<li>Sans gluten<\/li>\n<li>Sans lactose<\/li>\n<li>Sans OGM<\/li>\n<li>Fabriqu\u00e9 selon les normes de qualit\u00e9 strictes de l&#8217;UE<\/li>\n<\/ul>\n","protected":false},"excerpt":{"rendered":"<p>L&#8217;igname sauvage contient la substance active diosg\u00e9nine, qui est tr\u00e8s similaire \u00e0 l&#8217;hormone f\u00e9minine progest\u00e9rone. La diosg\u00e9nine peut en outre stimuler la s\u00e9cr\u00e9tion de DHEA (d\u00e9hydro\u00e9piandrost\u00e9rone) par l&#8217;organisme. V\u00e9gan Sans gluten Sans lactose Sans OGM Fabriqu\u00e9 selon les normes de qualit\u00e9 strictes de l&#8217;UE<\/p>\n","protected":false},"featured_media":51044,"template":"","meta":{"_acf_changed":false},"product_brand":[10217],"product_cat":[348,365],"product_tag":[],"class_list":{"0":"post-23413","1":"product","2":"type-product","3":"status-publish","4":"has-post-thumbnail","6":"product_brand-vit4ever-fr","7":"product_cat-nutriments","8":"product_cat-produits-de-a-a-z","10":"first","11":"instock","12":"taxable","13":"shipping-taxable","14":"purchasable","15":"product-type-simple"},"acf":[],"_links":{"self":[{"href":"https:\/\/dev.vitalstoffversand.com\/fr\/wp-json\/wp\/v2\/product\/23413","targetHints":{"allow":["GET"]}}],"collection":[{"href":"https:\/\/dev.vitalstoffversand.com\/fr\/wp-json\/wp\/v2\/product"}],"about":[{"href":"https:\/\/dev.vitalstoffversand.com\/fr\/wp-json\/wp\/v2\/types\/product"}],"wp:featuredmedia":[{"embeddable":true,"href":"https:\/\/dev.vitalstoffversand.com\/fr\/wp-json\/wp\/v2\/media\/51044"}],"wp:attachment":[{"href":"https:\/\/dev.vitalstoffversand.com\/fr\/wp-json\/wp\/v2\/media?parent=23413"}],"wp:term":[{"taxonomy":"product_brand","embeddable":true,"href":"https:\/\/dev.vitalstoffversand.com\/fr\/wp-json\/wp\/v2\/product_brand?post=23413"},{"taxonomy":"product_cat","embeddable":true,"href":"https:\/\/dev.vitalstoffversand.com\/fr\/wp-json\/wp\/v2\/product_cat?post=23413"},{"taxonomy":"product_tag","embeddable":true,"href":"https:\/\/dev.vitalstoffversand.com\/fr\/wp-json\/wp\/v2\/product_tag?post=23413"}],"curies":[{"name":"wp","href":"https:\/\/api.w.org\/{rel}","templated":true}]}}