{"id":22590,"date":"2024-11-08T16:05:35","date_gmt":"2024-11-08T15:05:35","guid":{"rendered":"https:\/\/vitalstoffversand.com\/produkt\/vit4ever-huile-donagre-differentes-quantites\/"},"modified":"2026-03-14T14:04:17","modified_gmt":"2026-03-14T13:04:17","slug":"vit4ever-huile-donagre-differentes-quantites","status":"publish","type":"product","link":"https:\/\/dev.vitalstoffversand.com\/fr\/produit\/vit4ever-huile-donagre-differentes-quantites\/","title":{"rendered":"Vit4ever <br>Huile d&#8217;onagre &#8211; 365 g\u00e9lules"},"content":{"rendered":"<p>Les capsules d&#8217;huile d&#8217;onagre contiennent 10 % d&#8217;acide gamma-linol\u00e9nique (GLA) ainsi que de l&#8217;acide linol\u00e9nique, un acide gras om\u00e9ga-6, d&#8217;autres acides gras insatur\u00e9s et diff\u00e9rents acides amin\u00e9s, des min\u00e9raux et de la vitamine E.<\/p>\n<p>L&#8217;huile d&#8217;onagre peut avoir un effet positif sur la peau et est volontiers utilis\u00e9e en m\u00e9decine populaire en cas de maladies de la peau et de peau s\u00e8che.<\/p>\n<ul>\n<li>Sans gluten<\/li>\n<li>Sans lactose<\/li>\n<li>Sans OGM<\/li>\n<li>Fabriqu\u00e9 selon les normes de qualit\u00e9 strictes de l&#8217;UE<\/li>\n<\/ul>\n","protected":false},"excerpt":{"rendered":"<p>Les capsules d&#8217;huile d&#8217;onagre contiennent 10 % d&#8217;acide gamma-linol\u00e9nique (GLA) ainsi que de l&#8217;acide linol\u00e9nique, un acide gras om\u00e9ga-6, d&#8217;autres acides gras insatur\u00e9s et diff\u00e9rents acides amin\u00e9s, des min\u00e9raux et de la vitamine E. L&#8217;huile d&#8217;onagre peut avoir un effet positif sur la peau et est volontiers utilis\u00e9e en m\u00e9decine populaire en cas de maladies [&hellip;]<\/p>\n","protected":false},"featured_media":61449,"template":"","meta":{"_acf_changed":false},"product_brand":[10217],"product_cat":[337,365],"product_tag":[],"class_list":{"0":"post-22590","1":"product","2":"type-product","3":"status-publish","4":"has-post-thumbnail","6":"product_brand-vit4ever-fr","7":"product_cat-acides-gras","8":"product_cat-produits-de-a-a-z","10":"first","11":"instock","12":"taxable","13":"shipping-taxable","14":"purchasable","15":"product-type-simple"},"acf":[],"_links":{"self":[{"href":"https:\/\/dev.vitalstoffversand.com\/fr\/wp-json\/wp\/v2\/product\/22590","targetHints":{"allow":["GET"]}}],"collection":[{"href":"https:\/\/dev.vitalstoffversand.com\/fr\/wp-json\/wp\/v2\/product"}],"about":[{"href":"https:\/\/dev.vitalstoffversand.com\/fr\/wp-json\/wp\/v2\/types\/product"}],"wp:featuredmedia":[{"embeddable":true,"href":"https:\/\/dev.vitalstoffversand.com\/fr\/wp-json\/wp\/v2\/media\/61449"}],"wp:attachment":[{"href":"https:\/\/dev.vitalstoffversand.com\/fr\/wp-json\/wp\/v2\/media?parent=22590"}],"wp:term":[{"taxonomy":"product_brand","embeddable":true,"href":"https:\/\/dev.vitalstoffversand.com\/fr\/wp-json\/wp\/v2\/product_brand?post=22590"},{"taxonomy":"product_cat","embeddable":true,"href":"https:\/\/dev.vitalstoffversand.com\/fr\/wp-json\/wp\/v2\/product_cat?post=22590"},{"taxonomy":"product_tag","embeddable":true,"href":"https:\/\/dev.vitalstoffversand.com\/fr\/wp-json\/wp\/v2\/product_tag?post=22590"}],"curies":[{"name":"wp","href":"https:\/\/api.w.org\/{rel}","templated":true}]}}