{"id":22551,"date":"2024-11-08T12:46:33","date_gmt":"2024-11-08T11:46:33","guid":{"rendered":"https:\/\/vitalstoffversand.com\/produkt\/vit4ever-articulation-flexit-180-gelules\/"},"modified":"2026-03-12T16:58:56","modified_gmt":"2026-03-12T15:58:56","slug":"vit4ever-articulation-flexit-180-gelules","status":"publish","type":"product","link":"https:\/\/dev.vitalstoffversand.com\/fr\/produit\/vit4ever-articulation-flexit-180-gelules\/","title":{"rendered":"Vit4ever <br>Articulation Flexit &#8211; 180 g\u00e9lules"},"content":{"rendered":"<p>Gr\u00e2ce \u00e0 sa formule hautement efficace compos\u00e9e de 9 ingr\u00e9dients, Gelenk Flexit apporte un soutien pendant le sport ou au quotidien.<\/p>\n<p>Les g\u00e9lules contiennent une combinaison de substances actives : glucosamine, extrait d&#8217;encens, chondro\u00eftine, extrait de curcuma, querc\u00e9tine, MSM, L-m\u00e9thionine, brom\u00e9la\u00efne et vitamine C naturelle.<\/p>\n<ul>\n<li>Sans gluten<\/li>\n<li>Sans lactose<\/li>\n<li>Sans OGM<\/li>\n<li>Fabriqu\u00e9 selon les normes de qualit\u00e9 strictes de l&#8217;UE<\/li>\n<\/ul>\n","protected":false},"excerpt":{"rendered":"<p>Gr\u00e2ce \u00e0 sa formule hautement efficace compos\u00e9e de 9 ingr\u00e9dients, Gelenk Flexit apporte un soutien pendant le sport ou au quotidien. Les g\u00e9lules contiennent une combinaison de substances actives : glucosamine, extrait d&#8217;encens, chondro\u00eftine, extrait de curcuma, querc\u00e9tine, MSM, L-m\u00e9thionine, brom\u00e9la\u00efne et vitamine C naturelle. Sans gluten Sans lactose Sans OGM Fabriqu\u00e9 selon les normes [&hellip;]<\/p>\n","protected":false},"featured_media":50004,"template":"","meta":{"_acf_changed":false},"product_brand":[10217],"product_cat":[348,365],"product_tag":[],"class_list":{"0":"post-22551","1":"product","2":"type-product","3":"status-publish","4":"has-post-thumbnail","6":"product_brand-vit4ever-fr","7":"product_cat-nutriments","8":"product_cat-produits-de-a-a-z","10":"first","11":"outofstock","12":"taxable","13":"shipping-taxable","14":"purchasable","15":"product-type-simple"},"acf":[],"_links":{"self":[{"href":"https:\/\/dev.vitalstoffversand.com\/fr\/wp-json\/wp\/v2\/product\/22551","targetHints":{"allow":["GET"]}}],"collection":[{"href":"https:\/\/dev.vitalstoffversand.com\/fr\/wp-json\/wp\/v2\/product"}],"about":[{"href":"https:\/\/dev.vitalstoffversand.com\/fr\/wp-json\/wp\/v2\/types\/product"}],"wp:featuredmedia":[{"embeddable":true,"href":"https:\/\/dev.vitalstoffversand.com\/fr\/wp-json\/wp\/v2\/media\/50004"}],"wp:attachment":[{"href":"https:\/\/dev.vitalstoffversand.com\/fr\/wp-json\/wp\/v2\/media?parent=22551"}],"wp:term":[{"taxonomy":"product_brand","embeddable":true,"href":"https:\/\/dev.vitalstoffversand.com\/fr\/wp-json\/wp\/v2\/product_brand?post=22551"},{"taxonomy":"product_cat","embeddable":true,"href":"https:\/\/dev.vitalstoffversand.com\/fr\/wp-json\/wp\/v2\/product_cat?post=22551"},{"taxonomy":"product_tag","embeddable":true,"href":"https:\/\/dev.vitalstoffversand.com\/fr\/wp-json\/wp\/v2\/product_tag?post=22551"}],"curies":[{"name":"wp","href":"https:\/\/api.w.org\/{rel}","templated":true}]}}