{"id":22462,"date":"2024-11-01T15:00:10","date_gmt":"2024-11-01T14:00:10","guid":{"rendered":"https:\/\/vitalstoffversand.com\/produkt\/vit4ever-msm-vitamine-c-1000-mg-365-comprimes\/"},"modified":"2026-03-12T15:37:38","modified_gmt":"2026-03-12T14:37:38","slug":"vit4ever-msm-vitamine-c-1000-mg-365-comprimes","status":"publish","type":"product","link":"https:\/\/dev.vitalstoffversand.com\/fr\/produit\/vit4ever-msm-vitamine-c-1000-mg-365-comprimes\/","title":{"rendered":"Vit4ever <br>MSM + Vitamine C 1000 mg &#8211; 365 Comprim\u00e9s"},"content":{"rendered":"<p>L&#8217;homme absorbe certes quotidiennement le soufre organique MSM par le biais de l&#8217;alimentation, mais une suppl\u00e9mentation peut s&#8217;av\u00e9rer judicieuse dans de nombreux cas.<\/p>\n<p>Chaque comprim\u00e9 de MSM Plus contient 1000 mg de poudre de m\u00e9thylsulfonylm\u00e9thane (MSM) pure \u00e0 99,9% et test\u00e9e en laboratoire, avec un facteur MESH id\u00e9al de 60-80, ainsi que 28 mg de poudre d&#8217;ac\u00e9rola avec 7 mg de vitamine C.<\/p>\n<ul>\n<li>V\u00e9gan<\/li>\n<li>Sans gluten<\/li>\n<li>Sans lactose<\/li>\n<li>Sans OGM<\/li>\n<li>Fabriqu\u00e9 selon les normes de qualit\u00e9 strictes de l&#8217;UE<\/li>\n<\/ul>\n","protected":false},"excerpt":{"rendered":"<p>L&#8217;homme absorbe certes quotidiennement le soufre organique MSM par le biais de l&#8217;alimentation, mais une suppl\u00e9mentation peut s&#8217;av\u00e9rer judicieuse dans de nombreux cas. Chaque comprim\u00e9 de MSM Plus contient 1000 mg de poudre de m\u00e9thylsulfonylm\u00e9thane (MSM) pure \u00e0 99,9% et test\u00e9e en laboratoire, avec un facteur MESH id\u00e9al de 60-80, ainsi que 28 mg de [&hellip;]<\/p>\n","protected":false},"featured_media":61288,"template":"","meta":{"_acf_changed":false},"product_brand":[10217],"product_cat":[348,365],"product_tag":[],"class_list":{"0":"post-22462","1":"product","2":"type-product","3":"status-publish","4":"has-post-thumbnail","6":"product_brand-vit4ever-fr","7":"product_cat-nutriments","8":"product_cat-produits-de-a-a-z","10":"first","11":"instock","12":"taxable","13":"shipping-taxable","14":"purchasable","15":"product-type-simple"},"acf":[],"_links":{"self":[{"href":"https:\/\/dev.vitalstoffversand.com\/fr\/wp-json\/wp\/v2\/product\/22462","targetHints":{"allow":["GET"]}}],"collection":[{"href":"https:\/\/dev.vitalstoffversand.com\/fr\/wp-json\/wp\/v2\/product"}],"about":[{"href":"https:\/\/dev.vitalstoffversand.com\/fr\/wp-json\/wp\/v2\/types\/product"}],"wp:featuredmedia":[{"embeddable":true,"href":"https:\/\/dev.vitalstoffversand.com\/fr\/wp-json\/wp\/v2\/media\/61288"}],"wp:attachment":[{"href":"https:\/\/dev.vitalstoffversand.com\/fr\/wp-json\/wp\/v2\/media?parent=22462"}],"wp:term":[{"taxonomy":"product_brand","embeddable":true,"href":"https:\/\/dev.vitalstoffversand.com\/fr\/wp-json\/wp\/v2\/product_brand?post=22462"},{"taxonomy":"product_cat","embeddable":true,"href":"https:\/\/dev.vitalstoffversand.com\/fr\/wp-json\/wp\/v2\/product_cat?post=22462"},{"taxonomy":"product_tag","embeddable":true,"href":"https:\/\/dev.vitalstoffversand.com\/fr\/wp-json\/wp\/v2\/product_tag?post=22462"}],"curies":[{"name":"wp","href":"https:\/\/api.w.org\/{rel}","templated":true}]}}