{"id":22361,"date":"2025-01-02T17:47:20","date_gmt":"2025-01-02T16:47:20","guid":{"rendered":"https:\/\/vitalstoffversand.com\/produkt\/gen-eaa-energy-mix-500-g-differentes-sortes\/"},"modified":"2026-03-12T12:33:40","modified_gmt":"2026-03-12T11:33:40","slug":"gen-eaa-energy-mix-500-g-differentes-sortes","status":"publish","type":"product","link":"https:\/\/dev.vitalstoffversand.com\/fr\/produit\/gen-eaa-energy-mix-500-g-differentes-sortes\/","title":{"rendered":"GEN <br>EAA Energy Mix &#8211; 500 g &#8211; diff\u00e9rentes vari\u00e9t\u00e9s"},"content":{"rendered":"<p>EAA Energy Mix est un booster d&#8217;un genre particulier.<\/p>\n<p>En plus des 9 acides amin\u00e9s essentiels, le booster contient \u00e9galement de la caf\u00e9ine, de la taurine, de l&#8217;extrait de guarana et de la vitamine B6, afin de vous apporter un soutien complet en mati\u00e8re d&#8217;apport nutritionnel aux muscles, de r\u00e9g\u00e9n\u00e9ration musculaire, mais aussi d&#8217;\u00e9nergie et de concentration.<\/p>\n<p>Disponible en 8 saveurs d\u00e9licieuses.<\/p>\n<ul>\n<li>V\u00e9gan<\/li>\n<li>Sans gluten<\/li>\n<li>Sans lactose<\/li>\n<li>Sans OGM<\/li>\n<li>Fabriqu\u00e9 selon les normes de qualit\u00e9 strictes de l&#8217;UE<\/li>\n<\/ul>\n","protected":false},"excerpt":{"rendered":"<p>EAA Energy Mix est un booster d&#8217;un genre particulier. En plus des 9 acides amin\u00e9s essentiels, le booster contient \u00e9galement de la caf\u00e9ine, de la taurine, de l&#8217;extrait de guarana et de la vitamine B6, afin de vous apporter un soutien complet en mati\u00e8re d&#8217;apport nutritionnel aux muscles, de r\u00e9g\u00e9n\u00e9ration musculaire, mais aussi d&#8217;\u00e9nergie et [&hellip;]<\/p>\n","protected":false},"featured_media":47252,"template":"","meta":{"_acf_changed":false},"product_brand":[10197],"product_cat":[332,365,353],"product_tag":[],"class_list":{"0":"post-22361","1":"product","2":"type-product","3":"status-publish","4":"has-post-thumbnail","6":"product_brand-gen-german-elite-nutrition-fr","7":"product_cat-acides-amines","8":"product_cat-produits-de-a-a-z","9":"product_cat-supplements-sportifs","11":"first","12":"instock","13":"taxable","14":"shipping-taxable","15":"purchasable","16":"product-type-variable"},"acf":[],"_links":{"self":[{"href":"https:\/\/dev.vitalstoffversand.com\/fr\/wp-json\/wp\/v2\/product\/22361","targetHints":{"allow":["GET"]}}],"collection":[{"href":"https:\/\/dev.vitalstoffversand.com\/fr\/wp-json\/wp\/v2\/product"}],"about":[{"href":"https:\/\/dev.vitalstoffversand.com\/fr\/wp-json\/wp\/v2\/types\/product"}],"wp:featuredmedia":[{"embeddable":true,"href":"https:\/\/dev.vitalstoffversand.com\/fr\/wp-json\/wp\/v2\/media\/47252"}],"wp:attachment":[{"href":"https:\/\/dev.vitalstoffversand.com\/fr\/wp-json\/wp\/v2\/media?parent=22361"}],"wp:term":[{"taxonomy":"product_brand","embeddable":true,"href":"https:\/\/dev.vitalstoffversand.com\/fr\/wp-json\/wp\/v2\/product_brand?post=22361"},{"taxonomy":"product_cat","embeddable":true,"href":"https:\/\/dev.vitalstoffversand.com\/fr\/wp-json\/wp\/v2\/product_cat?post=22361"},{"taxonomy":"product_tag","embeddable":true,"href":"https:\/\/dev.vitalstoffversand.com\/fr\/wp-json\/wp\/v2\/product_tag?post=22361"}],"curies":[{"name":"wp","href":"https:\/\/api.w.org\/{rel}","templated":true}]}}