{"id":22247,"date":"2024-12-19T16:45:03","date_gmt":"2024-12-19T15:45:03","guid":{"rendered":"https:\/\/vitalstoffversand.com\/produkt\/gen-clearpea-vegan-clear-protein-454-g-differentes-sortes\/"},"modified":"2026-03-12T11:47:10","modified_gmt":"2026-03-12T10:47:10","slug":"gen-clearpea-vegan-clear-protein-454-g-differentes-sortes","status":"publish","type":"product","link":"https:\/\/dev.vitalstoffversand.com\/fr\/produit\/gen-clearpea-vegan-clear-protein-454-g-differentes-sortes\/","title":{"rendered":"GEN <br>ClearPea\u00ae &#8211; Vegan Clear Protein &#8211; 454 g &#8211; diff\u00e9rentes vari\u00e9t\u00e9s"},"content":{"rendered":"<p>Vegan Clear Pea Protein est compos\u00e9 de prot\u00e9ines de pois hydrolys\u00e9es, enrichies en L-leucine, L-isoleucine et L-valine ainsi qu&#8217;en autres acides amin\u00e9s pour obtenir un profil d&#8217;acides amin\u00e9s de haute qualit\u00e9.<\/p>\n<p>Disponible en 6 go\u00fbts d\u00e9licieux, pauvre en calories et sans sucre.<\/p>\n<ul>\n<li>V\u00e9gan<\/li>\n<li>Sans gluten<\/li>\n<li>Sans lactose<\/li>\n<li>Sans OGM<\/li>\n<li>Fabriqu\u00e9 selon les normes de qualit\u00e9 strictes de l&#8217;UE<\/li>\n<\/ul>\n","protected":false},"excerpt":{"rendered":"<p>Vegan Clear Pea Protein est compos\u00e9 de prot\u00e9ines de pois hydrolys\u00e9es, enrichies en L-leucine, L-isoleucine et L-valine ainsi qu&#8217;en autres acides amin\u00e9s pour obtenir un profil d&#8217;acides amin\u00e9s de haute qualit\u00e9. Disponible en 6 go\u00fbts d\u00e9licieux, pauvre en calories et sans sucre. V\u00e9gan Sans gluten Sans lactose Sans OGM Fabriqu\u00e9 selon les normes de qualit\u00e9 [&hellip;]<\/p>\n","protected":false},"featured_media":46804,"template":"","meta":{"_acf_changed":false},"product_brand":[10197],"product_cat":[345,365],"product_tag":[],"class_list":{"0":"post-22247","1":"product","2":"type-product","3":"status-publish","4":"has-post-thumbnail","6":"product_brand-gen-german-elite-nutrition-fr","7":"product_cat-proteines","8":"product_cat-produits-de-a-a-z","10":"first","11":"instock","12":"taxable","13":"shipping-taxable","14":"purchasable","15":"product-type-variable"},"acf":[],"_links":{"self":[{"href":"https:\/\/dev.vitalstoffversand.com\/fr\/wp-json\/wp\/v2\/product\/22247","targetHints":{"allow":["GET"]}}],"collection":[{"href":"https:\/\/dev.vitalstoffversand.com\/fr\/wp-json\/wp\/v2\/product"}],"about":[{"href":"https:\/\/dev.vitalstoffversand.com\/fr\/wp-json\/wp\/v2\/types\/product"}],"wp:featuredmedia":[{"embeddable":true,"href":"https:\/\/dev.vitalstoffversand.com\/fr\/wp-json\/wp\/v2\/media\/46804"}],"wp:attachment":[{"href":"https:\/\/dev.vitalstoffversand.com\/fr\/wp-json\/wp\/v2\/media?parent=22247"}],"wp:term":[{"taxonomy":"product_brand","embeddable":true,"href":"https:\/\/dev.vitalstoffversand.com\/fr\/wp-json\/wp\/v2\/product_brand?post=22247"},{"taxonomy":"product_cat","embeddable":true,"href":"https:\/\/dev.vitalstoffversand.com\/fr\/wp-json\/wp\/v2\/product_cat?post=22247"},{"taxonomy":"product_tag","embeddable":true,"href":"https:\/\/dev.vitalstoffversand.com\/fr\/wp-json\/wp\/v2\/product_tag?post=22247"}],"curies":[{"name":"wp","href":"https:\/\/api.w.org\/{rel}","templated":true}]}}