{"id":22228,"date":"2024-11-14T17:23:36","date_gmt":"2024-11-14T16:23:36","guid":{"rendered":"https:\/\/vitalstoffversand.com\/produkt\/gen-joint-max-180-capsules\/"},"modified":"2026-03-12T12:39:19","modified_gmt":"2026-03-12T11:39:19","slug":"gen-joint-max-180-capsules","status":"publish","type":"product","link":"https:\/\/dev.vitalstoffversand.com\/fr\/produit\/gen-joint-max-180-capsules\/","title":{"rendered":"GEN <br>Bone Force &#8211; 180 g\u00e9lules"},"content":{"rendered":"<p>Avec Bone Force, le successeur am\u00e9lior\u00e9 de GEN Joint Max, vous b\u00e9n\u00e9ficiez d&#8217;une formule hautement dos\u00e9e compos\u00e9e de 12 ingr\u00e9dients qui contribuent \u00e0 l&#8217;apport nutritionnel des articulations.<\/p>\n<p>Ici, des composants articulaires classiques ont \u00e9t\u00e9 associ\u00e9s \u00e0 des extraits v\u00e9g\u00e9taux s\u00e9lectionn\u00e9s et \u00e0 des micronutriments fonctionnels.<\/p>\n<ul>\n<li>Sans gluten<\/li>\n<li>Sans lactose<\/li>\n<li>Sans OGM<\/li>\n<li>Fabriqu\u00e9 selon les normes de qualit\u00e9 strictes de l&#8217;UE<\/li>\n<\/ul>\n","protected":false},"excerpt":{"rendered":"<p>Avec Bone Force, le successeur am\u00e9lior\u00e9 de GEN Joint Max, vous b\u00e9n\u00e9ficiez d&#8217;une formule hautement dos\u00e9e compos\u00e9e de 12 ingr\u00e9dients qui contribuent \u00e0 l&#8217;apport nutritionnel des articulations. Ici, des composants articulaires classiques ont \u00e9t\u00e9 associ\u00e9s \u00e0 des extraits v\u00e9g\u00e9taux s\u00e9lectionn\u00e9s et \u00e0 des micronutriments fonctionnels. Sans gluten Sans lactose Sans OGM Fabriqu\u00e9 selon les normes [&hellip;]<\/p>\n","protected":false},"featured_media":62163,"template":"","meta":{"_acf_changed":false},"product_brand":[10197],"product_cat":[348,365],"product_tag":[],"class_list":{"0":"post-22228","1":"product","2":"type-product","3":"status-publish","4":"has-post-thumbnail","6":"product_brand-gen-german-elite-nutrition-fr","7":"product_cat-nutriments","8":"product_cat-produits-de-a-a-z","10":"first","11":"instock","12":"taxable","13":"shipping-taxable","14":"purchasable","15":"product-type-simple"},"acf":[],"_links":{"self":[{"href":"https:\/\/dev.vitalstoffversand.com\/fr\/wp-json\/wp\/v2\/product\/22228","targetHints":{"allow":["GET"]}}],"collection":[{"href":"https:\/\/dev.vitalstoffversand.com\/fr\/wp-json\/wp\/v2\/product"}],"about":[{"href":"https:\/\/dev.vitalstoffversand.com\/fr\/wp-json\/wp\/v2\/types\/product"}],"wp:featuredmedia":[{"embeddable":true,"href":"https:\/\/dev.vitalstoffversand.com\/fr\/wp-json\/wp\/v2\/media\/62163"}],"wp:attachment":[{"href":"https:\/\/dev.vitalstoffversand.com\/fr\/wp-json\/wp\/v2\/media?parent=22228"}],"wp:term":[{"taxonomy":"product_brand","embeddable":true,"href":"https:\/\/dev.vitalstoffversand.com\/fr\/wp-json\/wp\/v2\/product_brand?post=22228"},{"taxonomy":"product_cat","embeddable":true,"href":"https:\/\/dev.vitalstoffversand.com\/fr\/wp-json\/wp\/v2\/product_cat?post=22228"},{"taxonomy":"product_tag","embeddable":true,"href":"https:\/\/dev.vitalstoffversand.com\/fr\/wp-json\/wp\/v2\/product_tag?post=22228"}],"curies":[{"name":"wp","href":"https:\/\/api.w.org\/{rel}","templated":true}]}}