{"id":22221,"date":"2024-11-12T14:39:14","date_gmt":"2024-11-12T13:39:14","guid":{"rendered":"https:\/\/vitalstoffversand.com\/produkt\/gen-clen-burnrexin-180-gelules\/"},"modified":"2026-03-12T12:26:57","modified_gmt":"2026-03-12T11:26:57","slug":"gen-clen-burnrexin-180-gelules","status":"publish","type":"product","link":"https:\/\/dev.vitalstoffversand.com\/fr\/produit\/gen-clen-burnrexin-180-gelules\/","title":{"rendered":"GEN <br>Clen Burnrexin &#8211; 180 g\u00e9lules"},"content":{"rendered":"<p>La clenburnrexine a \u00e9t\u00e9 sp\u00e9cialement d\u00e9velopp\u00e9e pour les personnes actives et se compose d&#8217;un m\u00e9lange unique d&#8217;extraits de plantes de haute qualit\u00e9.<\/p>\n<p>12 ingr\u00e9dients actifs, compos\u00e9s d&#8217;extraits de plantes et d&#8217;acides amin\u00e9s, te fournissent l&#8217;\u00e9nergie n\u00e9cessaire pour ma\u00eetriser ton quotidien.<\/p>\n<ul>\n<li>Sans gluten<\/li>\n<li>Sans lactose<\/li>\n<li>Sans OGM<\/li>\n<li>Fabriqu\u00e9 selon les normes de qualit\u00e9 strictes de l&#8217;UE<\/li>\n<\/ul>\n","protected":false},"excerpt":{"rendered":"<p>La clenburnrexine a \u00e9t\u00e9 sp\u00e9cialement d\u00e9velopp\u00e9e pour les personnes actives et se compose d&#8217;un m\u00e9lange unique d&#8217;extraits de plantes de haute qualit\u00e9. 12 ingr\u00e9dients actifs, compos\u00e9s d&#8217;extraits de plantes et d&#8217;acides amin\u00e9s, te fournissent l&#8217;\u00e9nergie n\u00e9cessaire pour ma\u00eetriser ton quotidien. Sans gluten Sans lactose Sans OGM Fabriqu\u00e9 selon les normes de qualit\u00e9 strictes de l&#8217;UE<\/p>\n","protected":false},"featured_media":46556,"template":"","meta":{"_acf_changed":false},"product_brand":[10197],"product_cat":[353,365],"product_tag":[],"class_list":{"0":"post-22221","1":"product","2":"type-product","3":"status-publish","4":"has-post-thumbnail","6":"product_brand-gen-german-elite-nutrition-fr","7":"product_cat-supplements-sportifs","8":"product_cat-produits-de-a-a-z","10":"first","11":"outofstock","12":"taxable","13":"shipping-taxable","14":"purchasable","15":"product-type-simple"},"acf":[],"_links":{"self":[{"href":"https:\/\/dev.vitalstoffversand.com\/fr\/wp-json\/wp\/v2\/product\/22221","targetHints":{"allow":["GET"]}}],"collection":[{"href":"https:\/\/dev.vitalstoffversand.com\/fr\/wp-json\/wp\/v2\/product"}],"about":[{"href":"https:\/\/dev.vitalstoffversand.com\/fr\/wp-json\/wp\/v2\/types\/product"}],"wp:featuredmedia":[{"embeddable":true,"href":"https:\/\/dev.vitalstoffversand.com\/fr\/wp-json\/wp\/v2\/media\/46556"}],"wp:attachment":[{"href":"https:\/\/dev.vitalstoffversand.com\/fr\/wp-json\/wp\/v2\/media?parent=22221"}],"wp:term":[{"taxonomy":"product_brand","embeddable":true,"href":"https:\/\/dev.vitalstoffversand.com\/fr\/wp-json\/wp\/v2\/product_brand?post=22221"},{"taxonomy":"product_cat","embeddable":true,"href":"https:\/\/dev.vitalstoffversand.com\/fr\/wp-json\/wp\/v2\/product_cat?post=22221"},{"taxonomy":"product_tag","embeddable":true,"href":"https:\/\/dev.vitalstoffversand.com\/fr\/wp-json\/wp\/v2\/product_tag?post=22221"}],"curies":[{"name":"wp","href":"https:\/\/api.w.org\/{rel}","templated":true}]}}