{"id":21764,"date":"2024-11-12T13:14:08","date_gmt":"2024-11-12T12:14:08","guid":{"rendered":"https:\/\/vitalstoffversand.com\/produkt\/gen-bcaa-211-450-g-differentes-varietes\/"},"modified":"2026-04-02T18:13:51","modified_gmt":"2026-04-02T16:13:51","slug":"gen-bcaa-211-450-g-differentes-varietes","status":"publish","type":"product","link":"https:\/\/dev.vitalstoffversand.com\/fr\/produit\/gen-bcaa-211-450-g-differentes-varietes\/","title":{"rendered":"GEN <br>BCAA 2:1:1 &#8211; 450 g"},"content":{"rendered":"<p>BCAA dans un rapport parfait 2:1:1 des acides amin\u00e9s leucine, isoleucine et valine.<\/p>\n<p>Pour soutenir le processus de r\u00e9g\u00e9n\u00e9ration de mani\u00e8re synergique, les BCAA sont compl\u00e9t\u00e9s par de la L-glutamine et de la L-taurine.<\/p>\n<ul>\n<li>V\u00e9gan<\/li>\n<li>Sans gluten<\/li>\n<li>Sans lactose<\/li>\n<li>Sans OGM<\/li>\n<li>Fabriqu\u00e9 selon les normes de qualit\u00e9 strictes de l&#8217;UE<\/li>\n<\/ul>\n","protected":false},"excerpt":{"rendered":"<p>BCAA dans un rapport parfait 2:1:1 des acides amin\u00e9s leucine, isoleucine et valine. Pour soutenir le processus de r\u00e9g\u00e9n\u00e9ration de mani\u00e8re synergique, les BCAA sont compl\u00e9t\u00e9s par de la L-glutamine et de la L-taurine. V\u00e9gan Sans gluten Sans lactose Sans OGM Fabriqu\u00e9 selon les normes de qualit\u00e9 strictes de l&#8217;UE<\/p>\n","protected":false},"featured_media":46324,"template":"","meta":{"_acf_changed":false},"product_brand":[10197],"product_cat":[332,365],"product_tag":[],"class_list":{"0":"post-21764","1":"product","2":"type-product","3":"status-publish","4":"has-post-thumbnail","6":"product_brand-gen-german-elite-nutrition-fr","7":"product_cat-acides-amines","8":"product_cat-produits-de-a-a-z","10":"first","11":"instock","12":"taxable","13":"shipping-taxable","14":"purchasable","15":"product-type-variable"},"acf":[],"_links":{"self":[{"href":"https:\/\/dev.vitalstoffversand.com\/fr\/wp-json\/wp\/v2\/product\/21764","targetHints":{"allow":["GET"]}}],"collection":[{"href":"https:\/\/dev.vitalstoffversand.com\/fr\/wp-json\/wp\/v2\/product"}],"about":[{"href":"https:\/\/dev.vitalstoffversand.com\/fr\/wp-json\/wp\/v2\/types\/product"}],"wp:featuredmedia":[{"embeddable":true,"href":"https:\/\/dev.vitalstoffversand.com\/fr\/wp-json\/wp\/v2\/media\/46324"}],"wp:attachment":[{"href":"https:\/\/dev.vitalstoffversand.com\/fr\/wp-json\/wp\/v2\/media?parent=21764"}],"wp:term":[{"taxonomy":"product_brand","embeddable":true,"href":"https:\/\/dev.vitalstoffversand.com\/fr\/wp-json\/wp\/v2\/product_brand?post=21764"},{"taxonomy":"product_cat","embeddable":true,"href":"https:\/\/dev.vitalstoffversand.com\/fr\/wp-json\/wp\/v2\/product_cat?post=21764"},{"taxonomy":"product_tag","embeddable":true,"href":"https:\/\/dev.vitalstoffversand.com\/fr\/wp-json\/wp\/v2\/product_tag?post=21764"}],"curies":[{"name":"wp","href":"https:\/\/api.w.org\/{rel}","templated":true}]}}