{"id":21643,"date":"2024-11-12T12:55:51","date_gmt":"2024-11-12T11:55:51","guid":{"rendered":"https:\/\/vitalstoffversand.com\/produkt\/gen-clear-whey-protein-900-g-differentes-varietes\/"},"modified":"2026-03-30T15:03:18","modified_gmt":"2026-03-30T13:03:18","slug":"gen-clear-whey-protein-900-g-differentes-varietes","status":"publish","type":"product","link":"https:\/\/dev.vitalstoffversand.com\/fr\/produit\/gen-clear-whey-protein-900-g-differentes-varietes\/","title":{"rendered":"GEN <br>Clear Whey Protein &#8211; 900 g &#8211; diff\u00e9rentes vari\u00e9t\u00e9s"},"content":{"rendered":"<p>L&#8217;isolat de prot\u00e9ines Clear Whey est obtenu \u00e0 partir de lactos\u00e9rum et pr\u00e9sente un taux d&#8217;absorption tr\u00e8s \u00e9lev\u00e9 ainsi qu&#8217;une haute valeur biologique.<\/p>\n<p>L&#8217;isolat de prot\u00e9ine de lactos\u00e9rum contient plus de 46% d&#8217;acides amin\u00e9s essentiels (EAA), y compris 16% de BCAA et d&#8217;acides amin\u00e9s semi-essentiels, pour une teneur totale en prot\u00e9ines de plus de 80%. <\/p>\n<p>La prot\u00e9ine de lactos\u00e9rum GEN Clear est disponible dans de nombreuses saveurs et ne contient pratiquement pas de sucre, de graisse ou d&#8217;autres glucides.<\/p>\n<ul>\n<li>Fabriqu\u00e9 selon les normes de qualit\u00e9 strictes de l&#8217;UE<\/li>\n<\/ul>\n","protected":false},"excerpt":{"rendered":"<p>L&#8217;isolat de prot\u00e9ines Clear Whey est obtenu \u00e0 partir de lactos\u00e9rum et pr\u00e9sente un taux d&#8217;absorption tr\u00e8s \u00e9lev\u00e9 ainsi qu&#8217;une haute valeur biologique. L&#8217;isolat de prot\u00e9ine de lactos\u00e9rum contient plus de 46% d&#8217;acides amin\u00e9s essentiels (EAA), y compris 16% de BCAA et d&#8217;acides amin\u00e9s semi-essentiels, pour une teneur totale en prot\u00e9ines de plus de 80%. [&hellip;]<\/p>\n","protected":false},"featured_media":45715,"template":"","meta":{"_acf_changed":false},"product_brand":[10197],"product_cat":[345,365],"product_tag":[],"class_list":{"0":"post-21643","1":"product","2":"type-product","3":"status-publish","4":"has-post-thumbnail","6":"product_brand-gen-german-elite-nutrition-fr","7":"product_cat-proteines","8":"product_cat-produits-de-a-a-z","10":"first","11":"instock","12":"taxable","13":"shipping-taxable","14":"purchasable","15":"product-type-variable"},"acf":[],"_links":{"self":[{"href":"https:\/\/dev.vitalstoffversand.com\/fr\/wp-json\/wp\/v2\/product\/21643","targetHints":{"allow":["GET"]}}],"collection":[{"href":"https:\/\/dev.vitalstoffversand.com\/fr\/wp-json\/wp\/v2\/product"}],"about":[{"href":"https:\/\/dev.vitalstoffversand.com\/fr\/wp-json\/wp\/v2\/types\/product"}],"wp:featuredmedia":[{"embeddable":true,"href":"https:\/\/dev.vitalstoffversand.com\/fr\/wp-json\/wp\/v2\/media\/45715"}],"wp:attachment":[{"href":"https:\/\/dev.vitalstoffversand.com\/fr\/wp-json\/wp\/v2\/media?parent=21643"}],"wp:term":[{"taxonomy":"product_brand","embeddable":true,"href":"https:\/\/dev.vitalstoffversand.com\/fr\/wp-json\/wp\/v2\/product_brand?post=21643"},{"taxonomy":"product_cat","embeddable":true,"href":"https:\/\/dev.vitalstoffversand.com\/fr\/wp-json\/wp\/v2\/product_cat?post=21643"},{"taxonomy":"product_tag","embeddable":true,"href":"https:\/\/dev.vitalstoffversand.com\/fr\/wp-json\/wp\/v2\/product_tag?post=21643"}],"curies":[{"name":"wp","href":"https:\/\/api.w.org\/{rel}","templated":true}]}}