{"id":21321,"date":"2024-11-12T12:18:13","date_gmt":"2024-11-12T11:18:13","guid":{"rendered":"https:\/\/vitalstoffversand.com\/produkt\/gen-creatine-ultra-caps-quantites-differentes\/"},"modified":"2026-03-11T14:53:41","modified_gmt":"2026-03-11T13:53:41","slug":"gen-creatine-ultra-caps-quantites-differentes","status":"publish","type":"product","link":"https:\/\/dev.vitalstoffversand.com\/fr\/produit\/gen-creatine-ultra-caps-quantites-differentes\/","title":{"rendered":"GEN <br>Creatine Ultra Caps &#8211; 420 g\u00e9lules"},"content":{"rendered":"<p>Il n&#8217;y a gu\u00e8re de sportifs qui ne connaissent pas <a href=\"https:\/\/dev.vitalstoffversand.com\/knowledge-base\/creatin-kreatin\/\" target=\"_blank\" rel=\"noopener\"><span style=\"color: #0000ff;\"><strong>\u2192 la cr\u00e9atine<\/strong><\/span><\/a>, car elle fait partie des compl\u00e9ments alimentaires les plus connus et les plus souvent consomm\u00e9s dans le sport.<\/p>\n<p>Les capsules de cr\u00e9atine Ultra Caps sont tr\u00e8s fortement dos\u00e9es, avec une teneur en substance active de 1250 mg par capsule.<\/p>\n<ul>\n<li>Sans gluten<\/li>\n<li>Sans lactose<\/li>\n<li>Sans OGM<\/li>\n<li>Fabriqu\u00e9 selon les normes de qualit\u00e9 strictes de l&#8217;UE<\/li>\n<\/ul>\n","protected":false},"excerpt":{"rendered":"<p>Il n&#8217;y a gu\u00e8re de sportifs qui ne connaissent pas \u2192 la cr\u00e9atine, car elle fait partie des compl\u00e9ments alimentaires les plus connus et les plus souvent consomm\u00e9s dans le sport. Les capsules de cr\u00e9atine Ultra Caps sont tr\u00e8s fortement dos\u00e9es, avec une teneur en substance active de 1250 mg par capsule. Sans gluten Sans [&hellip;]<\/p>\n","protected":false},"featured_media":44907,"template":"","meta":{"_acf_changed":false},"product_brand":[10197],"product_cat":[348,365],"product_tag":[],"class_list":{"0":"post-21321","1":"product","2":"type-product","3":"status-publish","4":"has-post-thumbnail","6":"product_brand-gen-german-elite-nutrition-fr","7":"product_cat-nutriments","8":"product_cat-produits-de-a-a-z","10":"first","11":"instock","12":"taxable","13":"shipping-taxable","14":"purchasable","15":"product-type-simple"},"acf":[],"_links":{"self":[{"href":"https:\/\/dev.vitalstoffversand.com\/fr\/wp-json\/wp\/v2\/product\/21321","targetHints":{"allow":["GET"]}}],"collection":[{"href":"https:\/\/dev.vitalstoffversand.com\/fr\/wp-json\/wp\/v2\/product"}],"about":[{"href":"https:\/\/dev.vitalstoffversand.com\/fr\/wp-json\/wp\/v2\/types\/product"}],"wp:featuredmedia":[{"embeddable":true,"href":"https:\/\/dev.vitalstoffversand.com\/fr\/wp-json\/wp\/v2\/media\/44907"}],"wp:attachment":[{"href":"https:\/\/dev.vitalstoffversand.com\/fr\/wp-json\/wp\/v2\/media?parent=21321"}],"wp:term":[{"taxonomy":"product_brand","embeddable":true,"href":"https:\/\/dev.vitalstoffversand.com\/fr\/wp-json\/wp\/v2\/product_brand?post=21321"},{"taxonomy":"product_cat","embeddable":true,"href":"https:\/\/dev.vitalstoffversand.com\/fr\/wp-json\/wp\/v2\/product_cat?post=21321"},{"taxonomy":"product_tag","embeddable":true,"href":"https:\/\/dev.vitalstoffversand.com\/fr\/wp-json\/wp\/v2\/product_tag?post=21321"}],"curies":[{"name":"wp","href":"https:\/\/api.w.org\/{rel}","templated":true}]}}