{"id":21310,"date":"2024-11-12T12:16:50","date_gmt":"2024-11-12T11:16:50","guid":{"rendered":"https:\/\/vitalstoffversand.com\/produkt\/gen-beta-alanine-500-g\/"},"modified":"2026-03-11T14:52:01","modified_gmt":"2026-03-11T13:52:01","slug":"gen-beta-alanine-500-g","status":"publish","type":"product","link":"https:\/\/dev.vitalstoffversand.com\/fr\/produit\/gen-beta-alanine-500-g\/","title":{"rendered":"GEN <br>B\u00eata-alanine &#8211; 500 g"},"content":{"rendered":"<p>La b\u00eata-alanine est un acide amin\u00e9 non essentiel que notre corps peut \u00e9galement produire lui-m\u00eame.<\/p>\n<p>Avec l&#8217;aide de la L-histidine, le corps transforme la b\u00eata-alanine en carnosine, qui est importante pour notre \u00e9quilibre acido-basique.<\/p>\n<p>La suppl\u00e9mentation en b\u00eata-alanine peut donc augmenter les r\u00e9serves de carnosine et, dans certaines circonstances, mieux pr\u00e9venir l&#8217;acidose, en particulier chez les sportifs.<\/p>\n<ul>\n<li>V\u00e9gan<\/li>\n<li>Sans gluten<\/li>\n<li>Sans lactose<\/li>\n<li>Sans OGM<\/li>\n<li>Fabriqu\u00e9 selon les normes de qualit\u00e9 strictes de l&#8217;UE<\/li>\n<\/ul>\n","protected":false},"excerpt":{"rendered":"<p>La b\u00eata-alanine est un acide amin\u00e9 non essentiel que notre corps peut \u00e9galement produire lui-m\u00eame. Avec l&#8217;aide de la L-histidine, le corps transforme la b\u00eata-alanine en carnosine, qui est importante pour notre \u00e9quilibre acido-basique. La suppl\u00e9mentation en b\u00eata-alanine peut donc augmenter les r\u00e9serves de carnosine et, dans certaines circonstances, mieux pr\u00e9venir l&#8217;acidose, en particulier chez [&hellip;]<\/p>\n","protected":false},"featured_media":44867,"template":"","meta":{"_acf_changed":false},"product_brand":[10197],"product_cat":[332,365],"product_tag":[],"class_list":{"0":"post-21310","1":"product","2":"type-product","3":"status-publish","4":"has-post-thumbnail","6":"product_brand-gen-german-elite-nutrition-fr","7":"product_cat-acides-amines","8":"product_cat-produits-de-a-a-z","10":"first","11":"instock","12":"taxable","13":"shipping-taxable","14":"purchasable","15":"product-type-simple"},"acf":[],"_links":{"self":[{"href":"https:\/\/dev.vitalstoffversand.com\/fr\/wp-json\/wp\/v2\/product\/21310","targetHints":{"allow":["GET"]}}],"collection":[{"href":"https:\/\/dev.vitalstoffversand.com\/fr\/wp-json\/wp\/v2\/product"}],"about":[{"href":"https:\/\/dev.vitalstoffversand.com\/fr\/wp-json\/wp\/v2\/types\/product"}],"wp:featuredmedia":[{"embeddable":true,"href":"https:\/\/dev.vitalstoffversand.com\/fr\/wp-json\/wp\/v2\/media\/44867"}],"wp:attachment":[{"href":"https:\/\/dev.vitalstoffversand.com\/fr\/wp-json\/wp\/v2\/media?parent=21310"}],"wp:term":[{"taxonomy":"product_brand","embeddable":true,"href":"https:\/\/dev.vitalstoffversand.com\/fr\/wp-json\/wp\/v2\/product_brand?post=21310"},{"taxonomy":"product_cat","embeddable":true,"href":"https:\/\/dev.vitalstoffversand.com\/fr\/wp-json\/wp\/v2\/product_cat?post=21310"},{"taxonomy":"product_tag","embeddable":true,"href":"https:\/\/dev.vitalstoffversand.com\/fr\/wp-json\/wp\/v2\/product_tag?post=21310"}],"curies":[{"name":"wp","href":"https:\/\/api.w.org\/{rel}","templated":true}]}}